{"id":1751,"date":"2025-10-04T12:52:18","date_gmt":"2025-10-04T10:52:18","guid":{"rendered":"https:\/\/kamenicky.art\/?post_type=product&#038;p=1751"},"modified":"2025-11-26T16:52:28","modified_gmt":"2025-11-26T15:52:28","slug":"tvare-zlato-krv-ohen-a-popol","status":"publish","type":"product","link":"https:\/\/kamenicky.art\/zh\/product\/tvare-zlato-krv-ohen-a-popol\/","title":{"rendered":"\u9762\u5b54\u3001\u9ec4\u91d1\u3001\u9c9c\u8840\u3001\u706b\u7130\u4e0e\u7070\u70ec (\"FACES, GOLD, BLOOD, FIRE AND ASH\")"},"content":{"rendered":"<p class=\"translation-block\">\u300aFaces, Gold, Blood, Fire and Ash\u300b\u662f\u4e00\u5e45\u8868\u73b0\u4e3b\u4e49\u62bd\u8c61\u753b\uff0c\u8fd0\u7528\u5f3a\u70c8\u7684\u8272\u5f69\u8c61\u5f81\u548c\u5c42\u53e0\u8d28\u611f\u3002\u6784\u56fe\u5448\u73b0\u51fa\u7c7b\u4f3c\u4eba\u8138\u7684\u788e\u7247\u2014\u2014\u6709\u4e9b\u6e05\u6670\u53ef\u8fa8\uff0c\u6709\u4e9b\u4ec5\u7565\u4f5c\u6697\u793a\u2014\u2014\u4eff\u4f5b\u4ece\u5bc6\u96c6\u7684\u8272\u5f69\u7ec7\u4f53\u4e2d\u6d6e\u73b0\u51fa\u6765\u3002\u4e3b\u5bfc\u7684\u7ea2\u8272\u3001\u91d1\u8272\u548c\u9ed1\u8272\u8c03\u5524\u8d77\u539f\u59cb\u529b\u91cf\uff1a\u8840\u8c61\u5f81\u751f\u547d\u4e0e\u727a\u7272\uff0c\u706b\u8c61\u5f81\u51c0\u5316\u4e0e\u6bc1\u706d\uff0c\u7070\u8c61\u5f81\u77ed\u6682\u540e\u7684\u6b8b\u7559\u3002\n\n\u4f5c\u54c1\u5728\u5177\u8c61\u4e0e\u62bd\u8c61\u4e4b\u95f4\u4fdd\u6301\u5e73\u8861\uff0c\u4f7f\u89c2\u8005\u5728\u5177\u4f53\u4e0e\u666e\u904d\u4e4b\u95f4\u5f98\u5f8a\u3002\u4e00\u5f20\u7531\u7ec6\u7ebf\u6784\u6210\u3001\u8fd1\u4f3c\u5730\u56fe\u7684\u7f51\u7edc\uff0c\u4eff\u4f5b\u4e00\u5f20\u5185\u5728\u5730\u56fe\u2014\u2014\u5c06\u4e2a\u4f53\u6545\u4e8b\u4e0e\u96c6\u4f53\u8bb0\u5fc6\u8fde\u63a5\u8d77\u6765\u3002\n\n\u5361\u6885\u5c3c\u8328\u57fa\u63a2\u7d22\u7f8e\u4e0e\u66b4\u529b\u4e4b\u95f4\u7684\u5f20\u529b\uff0c\u91d1\u8272\u7684\u9ad8\u8d35\u4e0e\u71c3\u70e7\u7269\u8d28\u7684\u9ed1\u6697\u4e4b\u95f4\u7684\u5bf9\u6bd4\u3002\u6700\u7ec8\u5f62\u6210\u4e86\u4e00\u4e2a\u65e2\u620f\u5267\u6027\u53c8\u5bcc\u4e8e\u6c89\u601d\u7684\u89c6\u89c9\u7a7a\u95f4\u2014\u2014\u9080\u8bf7\u89c2\u8005\u53cd\u601d\u4eba\u7c7b\u7684\u8106\u5f31\u4e0e\u529b\u91cf\uff0c\u4ee5\u53ca\u521b\u9020\u4e0e\u7834\u574f\u529b\u91cf\u4e4b\u95f4\u6c38\u6052\u7684\u6597\u4e89\u3002<\/p>","protected":false},"excerpt":{"rendered":"<p>Dielo TV\u00c1RE, ZLATO, KRV, OHE\u0147 A POPOL je expres\u00edvna abstraktn\u00e1 ma\u013eba, ktor\u00e1 pracuje s intenz\u00edvnou farebnou symbolikou a vrstvenou text\u00farou. V kompoz\u00edcii sa objavuj\u00fa fragmenty pripom\u00ednaj\u00face \u013eudsk\u00e9 tv\u00e1re \u2013 niektor\u00e9 rozpoznate\u013en\u00e9, in\u00e9 iba nazna\u010den\u00e9 \u2013 akoby sa vyn\u00e1rali zo spleti farieb. Dominantn\u00e9 odtiene \u010dervenej, zlatej a \u010diernej evokuj\u00fa element\u00e1rne sily: krv ako znak \u017eivota a [&hellip;]<\/p>","protected":false},"featured_media":1780,"template":"","meta":{"_acf_changed":false,"_editorskit_title_hidden":false,"_editorskit_reading_time":0,"_editorskit_is_block_options_detached":false,"_editorskit_block_options_position":"{}","_monsterinsights_skip_tracking":false,"_monsterinsights_sitenote_active":false,"_monsterinsights_sitenote_note":"","_monsterinsights_sitenote_category":0},"artwork-dimension":[33],"artwork-style":[8],"artwork-type":[11],"artwork-year":[349],"product_brand":[],"product_cat":[337],"product_tag":[],"class_list":{"0":"post-1751","1":"product","2":"type-product","3":"status-publish","4":"has-post-thumbnail","6":"artwork-dimension-140-x-200-cm","7":"artwork-style-acryl-on-canvas","8":"artwork-type-abstract","9":"artwork-year-349","10":"product_cat-nezaradene","12":"first","13":"instock","14":"shipping-taxable","15":"product-type-simple"},"acf":[],"yoast_head":"<!-- This site is optimized with the Yoast SEO plugin v27.0 - https:\/\/yoast.com\/product\/yoast-seo-wordpress\/ -->\n<title>TV\u00c1RE, ZLATO, KRV, OHE\u0147 A POPOL - Laco Kamenick\u00fd<\/title>\n<meta name=\"robots\" content=\"index, follow, max-snippet:-1, max-image-preview:large, max-video-preview:-1\" \/>\n<link rel=\"canonical\" href=\"https:\/\/kamenicky.art\/zh\/product\/tvare-zlato-krv-ohen-a-popol\/\" \/>\n<meta property=\"og:locale\" content=\"zh_CN\" \/>\n<meta property=\"og:type\" content=\"article\" \/>\n<meta property=\"og:title\" content=\"TV\u00c1RE, ZLATO, KRV, OHE\u0147 A POPOL - Laco Kamenick\u00fd\" \/>\n<meta property=\"og:description\" content=\"Dielo TV\u00c1RE, ZLATO, KRV, OHE\u0147 A POPOL je expres\u00edvna abstraktn\u00e1 ma\u013eba, ktor\u00e1 pracuje s intenz\u00edvnou farebnou symbolikou a vrstvenou text\u00farou. V kompoz\u00edcii sa objavuj\u00fa fragmenty pripom\u00ednaj\u00face \u013eudsk\u00e9 tv\u00e1re \u2013 niektor\u00e9 rozpoznate\u013en\u00e9, in\u00e9 iba nazna\u010den\u00e9 \u2013 akoby sa vyn\u00e1rali zo spleti farieb. Dominantn\u00e9 odtiene \u010dervenej, zlatej a \u010diernej evokuj\u00fa element\u00e1rne sily: krv ako znak \u017eivota a [&hellip;]\" \/>\n<meta property=\"og:url\" content=\"https:\/\/kamenicky.art\/zh\/product\/tvare-zlato-krv-ohen-a-popol\/\" \/>\n<meta property=\"og:site_name\" content=\"Laco Kamenick\u00fd\" \/>\n<meta property=\"article:modified_time\" content=\"2025-11-26T15:52:28+00:00\" \/>\n<meta property=\"og:image\" content=\"https:\/\/kamenicky.art\/wp-content\/uploads\/2025\/10\/Nr-253-TVARE-ZLATO-KRV-OHEN-A-POPOL-1024x722.jpg\" \/>\n\t<meta property=\"og:image:width\" content=\"1024\" \/>\n\t<meta property=\"og:image:height\" content=\"722\" \/>\n\t<meta property=\"og:image:type\" content=\"image\/jpeg\" \/>\n<meta name=\"twitter:card\" content=\"summary_large_image\" \/>\n<meta name=\"twitter:label1\" content=\"\u9884\u8ba1\u9605\u8bfb\u65f6\u95f4\" \/>\n\t<meta name=\"twitter:data1\" content=\"1 \u5206\" \/>\n<script type=\"application\/ld+json\" class=\"yoast-schema-graph\">{\"@context\":\"https:\/\/schema.org\",\"@graph\":[{\"@type\":\"WebPage\",\"@id\":\"https:\/\/kamenicky.art\/produkt\/tvare-zlato-krv-ohen-a-popol\/\",\"url\":\"https:\/\/kamenicky.art\/produkt\/tvare-zlato-krv-ohen-a-popol\/\",\"name\":\"TV\u00c1RE, ZLATO, KRV, OHE\u0147 A POPOL - Laco Kamenick\u00fd\",\"isPartOf\":{\"@id\":\"https:\/\/kamenicky.art\/#website\"},\"primaryImageOfPage\":{\"@id\":\"https:\/\/kamenicky.art\/produkt\/tvare-zlato-krv-ohen-a-popol\/#primaryimage\"},\"image\":{\"@id\":\"https:\/\/kamenicky.art\/produkt\/tvare-zlato-krv-ohen-a-popol\/#primaryimage\"},\"thumbnailUrl\":\"https:\/\/kamenicky.art\/wp-content\/uploads\/2025\/10\/Nr-253-TVARE-ZLATO-KRV-OHEN-A-POPOL.jpg\",\"datePublished\":\"2025-10-04T10:52:18+00:00\",\"dateModified\":\"2025-11-26T15:52:28+00:00\",\"breadcrumb\":{\"@id\":\"https:\/\/kamenicky.art\/produkt\/tvare-zlato-krv-ohen-a-popol\/#breadcrumb\"},\"inLanguage\":\"zh-Hans\",\"potentialAction\":[{\"@type\":\"ReadAction\",\"target\":[\"https:\/\/kamenicky.art\/produkt\/tvare-zlato-krv-ohen-a-popol\/\"]}]},{\"@type\":\"ImageObject\",\"inLanguage\":\"zh-Hans\",\"@id\":\"https:\/\/kamenicky.art\/produkt\/tvare-zlato-krv-ohen-a-popol\/#primaryimage\",\"url\":\"https:\/\/kamenicky.art\/wp-content\/uploads\/2025\/10\/Nr-253-TVARE-ZLATO-KRV-OHEN-A-POPOL.jpg\",\"contentUrl\":\"https:\/\/kamenicky.art\/wp-content\/uploads\/2025\/10\/Nr-253-TVARE-ZLATO-KRV-OHEN-A-POPOL.jpg\",\"width\":2048,\"height\":1444},{\"@type\":\"BreadcrumbList\",\"@id\":\"https:\/\/kamenicky.art\/produkt\/tvare-zlato-krv-ohen-a-popol\/#breadcrumb\",\"itemListElement\":[{\"@type\":\"ListItem\",\"position\":1,\"name\":\"Home\",\"item\":\"https:\/\/kamenicky.art\/\"},{\"@type\":\"ListItem\",\"position\":2,\"name\":\"Obchod\",\"item\":\"https:\/\/kamenicky.art\/?page_id=567\"},{\"@type\":\"ListItem\",\"position\":3,\"name\":\"TV\u00c1RE, ZLATO, KRV, OHE\u0147 A POPOL\"}]},{\"@type\":\"WebSite\",\"@id\":\"https:\/\/kamenicky.art\/#website\",\"url\":\"https:\/\/kamenicky.art\/\",\"name\":\"Laco Kamenick\u00fd\",\"description\":\"\",\"publisher\":{\"@id\":\"https:\/\/kamenicky.art\/#organization\"},\"potentialAction\":[{\"@type\":\"SearchAction\",\"target\":{\"@type\":\"EntryPoint\",\"urlTemplate\":\"https:\/\/kamenicky.art\/?s={search_term_string}\"},\"query-input\":{\"@type\":\"PropertyValueSpecification\",\"valueRequired\":true,\"valueName\":\"search_term_string\"}}],\"inLanguage\":\"zh-Hans\"},{\"@type\":\"Organization\",\"@id\":\"https:\/\/kamenicky.art\/#organization\",\"name\":\"Laco Kamenick\u00fd\",\"url\":\"https:\/\/kamenicky.art\/\",\"logo\":{\"@type\":\"ImageObject\",\"inLanguage\":\"zh-Hans\",\"@id\":\"https:\/\/kamenicky.art\/#\/schema\/logo\/image\/\",\"url\":\"https:\/\/kamenicky.art\/wp-content\/uploads\/2025\/07\/logo_lk.jpg\",\"contentUrl\":\"https:\/\/kamenicky.art\/wp-content\/uploads\/2025\/07\/logo_lk.jpg\",\"width\":900,\"height\":900,\"caption\":\"Laco Kamenick\u00fd\"},\"image\":{\"@id\":\"https:\/\/kamenicky.art\/#\/schema\/logo\/image\/\"}}]}<\/script>\n<!-- \/ Yoast SEO plugin. -->","yoast_head_json":{"title":"TV\u00c1RE, ZLATO, KRV, OHE\u0147 A POPOL - Laco Kamenick\u00fd","robots":{"index":"index","follow":"follow","max-snippet":"max-snippet:-1","max-image-preview":"max-image-preview:large","max-video-preview":"max-video-preview:-1"},"canonical":"https:\/\/kamenicky.art\/zh\/product\/tvare-zlato-krv-ohen-a-popol\/","og_locale":"zh_CN","og_type":"article","og_title":"TV\u00c1RE, ZLATO, KRV, OHE\u0147 A POPOL - Laco Kamenick\u00fd","og_description":"Dielo TV\u00c1RE, ZLATO, KRV, OHE\u0147 A POPOL je expres\u00edvna abstraktn\u00e1 ma\u013eba, ktor\u00e1 pracuje s intenz\u00edvnou farebnou symbolikou a vrstvenou text\u00farou. V kompoz\u00edcii sa objavuj\u00fa fragmenty pripom\u00ednaj\u00face \u013eudsk\u00e9 tv\u00e1re \u2013 niektor\u00e9 rozpoznate\u013en\u00e9, in\u00e9 iba nazna\u010den\u00e9 \u2013 akoby sa vyn\u00e1rali zo spleti farieb. Dominantn\u00e9 odtiene \u010dervenej, zlatej a \u010diernej evokuj\u00fa element\u00e1rne sily: krv ako znak \u017eivota a [&hellip;]","og_url":"https:\/\/kamenicky.art\/zh\/product\/tvare-zlato-krv-ohen-a-popol\/","og_site_name":"Laco Kamenick\u00fd","article_modified_time":"2025-11-26T15:52:28+00:00","og_image":[{"width":1024,"height":722,"url":"https:\/\/kamenicky.art\/wp-content\/uploads\/2025\/10\/Nr-253-TVARE-ZLATO-KRV-OHEN-A-POPOL-1024x722.jpg","type":"image\/jpeg"}],"twitter_card":"summary_large_image","twitter_misc":{"\u9884\u8ba1\u9605\u8bfb\u65f6\u95f4":"1 \u5206"},"schema":{"@context":"https:\/\/schema.org","@graph":[{"@type":"WebPage","@id":"https:\/\/kamenicky.art\/produkt\/tvare-zlato-krv-ohen-a-popol\/","url":"https:\/\/kamenicky.art\/produkt\/tvare-zlato-krv-ohen-a-popol\/","name":"TV\u00c1RE, ZLATO, KRV, OHE\u0147 A POPOL - Laco Kamenick\u00fd","isPartOf":{"@id":"https:\/\/kamenicky.art\/#website"},"primaryImageOfPage":{"@id":"https:\/\/kamenicky.art\/produkt\/tvare-zlato-krv-ohen-a-popol\/#primaryimage"},"image":{"@id":"https:\/\/kamenicky.art\/produkt\/tvare-zlato-krv-ohen-a-popol\/#primaryimage"},"thumbnailUrl":"https:\/\/kamenicky.art\/wp-content\/uploads\/2025\/10\/Nr-253-TVARE-ZLATO-KRV-OHEN-A-POPOL.jpg","datePublished":"2025-10-04T10:52:18+00:00","dateModified":"2025-11-26T15:52:28+00:00","breadcrumb":{"@id":"https:\/\/kamenicky.art\/produkt\/tvare-zlato-krv-ohen-a-popol\/#breadcrumb"},"inLanguage":"zh-Hans","potentialAction":[{"@type":"ReadAction","target":["https:\/\/kamenicky.art\/produkt\/tvare-zlato-krv-ohen-a-popol\/"]}]},{"@type":"ImageObject","inLanguage":"zh-Hans","@id":"https:\/\/kamenicky.art\/produkt\/tvare-zlato-krv-ohen-a-popol\/#primaryimage","url":"https:\/\/kamenicky.art\/wp-content\/uploads\/2025\/10\/Nr-253-TVARE-ZLATO-KRV-OHEN-A-POPOL.jpg","contentUrl":"https:\/\/kamenicky.art\/wp-content\/uploads\/2025\/10\/Nr-253-TVARE-ZLATO-KRV-OHEN-A-POPOL.jpg","width":2048,"height":1444},{"@type":"BreadcrumbList","@id":"https:\/\/kamenicky.art\/produkt\/tvare-zlato-krv-ohen-a-popol\/#breadcrumb","itemListElement":[{"@type":"ListItem","position":1,"name":"Home","item":"https:\/\/kamenicky.art\/"},{"@type":"ListItem","position":2,"name":"Obchod","item":"https:\/\/kamenicky.art\/?page_id=567"},{"@type":"ListItem","position":3,"name":"TV\u00c1RE, ZLATO, KRV, OHE\u0147 A POPOL"}]},{"@type":"WebSite","@id":"https:\/\/kamenicky.art\/#website","url":"https:\/\/kamenicky.art\/","name":"Laco Kamenick\u00fd","description":"","publisher":{"@id":"https:\/\/kamenicky.art\/#organization"},"potentialAction":[{"@type":"SearchAction","target":{"@type":"EntryPoint","urlTemplate":"https:\/\/kamenicky.art\/?s={search_term_string}"},"query-input":{"@type":"PropertyValueSpecification","valueRequired":true,"valueName":"search_term_string"}}],"inLanguage":"zh-Hans"},{"@type":"Organization","@id":"https:\/\/kamenicky.art\/#organization","name":"Laco Kamenick\u00fd","url":"https:\/\/kamenicky.art\/","logo":{"@type":"ImageObject","inLanguage":"zh-Hans","@id":"https:\/\/kamenicky.art\/#\/schema\/logo\/image\/","url":"https:\/\/kamenicky.art\/wp-content\/uploads\/2025\/07\/logo_lk.jpg","contentUrl":"https:\/\/kamenicky.art\/wp-content\/uploads\/2025\/07\/logo_lk.jpg","width":900,"height":900,"caption":"Laco Kamenick\u00fd"},"image":{"@id":"https:\/\/kamenicky.art\/#\/schema\/logo\/image\/"}}]}},"_links":{"self":[{"href":"https:\/\/kamenicky.art\/zh\/wp-json\/wp\/v2\/product\/1751","targetHints":{"allow":["GET"]}}],"collection":[{"href":"https:\/\/kamenicky.art\/zh\/wp-json\/wp\/v2\/product"}],"about":[{"href":"https:\/\/kamenicky.art\/zh\/wp-json\/wp\/v2\/types\/product"}],"wp:featuredmedia":[{"embeddable":true,"href":"https:\/\/kamenicky.art\/zh\/wp-json\/wp\/v2\/media\/1780"}],"wp:attachment":[{"href":"https:\/\/kamenicky.art\/zh\/wp-json\/wp\/v2\/media?parent=1751"}],"wp:term":[{"taxonomy":"artwork-dimension","embeddable":true,"href":"https:\/\/kamenicky.art\/zh\/wp-json\/wp\/v2\/artwork-dimension?post=1751"},{"taxonomy":"artwork-style","embeddable":true,"href":"https:\/\/kamenicky.art\/zh\/wp-json\/wp\/v2\/artwork-style?post=1751"},{"taxonomy":"artwork-type","embeddable":true,"href":"https:\/\/kamenicky.art\/zh\/wp-json\/wp\/v2\/artwork-type?post=1751"},{"taxonomy":"artwork-year","embeddable":true,"href":"https:\/\/kamenicky.art\/zh\/wp-json\/wp\/v2\/artwork-year?post=1751"},{"taxonomy":"product_brand","embeddable":true,"href":"https:\/\/kamenicky.art\/zh\/wp-json\/wp\/v2\/product_brand?post=1751"},{"taxonomy":"product_cat","embeddable":true,"href":"https:\/\/kamenicky.art\/zh\/wp-json\/wp\/v2\/product_cat?post=1751"},{"taxonomy":"product_tag","embeddable":true,"href":"https:\/\/kamenicky.art\/zh\/wp-json\/wp\/v2\/product_tag?post=1751"}],"curies":[{"name":"wp","href":"https:\/\/api.w.org\/{rel}","templated":true}]}}