{"id":1619,"date":"2024-02-08T18:44:48","date_gmt":"2024-02-08T17:44:48","guid":{"rendered":"https:\/\/kamenicky.art\/?post_type=product&#038;p=1619"},"modified":"2026-01-08T20:10:41","modified_gmt":"2026-01-08T19:10:41","slug":"kto-koho-zozerie","status":"publish","type":"product","link":"https:\/\/kamenicky.art\/zh\/product\/kto-koho-zozerie\/","title":{"rendered":"\u8c01\u5403\u8c01\uff1f\uff01(\"WHO EATS WHOM?!\")"},"content":{"rendered":"<p>\u8fd9\u5e45\u4f5c\u54c1\u4ee5\u8d85\u73b0\u5b9e\u7684\u9690\u55bb\u63cf\u7ed8\u4e86\u4e00\u573a\u653f\u6cbb\u6597\u4e89\uff0c\u4e24\u53ea\u62df\u4eba\u5316\u7684\u87b3\u8782\u8c61\u5f81\u7740\u76f8\u4e92\u5bf9\u6297\u7684\u654c\u5bf9\u529b\u91cf\u3002\u5bcc\u6709\u8868\u73b0\u529b\u7684\u8272\u5f69\uff0c\u5c24\u5176\u662f\u6d53\u90c1\u7684\u7c89\u8272\u548c\u9c9c\u4eae\u7684\u7eff\u8272\u7684\u5bf9\u6bd4\uff0c\u589e\u5f3a\u4e86\u573a\u666f\u7684\u620f\u5267\u6027\u3002\u87b3\u8782\u7684\u8eab\u4f53\u548c\u5916\u9aa8\u9abc\u7684\u7cbe\u7ec6\u7ed3\u6784\u8425\u9020\u51fa\u4e00\u79cd\u751f\u7269\u5f62\u6001\u7684\u7f8e\u611f\uff0c\u5c06\u81ea\u7136\u5f62\u6001\u4e0e\u5bcc\u6709\u60f3\u8c61\u529b\u7684\u53d8\u5f62\u76f8\u7ed3\u5408\u3002\u52a8\u6001\u7684\u6784\u56fe\u548c\u5bcc\u6709\u8868\u73b0\u529b\u7684\u624b\u52bf\u5f3a\u8c03\u4e86\u4eba\u7269\u4e4b\u95f4\u7684\u5f20\u529b\uff0c\u8d4b\u4e88\u4f5c\u54c1\u5f3a\u70c8\u7684\u53d9\u4e8b\u57fa\u8c03\u2014\u2014\u8272\u5f69\u7684\u5bf9\u6bd4\u5f3a\u8c03\u4e86\u8c61\u5f81\u6027\u7684\u6743\u529b\u7ade\u4e89\uff0c\u4ee5\u53ca\u5f3a\u8005\u51b3\u6597\u4e2d\u540c\u65f6\u5b58\u5728\u7684\u8106\u5f31\u6027\u3002<\/p>","protected":false},"excerpt":{"rendered":"<p>Dielo je surrealistickou metaforou zobrazuj\u00facou politick\u00fd boj, kde dve antropomorfizovan\u00e9 modlivky symbolizuj\u00fa antagonistick\u00e9 sily v konfront\u00e1cii. Expres\u00edvna farebn\u00e1 paleta, najm\u00e4 kontrast s\u00fdtej ru\u017eovej a \u017eivej zelenej, umoc\u0148uje dramatickos\u0165 sc\u00e9ny. Detailn\u00e1 \u0161trukt\u00fara tiel a exoskeletu vytv\u00e1ra biomorfn\u00fa estetiku, ktor\u00e1 sp\u00e1ja pr\u00edrodn\u00e9 formy s imaginat\u00edvnou deform\u00e1ciou. Nap\u00e4tie medzi postavami je zd\u00f4raznen\u00e9 dynamickou kompoz\u00edciou a v\u00fdraznou gestikul\u00e1ciou, \u010d\u00edm [&hellip;]<\/p>","protected":false},"featured_media":301,"template":"","meta":{"_acf_changed":false,"_editorskit_title_hidden":false,"_editorskit_reading_time":0,"_editorskit_is_block_options_detached":false,"_editorskit_block_options_position":"{}","_monsterinsights_skip_tracking":false,"_monsterinsights_sitenote_active":false,"_monsterinsights_sitenote_note":"","_monsterinsights_sitenote_category":0},"artwork-dimension":[33],"artwork-style":[8],"artwork-type":[13],"artwork-year":[34],"product_brand":[],"product_cat":[337],"product_tag":[],"class_list":{"0":"post-1619","1":"product","2":"type-product","3":"status-publish","4":"has-post-thumbnail","6":"artwork-dimension-140-x-200-cm","7":"artwork-style-acryl-on-canvas","8":"artwork-type-object","9":"artwork-year-34","10":"product_cat-nezaradene","12":"first","13":"instock","14":"shipping-taxable","15":"product-type-simple"},"acf":[],"yoast_head":"<!-- This site is optimized with the Yoast SEO plugin v27.0 - https:\/\/yoast.com\/product\/yoast-seo-wordpress\/ -->\n<title>KTO KOHO ZO\u017dERIE?! - Laco Kamenick\u00fd<\/title>\n<meta name=\"robots\" content=\"index, follow, max-snippet:-1, max-image-preview:large, max-video-preview:-1\" \/>\n<link rel=\"canonical\" href=\"https:\/\/kamenicky.art\/zh\/product\/kto-koho-zozerie\/\" \/>\n<meta property=\"og:locale\" content=\"zh_CN\" \/>\n<meta property=\"og:type\" content=\"article\" \/>\n<meta property=\"og:title\" content=\"KTO KOHO ZO\u017dERIE?! - Laco Kamenick\u00fd\" \/>\n<meta property=\"og:description\" content=\"Dielo je surrealistickou metaforou zobrazuj\u00facou politick\u00fd boj, kde dve antropomorfizovan\u00e9 modlivky symbolizuj\u00fa antagonistick\u00e9 sily v konfront\u00e1cii. Expres\u00edvna farebn\u00e1 paleta, najm\u00e4 kontrast s\u00fdtej ru\u017eovej a \u017eivej zelenej, umoc\u0148uje dramatickos\u0165 sc\u00e9ny. Detailn\u00e1 \u0161trukt\u00fara tiel a exoskeletu vytv\u00e1ra biomorfn\u00fa estetiku, ktor\u00e1 sp\u00e1ja pr\u00edrodn\u00e9 formy s imaginat\u00edvnou deform\u00e1ciou. Nap\u00e4tie medzi postavami je zd\u00f4raznen\u00e9 dynamickou kompoz\u00edciou a v\u00fdraznou gestikul\u00e1ciou, \u010d\u00edm [&hellip;]\" \/>\n<meta property=\"og:url\" content=\"https:\/\/kamenicky.art\/zh\/product\/kto-koho-zozerie\/\" \/>\n<meta property=\"og:site_name\" content=\"Laco Kamenick\u00fd\" \/>\n<meta property=\"article:modified_time\" content=\"2026-01-08T19:10:41+00:00\" \/>\n<meta property=\"og:image\" content=\"https:\/\/kamenicky.art\/wp-content\/uploads\/2025\/02\/Edit-561.jpg\" \/>\n\t<meta property=\"og:image:width\" content=\"2048\" \/>\n\t<meta property=\"og:image:height\" content=\"1461\" \/>\n\t<meta property=\"og:image:type\" content=\"image\/jpeg\" \/>\n<meta name=\"twitter:card\" content=\"summary_large_image\" \/>\n<meta name=\"twitter:label1\" content=\"\u9884\u8ba1\u9605\u8bfb\u65f6\u95f4\" \/>\n\t<meta name=\"twitter:data1\" content=\"1 \u5206\" \/>\n<script type=\"application\/ld+json\" class=\"yoast-schema-graph\">{\"@context\":\"https:\/\/schema.org\",\"@graph\":[{\"@type\":\"WebPage\",\"@id\":\"https:\/\/kamenicky.art\/produkt\/kto-koho-zozerie\/\",\"url\":\"https:\/\/kamenicky.art\/produkt\/kto-koho-zozerie\/\",\"name\":\"KTO KOHO ZO\u017dERIE?! - Laco Kamenick\u00fd\",\"isPartOf\":{\"@id\":\"https:\/\/kamenicky.art\/#website\"},\"primaryImageOfPage\":{\"@id\":\"https:\/\/kamenicky.art\/produkt\/kto-koho-zozerie\/#primaryimage\"},\"image\":{\"@id\":\"https:\/\/kamenicky.art\/produkt\/kto-koho-zozerie\/#primaryimage\"},\"thumbnailUrl\":\"https:\/\/kamenicky.art\/wp-content\/uploads\/2025\/02\/Edit-561.jpg\",\"datePublished\":\"2024-02-08T17:44:48+00:00\",\"dateModified\":\"2026-01-08T19:10:41+00:00\",\"breadcrumb\":{\"@id\":\"https:\/\/kamenicky.art\/produkt\/kto-koho-zozerie\/#breadcrumb\"},\"inLanguage\":\"zh-Hans\",\"potentialAction\":[{\"@type\":\"ReadAction\",\"target\":[\"https:\/\/kamenicky.art\/produkt\/kto-koho-zozerie\/\"]}]},{\"@type\":\"ImageObject\",\"inLanguage\":\"zh-Hans\",\"@id\":\"https:\/\/kamenicky.art\/produkt\/kto-koho-zozerie\/#primaryimage\",\"url\":\"https:\/\/kamenicky.art\/wp-content\/uploads\/2025\/02\/Edit-561.jpg\",\"contentUrl\":\"https:\/\/kamenicky.art\/wp-content\/uploads\/2025\/02\/Edit-561.jpg\",\"width\":2048,\"height\":1461},{\"@type\":\"BreadcrumbList\",\"@id\":\"https:\/\/kamenicky.art\/produkt\/kto-koho-zozerie\/#breadcrumb\",\"itemListElement\":[{\"@type\":\"ListItem\",\"position\":1,\"name\":\"Home\",\"item\":\"https:\/\/kamenicky.art\/\"},{\"@type\":\"ListItem\",\"position\":2,\"name\":\"Obchod\",\"item\":\"https:\/\/kamenicky.art\/?page_id=567\"},{\"@type\":\"ListItem\",\"position\":3,\"name\":\"KTO KOHO ZO\u017dERIE?!\"}]},{\"@type\":\"WebSite\",\"@id\":\"https:\/\/kamenicky.art\/#website\",\"url\":\"https:\/\/kamenicky.art\/\",\"name\":\"Laco Kamenick\u00fd\",\"description\":\"\",\"publisher\":{\"@id\":\"https:\/\/kamenicky.art\/#organization\"},\"potentialAction\":[{\"@type\":\"SearchAction\",\"target\":{\"@type\":\"EntryPoint\",\"urlTemplate\":\"https:\/\/kamenicky.art\/?s={search_term_string}\"},\"query-input\":{\"@type\":\"PropertyValueSpecification\",\"valueRequired\":true,\"valueName\":\"search_term_string\"}}],\"inLanguage\":\"zh-Hans\"},{\"@type\":\"Organization\",\"@id\":\"https:\/\/kamenicky.art\/#organization\",\"name\":\"Laco Kamenick\u00fd\",\"url\":\"https:\/\/kamenicky.art\/\",\"logo\":{\"@type\":\"ImageObject\",\"inLanguage\":\"zh-Hans\",\"@id\":\"https:\/\/kamenicky.art\/#\/schema\/logo\/image\/\",\"url\":\"https:\/\/kamenicky.art\/wp-content\/uploads\/2025\/07\/logo_lk.jpg\",\"contentUrl\":\"https:\/\/kamenicky.art\/wp-content\/uploads\/2025\/07\/logo_lk.jpg\",\"width\":900,\"height\":900,\"caption\":\"Laco Kamenick\u00fd\"},\"image\":{\"@id\":\"https:\/\/kamenicky.art\/#\/schema\/logo\/image\/\"}}]}<\/script>\n<!-- \/ Yoast SEO plugin. -->","yoast_head_json":{"title":"KTO KOHO ZO\u017dERIE?! - Laco Kamenick\u00fd","robots":{"index":"index","follow":"follow","max-snippet":"max-snippet:-1","max-image-preview":"max-image-preview:large","max-video-preview":"max-video-preview:-1"},"canonical":"https:\/\/kamenicky.art\/zh\/product\/kto-koho-zozerie\/","og_locale":"zh_CN","og_type":"article","og_title":"KTO KOHO ZO\u017dERIE?! - Laco Kamenick\u00fd","og_description":"Dielo je surrealistickou metaforou zobrazuj\u00facou politick\u00fd boj, kde dve antropomorfizovan\u00e9 modlivky symbolizuj\u00fa antagonistick\u00e9 sily v konfront\u00e1cii. Expres\u00edvna farebn\u00e1 paleta, najm\u00e4 kontrast s\u00fdtej ru\u017eovej a \u017eivej zelenej, umoc\u0148uje dramatickos\u0165 sc\u00e9ny. Detailn\u00e1 \u0161trukt\u00fara tiel a exoskeletu vytv\u00e1ra biomorfn\u00fa estetiku, ktor\u00e1 sp\u00e1ja pr\u00edrodn\u00e9 formy s imaginat\u00edvnou deform\u00e1ciou. Nap\u00e4tie medzi postavami je zd\u00f4raznen\u00e9 dynamickou kompoz\u00edciou a v\u00fdraznou gestikul\u00e1ciou, \u010d\u00edm [&hellip;]","og_url":"https:\/\/kamenicky.art\/zh\/product\/kto-koho-zozerie\/","og_site_name":"Laco Kamenick\u00fd","article_modified_time":"2026-01-08T19:10:41+00:00","og_image":[{"width":2048,"height":1461,"url":"https:\/\/kamenicky.art\/wp-content\/uploads\/2025\/02\/Edit-561.jpg","type":"image\/jpeg"}],"twitter_card":"summary_large_image","twitter_misc":{"\u9884\u8ba1\u9605\u8bfb\u65f6\u95f4":"1 \u5206"},"schema":{"@context":"https:\/\/schema.org","@graph":[{"@type":"WebPage","@id":"https:\/\/kamenicky.art\/produkt\/kto-koho-zozerie\/","url":"https:\/\/kamenicky.art\/produkt\/kto-koho-zozerie\/","name":"KTO KOHO ZO\u017dERIE?! - Laco Kamenick\u00fd","isPartOf":{"@id":"https:\/\/kamenicky.art\/#website"},"primaryImageOfPage":{"@id":"https:\/\/kamenicky.art\/produkt\/kto-koho-zozerie\/#primaryimage"},"image":{"@id":"https:\/\/kamenicky.art\/produkt\/kto-koho-zozerie\/#primaryimage"},"thumbnailUrl":"https:\/\/kamenicky.art\/wp-content\/uploads\/2025\/02\/Edit-561.jpg","datePublished":"2024-02-08T17:44:48+00:00","dateModified":"2026-01-08T19:10:41+00:00","breadcrumb":{"@id":"https:\/\/kamenicky.art\/produkt\/kto-koho-zozerie\/#breadcrumb"},"inLanguage":"zh-Hans","potentialAction":[{"@type":"ReadAction","target":["https:\/\/kamenicky.art\/produkt\/kto-koho-zozerie\/"]}]},{"@type":"ImageObject","inLanguage":"zh-Hans","@id":"https:\/\/kamenicky.art\/produkt\/kto-koho-zozerie\/#primaryimage","url":"https:\/\/kamenicky.art\/wp-content\/uploads\/2025\/02\/Edit-561.jpg","contentUrl":"https:\/\/kamenicky.art\/wp-content\/uploads\/2025\/02\/Edit-561.jpg","width":2048,"height":1461},{"@type":"BreadcrumbList","@id":"https:\/\/kamenicky.art\/produkt\/kto-koho-zozerie\/#breadcrumb","itemListElement":[{"@type":"ListItem","position":1,"name":"Home","item":"https:\/\/kamenicky.art\/"},{"@type":"ListItem","position":2,"name":"Obchod","item":"https:\/\/kamenicky.art\/?page_id=567"},{"@type":"ListItem","position":3,"name":"KTO KOHO ZO\u017dERIE?!"}]},{"@type":"WebSite","@id":"https:\/\/kamenicky.art\/#website","url":"https:\/\/kamenicky.art\/","name":"Laco Kamenick\u00fd","description":"","publisher":{"@id":"https:\/\/kamenicky.art\/#organization"},"potentialAction":[{"@type":"SearchAction","target":{"@type":"EntryPoint","urlTemplate":"https:\/\/kamenicky.art\/?s={search_term_string}"},"query-input":{"@type":"PropertyValueSpecification","valueRequired":true,"valueName":"search_term_string"}}],"inLanguage":"zh-Hans"},{"@type":"Organization","@id":"https:\/\/kamenicky.art\/#organization","name":"Laco Kamenick\u00fd","url":"https:\/\/kamenicky.art\/","logo":{"@type":"ImageObject","inLanguage":"zh-Hans","@id":"https:\/\/kamenicky.art\/#\/schema\/logo\/image\/","url":"https:\/\/kamenicky.art\/wp-content\/uploads\/2025\/07\/logo_lk.jpg","contentUrl":"https:\/\/kamenicky.art\/wp-content\/uploads\/2025\/07\/logo_lk.jpg","width":900,"height":900,"caption":"Laco Kamenick\u00fd"},"image":{"@id":"https:\/\/kamenicky.art\/#\/schema\/logo\/image\/"}}]}},"_links":{"self":[{"href":"https:\/\/kamenicky.art\/zh\/wp-json\/wp\/v2\/product\/1619","targetHints":{"allow":["GET"]}}],"collection":[{"href":"https:\/\/kamenicky.art\/zh\/wp-json\/wp\/v2\/product"}],"about":[{"href":"https:\/\/kamenicky.art\/zh\/wp-json\/wp\/v2\/types\/product"}],"wp:featuredmedia":[{"embeddable":true,"href":"https:\/\/kamenicky.art\/zh\/wp-json\/wp\/v2\/media\/301"}],"wp:attachment":[{"href":"https:\/\/kamenicky.art\/zh\/wp-json\/wp\/v2\/media?parent=1619"}],"wp:term":[{"taxonomy":"artwork-dimension","embeddable":true,"href":"https:\/\/kamenicky.art\/zh\/wp-json\/wp\/v2\/artwork-dimension?post=1619"},{"taxonomy":"artwork-style","embeddable":true,"href":"https:\/\/kamenicky.art\/zh\/wp-json\/wp\/v2\/artwork-style?post=1619"},{"taxonomy":"artwork-type","embeddable":true,"href":"https:\/\/kamenicky.art\/zh\/wp-json\/wp\/v2\/artwork-type?post=1619"},{"taxonomy":"artwork-year","embeddable":true,"href":"https:\/\/kamenicky.art\/zh\/wp-json\/wp\/v2\/artwork-year?post=1619"},{"taxonomy":"product_brand","embeddable":true,"href":"https:\/\/kamenicky.art\/zh\/wp-json\/wp\/v2\/product_brand?post=1619"},{"taxonomy":"product_cat","embeddable":true,"href":"https:\/\/kamenicky.art\/zh\/wp-json\/wp\/v2\/product_cat?post=1619"},{"taxonomy":"product_tag","embeddable":true,"href":"https:\/\/kamenicky.art\/zh\/wp-json\/wp\/v2\/product_tag?post=1619"}],"curies":[{"name":"wp","href":"https:\/\/api.w.org\/{rel}","templated":true}]}}