{"id":1523,"date":"2025-03-07T18:17:40","date_gmt":"2025-03-07T17:17:40","guid":{"rendered":"https:\/\/kamenicky.art\/?post_type=product&#038;p=1523"},"modified":"2026-01-08T20:01:00","modified_gmt":"2026-01-08T19:01:00","slug":"abstract-graffiti-2","status":"publish","type":"product","link":"https:\/\/kamenicky.art\/zh\/product\/abstract-graffiti-2\/","title":{"rendered":"\u62bd\u8c61\u6d82\u9e26 2 (\"ABSTRACT GRAFFITI 2\")"},"content":{"rendered":"<p>\u5728\u300a\u62bd\u8c61\u6d82\u9e26 2\u300b\u4e2d\uff0c\u827a\u672f\u5bb6\u7ed3\u5408\u4e86\u5927\u80c6\u7684\u8f6e\u5ed3\u3001\u5bcc\u6709\u8868\u73b0\u529b\u7684\u7b14\u89e6\u4ee5\u53ca\u5c42\u53e0\u7684\u8272\u5f69\uff0c\u521b\u9020\u51fa\u4e00\u5e45\u5145\u6ee1\u8857\u5934\u4e66\u5199\u8282\u594f\u7684\u4f5c\u54c1\u3002\u6bcf\u4e00\u7b14\u90fd\u50cf\u4e00\u4e2a\u7b26\u53f7\uff1b\u5c42\u6b21\u4ea4\u66ff\u3001\u91cd\u53e0\u3001\u76f8\u4e92\u63ed\u793a\u2014\u2014\u4eff\u4f5b\u827a\u672f\u5bb6\u6b63\u5728\u63a2\u7d22\u81ea\u53d1\u4e0e\u610f\u56fe\u4e4b\u95f4\u7684\u8fb9\u754c\u3002\n\u5361\u6885\u5c3c\u8328\u57fa\u5728\u7cbe\u786e\u7684\u7ebf\u6761\u4e0e\u8272\u5f69\u7a7a\u95f4\u7684\u6a21\u7cca\u4e4b\u95f4\u5efa\u7acb\u4e86\u4e00\u79cd\u5bf9\u8bdd\u3002\u90a3\u4e9b\u5728\u753b\u5e03\u4e0a\u873f\u8712\u6d41\u52a8\u7684\u8f6e\u5ed3\u5f62\u6210\u4e86\u56fe\u5f62\u822c\u7684\u8282\u594f\u2014\u2014\u65e2\u6355\u6349\u4e86\u8fd0\u52a8\u7684\u80fd\u91cf\uff0c\u53c8\u5c06\u5176\u951a\u5b9a\u5728\u7ed3\u6784\u4e4b\u4e2d\u3002\u5b83\u4eec\u7684\u6e05\u6670\u8f6e\u5ed3\u4e0e\u80cc\u666f\u67d4\u548c\u7684\u8fc7\u6e21\u5f62\u6210\u5bf9\u6bd4\uff0c\u5728\u90a3\u91cc\u989c\u8272\u878d\u5165\u6726\u80e7\u4e4b\u4e2d\uff0c\u9003\u9038\u5230\u753b\u5e03\u4e4b\u5916\u7684\u7a7a\u95f4\u3002<\/p>\n<p>\u300a\u62bd\u8c61\u6d82\u9e26 2\u300b\u6697\u793a\u4e86\u8857\u5934\u827a\u672f\u7684\u52a8\u6001\u8bed\u8a00\u2014\u2014\u5b83\u7684\u59ff\u6001\u3001\u80fd\u91cf\u4e0e\u5c42\u6b21\u3002\u5361\u6885\u5c3c\u8328\u57fa\u5c06\u8fd9\u4e00\u539f\u5219\u5e26\u5165\u5de5\u4f5c\u5ba4\u73af\u5883\uff0c\u4f7f\u5f97\u6d82\u9e26\u539f\u59cb\u7684\u5373\u65f6\u6027\u83b7\u5f97\u4e86\u65b0\u7684\u89c6\u89c9\u79e9\u5e8f\u4e0e\u7ed3\u6784\u3002<\/p>","protected":false},"excerpt":{"rendered":"<p>V\u00a0diele ABSTRACT GRAFFITI 2 autor kombin\u00e1ciou v\u00fdrazn\u00fdch kont\u00far, gesta a vrstiev farby vytv\u00e1ra kompoz\u00edciu, ktor\u00e1 pulzuje rytmom pouli\u010dn\u00e9ho p\u00edsma. Ka\u017ed\u00fd \u0165ah \u0161tetca p\u00f4sob\u00ed ako znak; vrstvy sa navz\u00e1jom striedaj\u00fa, prekr\u00fdvaj\u00fa a odha\u013euj\u00fa \u2013 akoby autor sk\u00famal hranice medzi spont\u00e1nnos\u0165ou a z\u00e1merom. Kamenick\u00fd rozv\u00edja dial\u00f3g medzi presnos\u0165ou l\u00ednie a neur\u010ditos\u0165ou farebn\u00e9ho priestoru. Meandrovit\u00e9 kont\u00fary, ktor\u00e9 sa [&hellip;]<\/p>","protected":false},"featured_media":1319,"template":"","meta":{"_acf_changed":false,"_editorskit_title_hidden":false,"_editorskit_reading_time":0,"_editorskit_is_block_options_detached":false,"_editorskit_block_options_position":"{}","_monsterinsights_skip_tracking":false,"_monsterinsights_sitenote_active":false,"_monsterinsights_sitenote_note":"","_monsterinsights_sitenote_category":0},"artwork-dimension":[43],"artwork-style":[355],"artwork-type":[11],"artwork-year":[349],"product_brand":[],"product_cat":[337],"product_tag":[],"class_list":{"0":"post-1523","1":"product","2":"type-product","3":"status-publish","4":"has-post-thumbnail","6":"artwork-dimension-170-x-200-cm","7":"artwork-style-acryl-and-mixed-media-on-canvas","8":"artwork-type-abstract","9":"artwork-year-349","10":"product_cat-nezaradene","12":"first","13":"instock","14":"shipping-taxable","15":"product-type-simple"},"acf":[],"yoast_head":"<!-- This site is optimized with the Yoast SEO plugin v27.0 - https:\/\/yoast.com\/product\/yoast-seo-wordpress\/ -->\n<title>ABSTRACT GRAFFITI 2 - Laco Kamenick\u00fd<\/title>\n<meta name=\"robots\" content=\"index, follow, max-snippet:-1, max-image-preview:large, max-video-preview:-1\" \/>\n<link rel=\"canonical\" href=\"https:\/\/kamenicky.art\/zh\/product\/abstract-graffiti-2\/\" \/>\n<meta property=\"og:locale\" content=\"zh_CN\" \/>\n<meta property=\"og:type\" content=\"article\" \/>\n<meta property=\"og:title\" content=\"ABSTRACT GRAFFITI 2 - Laco Kamenick\u00fd\" \/>\n<meta property=\"og:description\" content=\"V\u00a0diele ABSTRACT GRAFFITI 2 autor kombin\u00e1ciou v\u00fdrazn\u00fdch kont\u00far, gesta a vrstiev farby vytv\u00e1ra kompoz\u00edciu, ktor\u00e1 pulzuje rytmom pouli\u010dn\u00e9ho p\u00edsma. Ka\u017ed\u00fd \u0165ah \u0161tetca p\u00f4sob\u00ed ako znak; vrstvy sa navz\u00e1jom striedaj\u00fa, prekr\u00fdvaj\u00fa a odha\u013euj\u00fa \u2013 akoby autor sk\u00famal hranice medzi spont\u00e1nnos\u0165ou a z\u00e1merom. Kamenick\u00fd rozv\u00edja dial\u00f3g medzi presnos\u0165ou l\u00ednie a neur\u010ditos\u0165ou farebn\u00e9ho priestoru. Meandrovit\u00e9 kont\u00fary, ktor\u00e9 sa [&hellip;]\" \/>\n<meta property=\"og:url\" content=\"https:\/\/kamenicky.art\/zh\/product\/abstract-graffiti-2\/\" \/>\n<meta property=\"og:site_name\" content=\"Laco Kamenick\u00fd\" \/>\n<meta property=\"article:modified_time\" content=\"2026-01-08T19:01:00+00:00\" \/>\n<meta property=\"og:image\" content=\"https:\/\/kamenicky.art\/wp-content\/uploads\/2025\/08\/Nr-217-ABSTRACT-GRAFITI-_2_.jpg\" \/>\n\t<meta property=\"og:image:width\" content=\"2048\" \/>\n\t<meta property=\"og:image:height\" content=\"1598\" \/>\n\t<meta property=\"og:image:type\" content=\"image\/jpeg\" \/>\n<meta name=\"twitter:card\" content=\"summary_large_image\" \/>\n<meta name=\"twitter:label1\" content=\"\u9884\u8ba1\u9605\u8bfb\u65f6\u95f4\" \/>\n\t<meta name=\"twitter:data1\" content=\"1 \u5206\" \/>\n<script type=\"application\/ld+json\" class=\"yoast-schema-graph\">{\"@context\":\"https:\/\/schema.org\",\"@graph\":[{\"@type\":\"WebPage\",\"@id\":\"https:\/\/kamenicky.art\/produkt\/abstract-graffiti-2\/\",\"url\":\"https:\/\/kamenicky.art\/produkt\/abstract-graffiti-2\/\",\"name\":\"ABSTRACT GRAFFITI 2 - Laco Kamenick\u00fd\",\"isPartOf\":{\"@id\":\"https:\/\/kamenicky.art\/#website\"},\"primaryImageOfPage\":{\"@id\":\"https:\/\/kamenicky.art\/produkt\/abstract-graffiti-2\/#primaryimage\"},\"image\":{\"@id\":\"https:\/\/kamenicky.art\/produkt\/abstract-graffiti-2\/#primaryimage\"},\"thumbnailUrl\":\"https:\/\/kamenicky.art\/wp-content\/uploads\/2025\/08\/Nr-217-ABSTRACT-GRAFITI-_2_.jpg\",\"datePublished\":\"2025-03-07T17:17:40+00:00\",\"dateModified\":\"2026-01-08T19:01:00+00:00\",\"breadcrumb\":{\"@id\":\"https:\/\/kamenicky.art\/produkt\/abstract-graffiti-2\/#breadcrumb\"},\"inLanguage\":\"zh-Hans\",\"potentialAction\":[{\"@type\":\"ReadAction\",\"target\":[\"https:\/\/kamenicky.art\/produkt\/abstract-graffiti-2\/\"]}]},{\"@type\":\"ImageObject\",\"inLanguage\":\"zh-Hans\",\"@id\":\"https:\/\/kamenicky.art\/produkt\/abstract-graffiti-2\/#primaryimage\",\"url\":\"https:\/\/kamenicky.art\/wp-content\/uploads\/2025\/08\/Nr-217-ABSTRACT-GRAFITI-_2_.jpg\",\"contentUrl\":\"https:\/\/kamenicky.art\/wp-content\/uploads\/2025\/08\/Nr-217-ABSTRACT-GRAFITI-_2_.jpg\",\"width\":2048,\"height\":1598},{\"@type\":\"BreadcrumbList\",\"@id\":\"https:\/\/kamenicky.art\/produkt\/abstract-graffiti-2\/#breadcrumb\",\"itemListElement\":[{\"@type\":\"ListItem\",\"position\":1,\"name\":\"Home\",\"item\":\"https:\/\/kamenicky.art\/\"},{\"@type\":\"ListItem\",\"position\":2,\"name\":\"Obchod\",\"item\":\"https:\/\/kamenicky.art\/?page_id=567\"},{\"@type\":\"ListItem\",\"position\":3,\"name\":\"ABSTRACT GRAFFITI 2\"}]},{\"@type\":\"WebSite\",\"@id\":\"https:\/\/kamenicky.art\/#website\",\"url\":\"https:\/\/kamenicky.art\/\",\"name\":\"Laco Kamenick\u00fd\",\"description\":\"\",\"publisher\":{\"@id\":\"https:\/\/kamenicky.art\/#organization\"},\"potentialAction\":[{\"@type\":\"SearchAction\",\"target\":{\"@type\":\"EntryPoint\",\"urlTemplate\":\"https:\/\/kamenicky.art\/?s={search_term_string}\"},\"query-input\":{\"@type\":\"PropertyValueSpecification\",\"valueRequired\":true,\"valueName\":\"search_term_string\"}}],\"inLanguage\":\"zh-Hans\"},{\"@type\":\"Organization\",\"@id\":\"https:\/\/kamenicky.art\/#organization\",\"name\":\"Laco Kamenick\u00fd\",\"url\":\"https:\/\/kamenicky.art\/\",\"logo\":{\"@type\":\"ImageObject\",\"inLanguage\":\"zh-Hans\",\"@id\":\"https:\/\/kamenicky.art\/#\/schema\/logo\/image\/\",\"url\":\"https:\/\/kamenicky.art\/wp-content\/uploads\/2025\/07\/logo_lk.jpg\",\"contentUrl\":\"https:\/\/kamenicky.art\/wp-content\/uploads\/2025\/07\/logo_lk.jpg\",\"width\":900,\"height\":900,\"caption\":\"Laco Kamenick\u00fd\"},\"image\":{\"@id\":\"https:\/\/kamenicky.art\/#\/schema\/logo\/image\/\"}}]}<\/script>\n<!-- \/ Yoast SEO plugin. -->","yoast_head_json":{"title":"ABSTRACT GRAFFITI 2 - Laco Kamenick\u00fd","robots":{"index":"index","follow":"follow","max-snippet":"max-snippet:-1","max-image-preview":"max-image-preview:large","max-video-preview":"max-video-preview:-1"},"canonical":"https:\/\/kamenicky.art\/zh\/product\/abstract-graffiti-2\/","og_locale":"zh_CN","og_type":"article","og_title":"ABSTRACT GRAFFITI 2 - Laco Kamenick\u00fd","og_description":"V\u00a0diele ABSTRACT GRAFFITI 2 autor kombin\u00e1ciou v\u00fdrazn\u00fdch kont\u00far, gesta a vrstiev farby vytv\u00e1ra kompoz\u00edciu, ktor\u00e1 pulzuje rytmom pouli\u010dn\u00e9ho p\u00edsma. Ka\u017ed\u00fd \u0165ah \u0161tetca p\u00f4sob\u00ed ako znak; vrstvy sa navz\u00e1jom striedaj\u00fa, prekr\u00fdvaj\u00fa a odha\u013euj\u00fa \u2013 akoby autor sk\u00famal hranice medzi spont\u00e1nnos\u0165ou a z\u00e1merom. Kamenick\u00fd rozv\u00edja dial\u00f3g medzi presnos\u0165ou l\u00ednie a neur\u010ditos\u0165ou farebn\u00e9ho priestoru. Meandrovit\u00e9 kont\u00fary, ktor\u00e9 sa [&hellip;]","og_url":"https:\/\/kamenicky.art\/zh\/product\/abstract-graffiti-2\/","og_site_name":"Laco Kamenick\u00fd","article_modified_time":"2026-01-08T19:01:00+00:00","og_image":[{"width":2048,"height":1598,"url":"https:\/\/kamenicky.art\/wp-content\/uploads\/2025\/08\/Nr-217-ABSTRACT-GRAFITI-_2_.jpg","type":"image\/jpeg"}],"twitter_card":"summary_large_image","twitter_misc":{"\u9884\u8ba1\u9605\u8bfb\u65f6\u95f4":"1 \u5206"},"schema":{"@context":"https:\/\/schema.org","@graph":[{"@type":"WebPage","@id":"https:\/\/kamenicky.art\/produkt\/abstract-graffiti-2\/","url":"https:\/\/kamenicky.art\/produkt\/abstract-graffiti-2\/","name":"ABSTRACT GRAFFITI 2 - Laco Kamenick\u00fd","isPartOf":{"@id":"https:\/\/kamenicky.art\/#website"},"primaryImageOfPage":{"@id":"https:\/\/kamenicky.art\/produkt\/abstract-graffiti-2\/#primaryimage"},"image":{"@id":"https:\/\/kamenicky.art\/produkt\/abstract-graffiti-2\/#primaryimage"},"thumbnailUrl":"https:\/\/kamenicky.art\/wp-content\/uploads\/2025\/08\/Nr-217-ABSTRACT-GRAFITI-_2_.jpg","datePublished":"2025-03-07T17:17:40+00:00","dateModified":"2026-01-08T19:01:00+00:00","breadcrumb":{"@id":"https:\/\/kamenicky.art\/produkt\/abstract-graffiti-2\/#breadcrumb"},"inLanguage":"zh-Hans","potentialAction":[{"@type":"ReadAction","target":["https:\/\/kamenicky.art\/produkt\/abstract-graffiti-2\/"]}]},{"@type":"ImageObject","inLanguage":"zh-Hans","@id":"https:\/\/kamenicky.art\/produkt\/abstract-graffiti-2\/#primaryimage","url":"https:\/\/kamenicky.art\/wp-content\/uploads\/2025\/08\/Nr-217-ABSTRACT-GRAFITI-_2_.jpg","contentUrl":"https:\/\/kamenicky.art\/wp-content\/uploads\/2025\/08\/Nr-217-ABSTRACT-GRAFITI-_2_.jpg","width":2048,"height":1598},{"@type":"BreadcrumbList","@id":"https:\/\/kamenicky.art\/produkt\/abstract-graffiti-2\/#breadcrumb","itemListElement":[{"@type":"ListItem","position":1,"name":"Home","item":"https:\/\/kamenicky.art\/"},{"@type":"ListItem","position":2,"name":"Obchod","item":"https:\/\/kamenicky.art\/?page_id=567"},{"@type":"ListItem","position":3,"name":"ABSTRACT GRAFFITI 2"}]},{"@type":"WebSite","@id":"https:\/\/kamenicky.art\/#website","url":"https:\/\/kamenicky.art\/","name":"Laco Kamenick\u00fd","description":"","publisher":{"@id":"https:\/\/kamenicky.art\/#organization"},"potentialAction":[{"@type":"SearchAction","target":{"@type":"EntryPoint","urlTemplate":"https:\/\/kamenicky.art\/?s={search_term_string}"},"query-input":{"@type":"PropertyValueSpecification","valueRequired":true,"valueName":"search_term_string"}}],"inLanguage":"zh-Hans"},{"@type":"Organization","@id":"https:\/\/kamenicky.art\/#organization","name":"Laco Kamenick\u00fd","url":"https:\/\/kamenicky.art\/","logo":{"@type":"ImageObject","inLanguage":"zh-Hans","@id":"https:\/\/kamenicky.art\/#\/schema\/logo\/image\/","url":"https:\/\/kamenicky.art\/wp-content\/uploads\/2025\/07\/logo_lk.jpg","contentUrl":"https:\/\/kamenicky.art\/wp-content\/uploads\/2025\/07\/logo_lk.jpg","width":900,"height":900,"caption":"Laco Kamenick\u00fd"},"image":{"@id":"https:\/\/kamenicky.art\/#\/schema\/logo\/image\/"}}]}},"_links":{"self":[{"href":"https:\/\/kamenicky.art\/zh\/wp-json\/wp\/v2\/product\/1523","targetHints":{"allow":["GET"]}}],"collection":[{"href":"https:\/\/kamenicky.art\/zh\/wp-json\/wp\/v2\/product"}],"about":[{"href":"https:\/\/kamenicky.art\/zh\/wp-json\/wp\/v2\/types\/product"}],"wp:featuredmedia":[{"embeddable":true,"href":"https:\/\/kamenicky.art\/zh\/wp-json\/wp\/v2\/media\/1319"}],"wp:attachment":[{"href":"https:\/\/kamenicky.art\/zh\/wp-json\/wp\/v2\/media?parent=1523"}],"wp:term":[{"taxonomy":"artwork-dimension","embeddable":true,"href":"https:\/\/kamenicky.art\/zh\/wp-json\/wp\/v2\/artwork-dimension?post=1523"},{"taxonomy":"artwork-style","embeddable":true,"href":"https:\/\/kamenicky.art\/zh\/wp-json\/wp\/v2\/artwork-style?post=1523"},{"taxonomy":"artwork-type","embeddable":true,"href":"https:\/\/kamenicky.art\/zh\/wp-json\/wp\/v2\/artwork-type?post=1523"},{"taxonomy":"artwork-year","embeddable":true,"href":"https:\/\/kamenicky.art\/zh\/wp-json\/wp\/v2\/artwork-year?post=1523"},{"taxonomy":"product_brand","embeddable":true,"href":"https:\/\/kamenicky.art\/zh\/wp-json\/wp\/v2\/product_brand?post=1523"},{"taxonomy":"product_cat","embeddable":true,"href":"https:\/\/kamenicky.art\/zh\/wp-json\/wp\/v2\/product_cat?post=1523"},{"taxonomy":"product_tag","embeddable":true,"href":"https:\/\/kamenicky.art\/zh\/wp-json\/wp\/v2\/product_tag?post=1523"}],"curies":[{"name":"wp","href":"https:\/\/api.w.org\/{rel}","templated":true}]}}