{"id":1228,"date":"2025-05-22T16:54:09","date_gmt":"2025-05-22T14:54:09","guid":{"rendered":"https:\/\/kamenicky.art\/?post_type=product&#038;p=1228"},"modified":"2026-01-08T19:57:27","modified_gmt":"2026-01-08T18:57:27","slug":"za-prekazkami-je-raj","status":"publish","type":"product","link":"https:\/\/kamenicky.art\/zh\/product\/za-prekazkami-je-raj\/","title":{"rendered":"\u969c\u788d\u4e4b\u5916\u662f\u5929\u5802 (\"BEHIND THE OBSTACLES IS PARADISE\")"},"content":{"rendered":"<p>\u5728\u300aBehind the Obstacles Is Paradise\u300b\u4e2d\uff0c\u827a\u672f\u5bb6\u5448\u73b0\u51fa\u4e00\u79cd\u6096\u8bba\u5f0f\u7684\u613f\u666f\uff1a\u90a3\u4e9b\u770b\u4f3c\u9065\u8fdc\u6216\u4e0d\u53ef\u53ca\u7684\u4e8b\u7269\uff0c\u5176\u5b9e\u5c31\u5b58\u5728\u4e8e\u611f\u77e5\u7684\u8fb9\u754c\u4e4b\u5916\u3002\u679d\u53f6\u3001\u9634\u5f71\u4e0e\u7269\u8d28\u7684\u5c42\u5c42\u5806\u53e0\u2014\u2014\u90fd\u6210\u4e3a\u969c\u788d\uff0c\u8c61\u5f81\u7740\u963b\u6321\u6e05\u6670\u89c6\u91ce\u7684\u6323\u624e\u4e0e\u8d1f\u62c5\u3002\n\u5361\u6885\u5c3c\u8328\u57fa\u5e76\u672a\u5c06\u5b83\u4eec\u63cf\u7ed8\u4e3a\u9700\u8981\u6e05\u9664\u7684\u4e1c\u897f\uff0c\u800c\u662f\u89c6\u4f5c\u8ffd\u5bfb\u5149\u660e\u8fc7\u7a0b\u4e2d\u4e0d\u53ef\u5206\u5272\u7684\u4e00\u90e8\u5206\u3002\n\u5728\u540c\u4e00\u5e45\u6784\u56fe\u4e2d\uff0c\u7ec6\u5fae\u7684\u5149\u8ff9\u4e0e\u534a\u900f\u660e\u7684\u7a7a\u95f4\u6d6e\u73b0\u51fa\u6765\u2014\u2014\u4eff\u4f5b\u201c\u5929\u5802\u201d\u3001\u4e00\u79cd\u5b81\u9759\u6216\u8d85\u8d8a\u7684\u72b6\u6001\uff0c\u9759\u9759\u5730\u7b49\u5f85\u5728\u53ef\u89c1\u4e4b\u7269\u7684\u80cc\u540e\u3002\n\u900f\u8fc7\u5c42\u5c42\u53e0\u53e0\u7684\u5149\u5e76\u672a\u731b\u70c8\u5730\u8ff8\u53d1\uff0c\u800c\u662f\u6e29\u67d4\u5730\u6e17\u51fa\uff0c\u6697\u793a\u7740\u5728\u7269\u8d28\u4e4b\u5916\u8fd8\u5b58\u5728\u7740\u66f4\u6df1\u7684\u4e1c\u897f\u3002\n\u67d4\u548c\u7684\u7070\u7eff\u8272\u8c03\u4e0e\u5fae\u5149\u7684\u5149\u6cfd\u5524\u8d77\u5e73\u9759\u800c\u975e\u5f20\u529b\u2014\u2014\u8fd9\u662f\u4e00\u79cd\u9759\u8c27\u7684\u53ec\u5524\uff0c\u5f15\u5411\u542f\u660e\u3002\u753b\u4f5c\u63ed\u793a\u4e86\u4e00\u79cd\u6096\u8bba\uff1a\u5149\u5e76\u975e\u5c3d\u7ba1\u969c\u788d\u800c\u751f\uff0c\u800c\u662f\u901a\u8fc7\u969c\u788d\u800c\u751f\u3002<\/p>","protected":false},"excerpt":{"rendered":"<p>Dielo ZA PREK\u00c1\u017dKAMI JE RAJ predstavuje paradoxn\u00fa realitu: to, \u010do sa zd\u00e1 vzdialen\u00e9 alebo nedostupn\u00e9, le\u017e\u00ed priamo za hranicou na\u0161ich limitov. Kon\u00e1re, tiene, vrstvy hmoty \u2013 to v\u0161etko p\u00f4sob\u00ed ako prek\u00e1\u017eky, symbolizuj\u00fa probl\u00e9my, \u0165a\u017ekosti, ktor\u00e9 blokuj\u00fa priamy v\u00fdh\u013ead. Kamenick\u00fd ich ma\u013euje nie ako nie\u010do, \u010do treba odstr\u00e1ni\u0165, ale ako neoddelite\u013en\u00fa s\u00fa\u010das\u0165 h\u013eadania svetla. V tej [&hellip;]<\/p>","protected":false},"featured_media":989,"template":"","meta":{"_acf_changed":false,"_editorskit_title_hidden":false,"_editorskit_reading_time":0,"_editorskit_is_block_options_detached":false,"_editorskit_block_options_position":"{}","_monsterinsights_skip_tracking":false,"_monsterinsights_sitenote_active":false,"_monsterinsights_sitenote_note":"","_monsterinsights_sitenote_category":0},"artwork-dimension":[33],"artwork-style":[8],"artwork-type":[11],"artwork-year":[349],"product_brand":[],"product_cat":[337],"product_tag":[],"class_list":{"0":"post-1228","1":"product","2":"type-product","3":"status-publish","4":"has-post-thumbnail","6":"artwork-dimension-140-x-200-cm","7":"artwork-style-acryl-on-canvas","8":"artwork-type-abstract","9":"artwork-year-349","10":"product_cat-nezaradene","12":"first","13":"instock","14":"shipping-taxable","15":"product-type-simple"},"acf":[],"yoast_head":"<!-- This site is optimized with the Yoast SEO plugin v27.0 - https:\/\/yoast.com\/product\/yoast-seo-wordpress\/ -->\n<title>ZA PREK\u00c1\u017dKAMI JE RAJ - Laco Kamenick\u00fd<\/title>\n<meta name=\"robots\" content=\"index, follow, max-snippet:-1, max-image-preview:large, max-video-preview:-1\" \/>\n<link rel=\"canonical\" href=\"https:\/\/kamenicky.art\/zh\/product\/za-prekazkami-je-raj\/\" \/>\n<meta property=\"og:locale\" content=\"zh_CN\" \/>\n<meta property=\"og:type\" content=\"article\" \/>\n<meta property=\"og:title\" content=\"ZA PREK\u00c1\u017dKAMI JE RAJ - Laco Kamenick\u00fd\" \/>\n<meta property=\"og:description\" content=\"Dielo ZA PREK\u00c1\u017dKAMI JE RAJ predstavuje paradoxn\u00fa realitu: to, \u010do sa zd\u00e1 vzdialen\u00e9 alebo nedostupn\u00e9, le\u017e\u00ed priamo za hranicou na\u0161ich limitov. Kon\u00e1re, tiene, vrstvy hmoty \u2013 to v\u0161etko p\u00f4sob\u00ed ako prek\u00e1\u017eky, symbolizuj\u00fa probl\u00e9my, \u0165a\u017ekosti, ktor\u00e9 blokuj\u00fa priamy v\u00fdh\u013ead. Kamenick\u00fd ich ma\u013euje nie ako nie\u010do, \u010do treba odstr\u00e1ni\u0165, ale ako neoddelite\u013en\u00fa s\u00fa\u010das\u0165 h\u013eadania svetla. V tej [&hellip;]\" \/>\n<meta property=\"og:url\" content=\"https:\/\/kamenicky.art\/zh\/product\/za-prekazkami-je-raj\/\" \/>\n<meta property=\"og:site_name\" content=\"Laco Kamenick\u00fd\" \/>\n<meta property=\"article:modified_time\" content=\"2026-01-08T18:57:27+00:00\" \/>\n<meta property=\"og:image\" content=\"https:\/\/kamenicky.art\/wp-content\/uploads\/2025\/08\/Nr-232-BEHIND-THE-OBSTACLES-IS-PARADISE.jpg\" \/>\n\t<meta property=\"og:image:width\" content=\"2048\" \/>\n\t<meta property=\"og:image:height\" content=\"1422\" \/>\n\t<meta property=\"og:image:type\" content=\"image\/jpeg\" \/>\n<meta name=\"twitter:card\" content=\"summary_large_image\" \/>\n<meta name=\"twitter:label1\" content=\"\u9884\u8ba1\u9605\u8bfb\u65f6\u95f4\" \/>\n\t<meta name=\"twitter:data1\" content=\"1 \u5206\" \/>\n<script type=\"application\/ld+json\" class=\"yoast-schema-graph\">{\"@context\":\"https:\/\/schema.org\",\"@graph\":[{\"@type\":\"WebPage\",\"@id\":\"https:\/\/kamenicky.art\/produkt\/za-prekazkami-je-raj\/\",\"url\":\"https:\/\/kamenicky.art\/produkt\/za-prekazkami-je-raj\/\",\"name\":\"ZA PREK\u00c1\u017dKAMI JE RAJ - Laco Kamenick\u00fd\",\"isPartOf\":{\"@id\":\"https:\/\/kamenicky.art\/#website\"},\"primaryImageOfPage\":{\"@id\":\"https:\/\/kamenicky.art\/produkt\/za-prekazkami-je-raj\/#primaryimage\"},\"image\":{\"@id\":\"https:\/\/kamenicky.art\/produkt\/za-prekazkami-je-raj\/#primaryimage\"},\"thumbnailUrl\":\"https:\/\/kamenicky.art\/wp-content\/uploads\/2025\/08\/Nr-232-BEHIND-THE-OBSTACLES-IS-PARADISE.jpg\",\"datePublished\":\"2025-05-22T14:54:09+00:00\",\"dateModified\":\"2026-01-08T18:57:27+00:00\",\"breadcrumb\":{\"@id\":\"https:\/\/kamenicky.art\/produkt\/za-prekazkami-je-raj\/#breadcrumb\"},\"inLanguage\":\"zh-Hans\",\"potentialAction\":[{\"@type\":\"ReadAction\",\"target\":[\"https:\/\/kamenicky.art\/produkt\/za-prekazkami-je-raj\/\"]}]},{\"@type\":\"ImageObject\",\"inLanguage\":\"zh-Hans\",\"@id\":\"https:\/\/kamenicky.art\/produkt\/za-prekazkami-je-raj\/#primaryimage\",\"url\":\"https:\/\/kamenicky.art\/wp-content\/uploads\/2025\/08\/Nr-232-BEHIND-THE-OBSTACLES-IS-PARADISE.jpg\",\"contentUrl\":\"https:\/\/kamenicky.art\/wp-content\/uploads\/2025\/08\/Nr-232-BEHIND-THE-OBSTACLES-IS-PARADISE.jpg\",\"width\":2048,\"height\":1422},{\"@type\":\"BreadcrumbList\",\"@id\":\"https:\/\/kamenicky.art\/produkt\/za-prekazkami-je-raj\/#breadcrumb\",\"itemListElement\":[{\"@type\":\"ListItem\",\"position\":1,\"name\":\"Home\",\"item\":\"https:\/\/kamenicky.art\/\"},{\"@type\":\"ListItem\",\"position\":2,\"name\":\"Obchod\",\"item\":\"https:\/\/kamenicky.art\/?page_id=567\"},{\"@type\":\"ListItem\",\"position\":3,\"name\":\"ZA PREK\u00c1\u017dKAMI JE RAJ\"}]},{\"@type\":\"WebSite\",\"@id\":\"https:\/\/kamenicky.art\/#website\",\"url\":\"https:\/\/kamenicky.art\/\",\"name\":\"Laco Kamenick\u00fd\",\"description\":\"\",\"publisher\":{\"@id\":\"https:\/\/kamenicky.art\/#organization\"},\"potentialAction\":[{\"@type\":\"SearchAction\",\"target\":{\"@type\":\"EntryPoint\",\"urlTemplate\":\"https:\/\/kamenicky.art\/?s={search_term_string}\"},\"query-input\":{\"@type\":\"PropertyValueSpecification\",\"valueRequired\":true,\"valueName\":\"search_term_string\"}}],\"inLanguage\":\"zh-Hans\"},{\"@type\":\"Organization\",\"@id\":\"https:\/\/kamenicky.art\/#organization\",\"name\":\"Laco Kamenick\u00fd\",\"url\":\"https:\/\/kamenicky.art\/\",\"logo\":{\"@type\":\"ImageObject\",\"inLanguage\":\"zh-Hans\",\"@id\":\"https:\/\/kamenicky.art\/#\/schema\/logo\/image\/\",\"url\":\"https:\/\/kamenicky.art\/wp-content\/uploads\/2025\/07\/logo_lk.jpg\",\"contentUrl\":\"https:\/\/kamenicky.art\/wp-content\/uploads\/2025\/07\/logo_lk.jpg\",\"width\":900,\"height\":900,\"caption\":\"Laco Kamenick\u00fd\"},\"image\":{\"@id\":\"https:\/\/kamenicky.art\/#\/schema\/logo\/image\/\"}}]}<\/script>\n<!-- \/ Yoast SEO plugin. -->","yoast_head_json":{"title":"ZA PREK\u00c1\u017dKAMI JE RAJ - Laco Kamenick\u00fd","robots":{"index":"index","follow":"follow","max-snippet":"max-snippet:-1","max-image-preview":"max-image-preview:large","max-video-preview":"max-video-preview:-1"},"canonical":"https:\/\/kamenicky.art\/zh\/product\/za-prekazkami-je-raj\/","og_locale":"zh_CN","og_type":"article","og_title":"ZA PREK\u00c1\u017dKAMI JE RAJ - Laco Kamenick\u00fd","og_description":"Dielo ZA PREK\u00c1\u017dKAMI JE RAJ predstavuje paradoxn\u00fa realitu: to, \u010do sa zd\u00e1 vzdialen\u00e9 alebo nedostupn\u00e9, le\u017e\u00ed priamo za hranicou na\u0161ich limitov. Kon\u00e1re, tiene, vrstvy hmoty \u2013 to v\u0161etko p\u00f4sob\u00ed ako prek\u00e1\u017eky, symbolizuj\u00fa probl\u00e9my, \u0165a\u017ekosti, ktor\u00e9 blokuj\u00fa priamy v\u00fdh\u013ead. Kamenick\u00fd ich ma\u013euje nie ako nie\u010do, \u010do treba odstr\u00e1ni\u0165, ale ako neoddelite\u013en\u00fa s\u00fa\u010das\u0165 h\u013eadania svetla. V tej [&hellip;]","og_url":"https:\/\/kamenicky.art\/zh\/product\/za-prekazkami-je-raj\/","og_site_name":"Laco Kamenick\u00fd","article_modified_time":"2026-01-08T18:57:27+00:00","og_image":[{"width":2048,"height":1422,"url":"https:\/\/kamenicky.art\/wp-content\/uploads\/2025\/08\/Nr-232-BEHIND-THE-OBSTACLES-IS-PARADISE.jpg","type":"image\/jpeg"}],"twitter_card":"summary_large_image","twitter_misc":{"\u9884\u8ba1\u9605\u8bfb\u65f6\u95f4":"1 \u5206"},"schema":{"@context":"https:\/\/schema.org","@graph":[{"@type":"WebPage","@id":"https:\/\/kamenicky.art\/produkt\/za-prekazkami-je-raj\/","url":"https:\/\/kamenicky.art\/produkt\/za-prekazkami-je-raj\/","name":"ZA PREK\u00c1\u017dKAMI JE RAJ - Laco Kamenick\u00fd","isPartOf":{"@id":"https:\/\/kamenicky.art\/#website"},"primaryImageOfPage":{"@id":"https:\/\/kamenicky.art\/produkt\/za-prekazkami-je-raj\/#primaryimage"},"image":{"@id":"https:\/\/kamenicky.art\/produkt\/za-prekazkami-je-raj\/#primaryimage"},"thumbnailUrl":"https:\/\/kamenicky.art\/wp-content\/uploads\/2025\/08\/Nr-232-BEHIND-THE-OBSTACLES-IS-PARADISE.jpg","datePublished":"2025-05-22T14:54:09+00:00","dateModified":"2026-01-08T18:57:27+00:00","breadcrumb":{"@id":"https:\/\/kamenicky.art\/produkt\/za-prekazkami-je-raj\/#breadcrumb"},"inLanguage":"zh-Hans","potentialAction":[{"@type":"ReadAction","target":["https:\/\/kamenicky.art\/produkt\/za-prekazkami-je-raj\/"]}]},{"@type":"ImageObject","inLanguage":"zh-Hans","@id":"https:\/\/kamenicky.art\/produkt\/za-prekazkami-je-raj\/#primaryimage","url":"https:\/\/kamenicky.art\/wp-content\/uploads\/2025\/08\/Nr-232-BEHIND-THE-OBSTACLES-IS-PARADISE.jpg","contentUrl":"https:\/\/kamenicky.art\/wp-content\/uploads\/2025\/08\/Nr-232-BEHIND-THE-OBSTACLES-IS-PARADISE.jpg","width":2048,"height":1422},{"@type":"BreadcrumbList","@id":"https:\/\/kamenicky.art\/produkt\/za-prekazkami-je-raj\/#breadcrumb","itemListElement":[{"@type":"ListItem","position":1,"name":"Home","item":"https:\/\/kamenicky.art\/"},{"@type":"ListItem","position":2,"name":"Obchod","item":"https:\/\/kamenicky.art\/?page_id=567"},{"@type":"ListItem","position":3,"name":"ZA PREK\u00c1\u017dKAMI JE RAJ"}]},{"@type":"WebSite","@id":"https:\/\/kamenicky.art\/#website","url":"https:\/\/kamenicky.art\/","name":"Laco Kamenick\u00fd","description":"","publisher":{"@id":"https:\/\/kamenicky.art\/#organization"},"potentialAction":[{"@type":"SearchAction","target":{"@type":"EntryPoint","urlTemplate":"https:\/\/kamenicky.art\/?s={search_term_string}"},"query-input":{"@type":"PropertyValueSpecification","valueRequired":true,"valueName":"search_term_string"}}],"inLanguage":"zh-Hans"},{"@type":"Organization","@id":"https:\/\/kamenicky.art\/#organization","name":"Laco Kamenick\u00fd","url":"https:\/\/kamenicky.art\/","logo":{"@type":"ImageObject","inLanguage":"zh-Hans","@id":"https:\/\/kamenicky.art\/#\/schema\/logo\/image\/","url":"https:\/\/kamenicky.art\/wp-content\/uploads\/2025\/07\/logo_lk.jpg","contentUrl":"https:\/\/kamenicky.art\/wp-content\/uploads\/2025\/07\/logo_lk.jpg","width":900,"height":900,"caption":"Laco Kamenick\u00fd"},"image":{"@id":"https:\/\/kamenicky.art\/#\/schema\/logo\/image\/"}}]}},"_links":{"self":[{"href":"https:\/\/kamenicky.art\/zh\/wp-json\/wp\/v2\/product\/1228","targetHints":{"allow":["GET"]}}],"collection":[{"href":"https:\/\/kamenicky.art\/zh\/wp-json\/wp\/v2\/product"}],"about":[{"href":"https:\/\/kamenicky.art\/zh\/wp-json\/wp\/v2\/types\/product"}],"wp:featuredmedia":[{"embeddable":true,"href":"https:\/\/kamenicky.art\/zh\/wp-json\/wp\/v2\/media\/989"}],"wp:attachment":[{"href":"https:\/\/kamenicky.art\/zh\/wp-json\/wp\/v2\/media?parent=1228"}],"wp:term":[{"taxonomy":"artwork-dimension","embeddable":true,"href":"https:\/\/kamenicky.art\/zh\/wp-json\/wp\/v2\/artwork-dimension?post=1228"},{"taxonomy":"artwork-style","embeddable":true,"href":"https:\/\/kamenicky.art\/zh\/wp-json\/wp\/v2\/artwork-style?post=1228"},{"taxonomy":"artwork-type","embeddable":true,"href":"https:\/\/kamenicky.art\/zh\/wp-json\/wp\/v2\/artwork-type?post=1228"},{"taxonomy":"artwork-year","embeddable":true,"href":"https:\/\/kamenicky.art\/zh\/wp-json\/wp\/v2\/artwork-year?post=1228"},{"taxonomy":"product_brand","embeddable":true,"href":"https:\/\/kamenicky.art\/zh\/wp-json\/wp\/v2\/product_brand?post=1228"},{"taxonomy":"product_cat","embeddable":true,"href":"https:\/\/kamenicky.art\/zh\/wp-json\/wp\/v2\/product_cat?post=1228"},{"taxonomy":"product_tag","embeddable":true,"href":"https:\/\/kamenicky.art\/zh\/wp-json\/wp\/v2\/product_tag?post=1228"}],"curies":[{"name":"wp","href":"https:\/\/api.w.org\/{rel}","templated":true}]}}