{"id":1212,"date":"2025-05-01T16:36:00","date_gmt":"2025-05-01T14:36:00","guid":{"rendered":"https:\/\/kamenicky.art\/?post_type=product&#038;p=1212"},"modified":"2026-01-08T19:59:22","modified_gmt":"2026-01-08T18:59:22","slug":"velka-ziara","status":"publish","type":"product","link":"https:\/\/kamenicky.art\/zh\/product\/velka-ziara\/","title":{"rendered":"\u5de8\u5927\u5149\u8f89 (\"BIG GLOW\")"},"content":{"rendered":"<p>\u5728\u300aBig Glow\u300b\u4e2d\uff0c\u9634\u5f71\u7684\u75d5\u8ff9\u4e0e\u5149\u7684\u5fae\u5149\u5728\u900f\u660e\u7684\u5c42\u6b21\u4e0b\u7f13\u7f13\u71c3\u70e7\u3001\u6d6e\u73b0\u3002\u524d\u666f\u4e2d\u7684\u679d\u6761\u5982\u540c\u753b\u6846\u2014\u2014\u662f\u5c18\u4e16\u7684\u951a\u70b9\u2014\u2014\u800c\u5728\u5b83\u4eec\u4e4b\u540e\uff0c\u9690\u9690\u95ea\u8000\u7740\u5c1a\u672a\u5b8c\u5168\u663e\u9732\u7684\u5149\u6e90\u3002<\/p>\n<p>\u8272\u5f69\u7ec6\u817b\u5374\u9971\u542b\u529b\u91cf\u2014\u2014\u4e00\u79cd\u5fae\u5f31\u800c\u5f25\u6563\u7684\u5149\u8f89\u5438\u5f15\u7740\u76ee\u5149\uff0c\u8574\u542b\u7740\u542f\u793a\u524d\u7684\u5b81\u9759\u3002\u6df1\u8272\u7ebf\u6761\u4e0e\u660e\u4eae\u533a\u57df\u4e4b\u95f4\u7684\u5f20\u529b\uff0c\u8868\u8fbe\u4e86\u7269\u8d28\u4e0e\u8d85\u8d8a\u4e4b\u95f4\u90a3\u8106\u5f31\u7684\u5e73\u8861\u3002\u8fd9\u5e45\u753b\u9080\u8bf7\u89c2\u8005\u505c\u7559\u5728\u90a3\u4e2d\u95f4\u7684\u7a7a\u95f4\u2014\u2014\u4ecb\u4e8e\u53ef\u89c1\u4e0e\u53ef\u611f\u3001\u9634\u5f71\u4e0e\u5149\u660e\u3001\u63a5\u53d7\u4e0e\u671f\u5f85\u4e4b\u95f4\u3002<\/p>\n<p>\u89c2\u8005\u6210\u4e3a\u573a\u666f\u7684\u4e00\u90e8\u5206\uff0c\u65e2\u88ab\u52a8\u53c8\u4e3b\u52a8\uff1a\u4eff\u4f5b\u8eba\u5728\u5f00\u9614\u7684\u5929\u7a7a\u4e0b\uff0c\u547c\u5438\u7740\u7a7a\u6c14\u7684\u6c14\u606f\u3002\u8fd9\u4ef6\u4f5c\u54c1\u4f53\u73b0\u4e86\u9ed1\u6697\u9000\u53bb\u3001\u5929\u7a79\u5f00\u542f\u7684\u90a3\u4e00\u523b\u3002\u300aBig Glow\u300b\u5728\u5e87\u62a4\u7684\u5b89\u6170\u4e0e\u5149\u7684\u63a5\u8fd1\u4e4b\u95f4\u8f7b\u8f7b\u6447\u66f3\u3002<\/p>","protected":false},"excerpt":{"rendered":"<p>V diele VE\u013dK\u00c1 \u017dIARA, tlej\u00fa stopy tie\u0148a i n\u00e1znak svetla, ktor\u00e9 sa preb\u00edja spoza vrstiev. Predn\u00e1 vrstva kon\u00e1rov p\u00f4sob\u00ed ako r\u00e1mcovanie existencie, pevn\u00e9 ukotvenie v zemi, zatia\u013e \u010do za \u0148ou \u017eiari zdroj, ktor\u00fd nie je \u00faplne odhalen\u00fd. Farby s\u00fa jemn\u00e9, no intenz\u00edvne \u2014 slabo rozpt\u00fdlen\u00e1 \u017eiara p\u00fata zrak, ako by v sebe niesla ticho, ktor\u00e9 [&hellip;]<\/p>","protected":false},"featured_media":973,"template":"","meta":{"_acf_changed":false,"_editorskit_title_hidden":false,"_editorskit_reading_time":0,"_editorskit_is_block_options_detached":false,"_editorskit_block_options_position":"{}","_monsterinsights_skip_tracking":false,"_monsterinsights_sitenote_active":false,"_monsterinsights_sitenote_note":"","_monsterinsights_sitenote_category":0},"artwork-dimension":[350],"artwork-style":[8],"artwork-type":[11],"artwork-year":[349],"product_brand":[],"product_cat":[337],"product_tag":[],"class_list":{"0":"post-1212","1":"product","2":"type-product","3":"status-publish","4":"has-post-thumbnail","6":"artwork-dimension-200-x-180-cm","7":"artwork-style-acryl-on-canvas","8":"artwork-type-abstract","9":"artwork-year-349","10":"product_cat-nezaradene","12":"first","13":"instock","14":"shipping-taxable","15":"product-type-simple"},"acf":[],"yoast_head":"<!-- This site is optimized with the Yoast SEO plugin v27.0 - https:\/\/yoast.com\/product\/yoast-seo-wordpress\/ -->\n<title>VE\u013dK\u00c1 \u017dIARA - Laco Kamenick\u00fd<\/title>\n<meta name=\"robots\" content=\"index, follow, max-snippet:-1, max-image-preview:large, max-video-preview:-1\" \/>\n<link rel=\"canonical\" href=\"https:\/\/kamenicky.art\/zh\/product\/velka-ziara\/\" \/>\n<meta property=\"og:locale\" content=\"zh_CN\" \/>\n<meta property=\"og:type\" content=\"article\" \/>\n<meta property=\"og:title\" content=\"VE\u013dK\u00c1 \u017dIARA - Laco Kamenick\u00fd\" \/>\n<meta property=\"og:description\" content=\"V diele VE\u013dK\u00c1 \u017dIARA, tlej\u00fa stopy tie\u0148a i n\u00e1znak svetla, ktor\u00e9 sa preb\u00edja spoza vrstiev. Predn\u00e1 vrstva kon\u00e1rov p\u00f4sob\u00ed ako r\u00e1mcovanie existencie, pevn\u00e9 ukotvenie v zemi, zatia\u013e \u010do za \u0148ou \u017eiari zdroj, ktor\u00fd nie je \u00faplne odhalen\u00fd. Farby s\u00fa jemn\u00e9, no intenz\u00edvne \u2014 slabo rozpt\u00fdlen\u00e1 \u017eiara p\u00fata zrak, ako by v sebe niesla ticho, ktor\u00e9 [&hellip;]\" \/>\n<meta property=\"og:url\" content=\"https:\/\/kamenicky.art\/zh\/product\/velka-ziara\/\" \/>\n<meta property=\"og:site_name\" content=\"Laco Kamenick\u00fd\" \/>\n<meta property=\"article:modified_time\" content=\"2026-01-08T18:59:22+00:00\" \/>\n<meta property=\"og:image\" content=\"https:\/\/kamenicky.art\/wp-content\/uploads\/2025\/08\/Nr-223-BIG-GLOW.jpg\" \/>\n\t<meta property=\"og:image:width\" content=\"1839\" \/>\n\t<meta property=\"og:image:height\" content=\"2048\" \/>\n\t<meta property=\"og:image:type\" content=\"image\/jpeg\" \/>\n<meta name=\"twitter:card\" content=\"summary_large_image\" \/>\n<meta name=\"twitter:label1\" content=\"\u9884\u8ba1\u9605\u8bfb\u65f6\u95f4\" \/>\n\t<meta name=\"twitter:data1\" content=\"2 \u5206\" \/>\n<script type=\"application\/ld+json\" class=\"yoast-schema-graph\">{\"@context\":\"https:\/\/schema.org\",\"@graph\":[{\"@type\":\"WebPage\",\"@id\":\"https:\/\/kamenicky.art\/produkt\/velka-ziara\/\",\"url\":\"https:\/\/kamenicky.art\/produkt\/velka-ziara\/\",\"name\":\"VE\u013dK\u00c1 \u017dIARA - Laco Kamenick\u00fd\",\"isPartOf\":{\"@id\":\"https:\/\/kamenicky.art\/#website\"},\"primaryImageOfPage\":{\"@id\":\"https:\/\/kamenicky.art\/produkt\/velka-ziara\/#primaryimage\"},\"image\":{\"@id\":\"https:\/\/kamenicky.art\/produkt\/velka-ziara\/#primaryimage\"},\"thumbnailUrl\":\"https:\/\/kamenicky.art\/wp-content\/uploads\/2025\/08\/Nr-223-BIG-GLOW.jpg\",\"datePublished\":\"2025-05-01T14:36:00+00:00\",\"dateModified\":\"2026-01-08T18:59:22+00:00\",\"breadcrumb\":{\"@id\":\"https:\/\/kamenicky.art\/produkt\/velka-ziara\/#breadcrumb\"},\"inLanguage\":\"zh-Hans\",\"potentialAction\":[{\"@type\":\"ReadAction\",\"target\":[\"https:\/\/kamenicky.art\/produkt\/velka-ziara\/\"]}]},{\"@type\":\"ImageObject\",\"inLanguage\":\"zh-Hans\",\"@id\":\"https:\/\/kamenicky.art\/produkt\/velka-ziara\/#primaryimage\",\"url\":\"https:\/\/kamenicky.art\/wp-content\/uploads\/2025\/08\/Nr-223-BIG-GLOW.jpg\",\"contentUrl\":\"https:\/\/kamenicky.art\/wp-content\/uploads\/2025\/08\/Nr-223-BIG-GLOW.jpg\",\"width\":1839,\"height\":2048},{\"@type\":\"BreadcrumbList\",\"@id\":\"https:\/\/kamenicky.art\/produkt\/velka-ziara\/#breadcrumb\",\"itemListElement\":[{\"@type\":\"ListItem\",\"position\":1,\"name\":\"Home\",\"item\":\"https:\/\/kamenicky.art\/\"},{\"@type\":\"ListItem\",\"position\":2,\"name\":\"Obchod\",\"item\":\"https:\/\/kamenicky.art\/?page_id=567\"},{\"@type\":\"ListItem\",\"position\":3,\"name\":\"VE\u013dK\u00c1 \u017dIARA\"}]},{\"@type\":\"WebSite\",\"@id\":\"https:\/\/kamenicky.art\/#website\",\"url\":\"https:\/\/kamenicky.art\/\",\"name\":\"Laco Kamenick\u00fd\",\"description\":\"\",\"publisher\":{\"@id\":\"https:\/\/kamenicky.art\/#organization\"},\"potentialAction\":[{\"@type\":\"SearchAction\",\"target\":{\"@type\":\"EntryPoint\",\"urlTemplate\":\"https:\/\/kamenicky.art\/?s={search_term_string}\"},\"query-input\":{\"@type\":\"PropertyValueSpecification\",\"valueRequired\":true,\"valueName\":\"search_term_string\"}}],\"inLanguage\":\"zh-Hans\"},{\"@type\":\"Organization\",\"@id\":\"https:\/\/kamenicky.art\/#organization\",\"name\":\"Laco Kamenick\u00fd\",\"url\":\"https:\/\/kamenicky.art\/\",\"logo\":{\"@type\":\"ImageObject\",\"inLanguage\":\"zh-Hans\",\"@id\":\"https:\/\/kamenicky.art\/#\/schema\/logo\/image\/\",\"url\":\"https:\/\/kamenicky.art\/wp-content\/uploads\/2025\/07\/logo_lk.jpg\",\"contentUrl\":\"https:\/\/kamenicky.art\/wp-content\/uploads\/2025\/07\/logo_lk.jpg\",\"width\":900,\"height\":900,\"caption\":\"Laco Kamenick\u00fd\"},\"image\":{\"@id\":\"https:\/\/kamenicky.art\/#\/schema\/logo\/image\/\"}}]}<\/script>\n<!-- \/ Yoast SEO plugin. -->","yoast_head_json":{"title":"VE\u013dK\u00c1 \u017dIARA - Laco Kamenick\u00fd","robots":{"index":"index","follow":"follow","max-snippet":"max-snippet:-1","max-image-preview":"max-image-preview:large","max-video-preview":"max-video-preview:-1"},"canonical":"https:\/\/kamenicky.art\/zh\/product\/velka-ziara\/","og_locale":"zh_CN","og_type":"article","og_title":"VE\u013dK\u00c1 \u017dIARA - Laco Kamenick\u00fd","og_description":"V diele VE\u013dK\u00c1 \u017dIARA, tlej\u00fa stopy tie\u0148a i n\u00e1znak svetla, ktor\u00e9 sa preb\u00edja spoza vrstiev. Predn\u00e1 vrstva kon\u00e1rov p\u00f4sob\u00ed ako r\u00e1mcovanie existencie, pevn\u00e9 ukotvenie v zemi, zatia\u013e \u010do za \u0148ou \u017eiari zdroj, ktor\u00fd nie je \u00faplne odhalen\u00fd. Farby s\u00fa jemn\u00e9, no intenz\u00edvne \u2014 slabo rozpt\u00fdlen\u00e1 \u017eiara p\u00fata zrak, ako by v sebe niesla ticho, ktor\u00e9 [&hellip;]","og_url":"https:\/\/kamenicky.art\/zh\/product\/velka-ziara\/","og_site_name":"Laco Kamenick\u00fd","article_modified_time":"2026-01-08T18:59:22+00:00","og_image":[{"width":1839,"height":2048,"url":"https:\/\/kamenicky.art\/wp-content\/uploads\/2025\/08\/Nr-223-BIG-GLOW.jpg","type":"image\/jpeg"}],"twitter_card":"summary_large_image","twitter_misc":{"\u9884\u8ba1\u9605\u8bfb\u65f6\u95f4":"2 \u5206"},"schema":{"@context":"https:\/\/schema.org","@graph":[{"@type":"WebPage","@id":"https:\/\/kamenicky.art\/produkt\/velka-ziara\/","url":"https:\/\/kamenicky.art\/produkt\/velka-ziara\/","name":"VE\u013dK\u00c1 \u017dIARA - Laco Kamenick\u00fd","isPartOf":{"@id":"https:\/\/kamenicky.art\/#website"},"primaryImageOfPage":{"@id":"https:\/\/kamenicky.art\/produkt\/velka-ziara\/#primaryimage"},"image":{"@id":"https:\/\/kamenicky.art\/produkt\/velka-ziara\/#primaryimage"},"thumbnailUrl":"https:\/\/kamenicky.art\/wp-content\/uploads\/2025\/08\/Nr-223-BIG-GLOW.jpg","datePublished":"2025-05-01T14:36:00+00:00","dateModified":"2026-01-08T18:59:22+00:00","breadcrumb":{"@id":"https:\/\/kamenicky.art\/produkt\/velka-ziara\/#breadcrumb"},"inLanguage":"zh-Hans","potentialAction":[{"@type":"ReadAction","target":["https:\/\/kamenicky.art\/produkt\/velka-ziara\/"]}]},{"@type":"ImageObject","inLanguage":"zh-Hans","@id":"https:\/\/kamenicky.art\/produkt\/velka-ziara\/#primaryimage","url":"https:\/\/kamenicky.art\/wp-content\/uploads\/2025\/08\/Nr-223-BIG-GLOW.jpg","contentUrl":"https:\/\/kamenicky.art\/wp-content\/uploads\/2025\/08\/Nr-223-BIG-GLOW.jpg","width":1839,"height":2048},{"@type":"BreadcrumbList","@id":"https:\/\/kamenicky.art\/produkt\/velka-ziara\/#breadcrumb","itemListElement":[{"@type":"ListItem","position":1,"name":"Home","item":"https:\/\/kamenicky.art\/"},{"@type":"ListItem","position":2,"name":"Obchod","item":"https:\/\/kamenicky.art\/?page_id=567"},{"@type":"ListItem","position":3,"name":"VE\u013dK\u00c1 \u017dIARA"}]},{"@type":"WebSite","@id":"https:\/\/kamenicky.art\/#website","url":"https:\/\/kamenicky.art\/","name":"Laco Kamenick\u00fd","description":"","publisher":{"@id":"https:\/\/kamenicky.art\/#organization"},"potentialAction":[{"@type":"SearchAction","target":{"@type":"EntryPoint","urlTemplate":"https:\/\/kamenicky.art\/?s={search_term_string}"},"query-input":{"@type":"PropertyValueSpecification","valueRequired":true,"valueName":"search_term_string"}}],"inLanguage":"zh-Hans"},{"@type":"Organization","@id":"https:\/\/kamenicky.art\/#organization","name":"Laco Kamenick\u00fd","url":"https:\/\/kamenicky.art\/","logo":{"@type":"ImageObject","inLanguage":"zh-Hans","@id":"https:\/\/kamenicky.art\/#\/schema\/logo\/image\/","url":"https:\/\/kamenicky.art\/wp-content\/uploads\/2025\/07\/logo_lk.jpg","contentUrl":"https:\/\/kamenicky.art\/wp-content\/uploads\/2025\/07\/logo_lk.jpg","width":900,"height":900,"caption":"Laco Kamenick\u00fd"},"image":{"@id":"https:\/\/kamenicky.art\/#\/schema\/logo\/image\/"}}]}},"_links":{"self":[{"href":"https:\/\/kamenicky.art\/zh\/wp-json\/wp\/v2\/product\/1212","targetHints":{"allow":["GET"]}}],"collection":[{"href":"https:\/\/kamenicky.art\/zh\/wp-json\/wp\/v2\/product"}],"about":[{"href":"https:\/\/kamenicky.art\/zh\/wp-json\/wp\/v2\/types\/product"}],"wp:featuredmedia":[{"embeddable":true,"href":"https:\/\/kamenicky.art\/zh\/wp-json\/wp\/v2\/media\/973"}],"wp:attachment":[{"href":"https:\/\/kamenicky.art\/zh\/wp-json\/wp\/v2\/media?parent=1212"}],"wp:term":[{"taxonomy":"artwork-dimension","embeddable":true,"href":"https:\/\/kamenicky.art\/zh\/wp-json\/wp\/v2\/artwork-dimension?post=1212"},{"taxonomy":"artwork-style","embeddable":true,"href":"https:\/\/kamenicky.art\/zh\/wp-json\/wp\/v2\/artwork-style?post=1212"},{"taxonomy":"artwork-type","embeddable":true,"href":"https:\/\/kamenicky.art\/zh\/wp-json\/wp\/v2\/artwork-type?post=1212"},{"taxonomy":"artwork-year","embeddable":true,"href":"https:\/\/kamenicky.art\/zh\/wp-json\/wp\/v2\/artwork-year?post=1212"},{"taxonomy":"product_brand","embeddable":true,"href":"https:\/\/kamenicky.art\/zh\/wp-json\/wp\/v2\/product_brand?post=1212"},{"taxonomy":"product_cat","embeddable":true,"href":"https:\/\/kamenicky.art\/zh\/wp-json\/wp\/v2\/product_cat?post=1212"},{"taxonomy":"product_tag","embeddable":true,"href":"https:\/\/kamenicky.art\/zh\/wp-json\/wp\/v2\/product_tag?post=1212"}],"curies":[{"name":"wp","href":"https:\/\/api.w.org\/{rel}","templated":true}]}}