{"id":1210,"date":"2025-03-01T16:34:56","date_gmt":"2025-03-01T15:34:56","guid":{"rendered":"https:\/\/kamenicky.art\/?post_type=product&#038;p=1210"},"modified":"2026-01-08T20:01:05","modified_gmt":"2026-01-08T19:01:05","slug":"neuronova-siet","status":"publish","type":"product","link":"https:\/\/kamenicky.art\/zh\/product\/neuronova-siet\/","title":{"rendered":"\u795e\u7ecf\u7f51\u7edc (\"NEURON NET\")"},"content":{"rendered":"<p class=\"translation-block\">V&nbsp;diele NEUR\u00d3NOV\u00c1 SIE\u0164 farebn\u00e9 \u0165ahy akoby pulzuj\u00fa pohybom \u2014 dynamikou a&nbsp;usporiadan\u00edm. Ako ke\u010f pr\u00fad neur\u00f3nov h\u013ead\u00e1 spojenie, ke\u010f sa sie\u0165 rozvetvuje, splieta, pre\u0165ahuje od jedn\u00e9ho bodu k druh\u00e9mu. Farby s\u00fa kontrastn\u00e9,&nbsp; silne expres\u00edvne \u010d\u00edm Kamenick\u00fd poukazuje na impulzy, na energiu, ktor\u00e1 sa \u0161\u00edri.<br>\r\nObraz p\u00f4sob\u00ed ako medit\u00e1cia nad mys\u013eou, myslen\u00edm, vedom\u00edm \u2014 nad t\u00fdm, \u010do sa deje vo vn\u00fatri \u010dloveka, ale aj mimo neho v digit\u00e1lnom veku. Je to v\u00fdzva: vidie\u0165, c\u00edti\u0165 a vn\u00edma\u0165 komplexnos\u0165.<\/p>\n<p>&nbsp;<\/p>\n<p>\u5bf9\u6bd4\u8272\u589e\u5f3a\u4e86\u8109\u52a8\u6d3b\u52a8\u7684\u5370\u8c61\u2014\u2014\u6210\u4e3a\u4fe1\u606f\u6d41\u3001\u51b2\u52a8\u4e0e\u8fde\u63a5\u7684\u89c6\u89c9\u9690\u55bb\u3002\u5361\u6885\u5c3c\u8328\u57fa\u5e76\u975e\u5206\u6790\uff0c\u800c\u662f\u76f4\u89c9\u5730\u89c6\u89c9\u5316\u601d\u60f3\u672c\u8eab\u7684\u8282\u594f\u4e0e\u8106\u5f31\u6027\u3002<\/p>\n<p>&nbsp;<\/p>\n<p>\u300aNeuron Net\u300b\u6210\u4e3a\u5185\u5728\u4e0e\u6570\u5b57\u73b0\u5b9e\u7684\u53cc\u91cd\u610f\u8c61\u2014\u2014\u4eba\u7c7b\u610f\u8bc6\u4e0e\u6269\u5c55\u7684\u6280\u672f\u610f\u8bc6\u4e4b\u95f4\u7684\u9608\u503c\u3002\u8fd9\u662f\u4e00\u79cd\u89c6\u89c9\u51a5\u60f3\uff0c\u53cd\u601d\u65e5\u76ca\u4e92\u8054\u3001\u81ea\u6211\u53cd\u601d\u7684\u4e16\u754c\u7684\u590d\u6742\u6027\u3002<\/p>","protected":false},"excerpt":{"rendered":"<p>V\u00a0diele NEUR\u00d3NOV\u00c1 SIE\u0164 farebn\u00e9 \u0165ahy akoby pulzuj\u00fa pohybom \u2014 dynamikou a\u00a0usporiadan\u00edm. Ako ke\u010f pr\u00fad neur\u00f3nov h\u013ead\u00e1 spojenie, ke\u010f sa sie\u0165 rozvetvuje, splieta, pre\u0165ahuje od jedn\u00e9ho bodu k druh\u00e9mu. Farby s\u00fa kontrastn\u00e9,\u00a0 silne expres\u00edvne \u010d\u00edm Kamenick\u00fd poukazuje na impulzy, na energiu, ktor\u00e1 sa \u0161\u00edri. Obraz p\u00f4sob\u00ed ako medit\u00e1cia nad mys\u013eou, myslen\u00edm, vedom\u00edm \u2014 nad t\u00fdm, \u010do [&hellip;]<\/p>","protected":false},"featured_media":970,"template":"","meta":{"_acf_changed":false,"_editorskit_title_hidden":false,"_editorskit_reading_time":0,"_editorskit_is_block_options_detached":false,"_editorskit_block_options_position":"{}","_monsterinsights_skip_tracking":false,"_monsterinsights_sitenote_active":false,"_monsterinsights_sitenote_note":"","_monsterinsights_sitenote_category":0},"artwork-dimension":[42],"artwork-style":[8],"artwork-type":[11],"artwork-year":[349],"product_brand":[],"product_cat":[337],"product_tag":[],"class_list":{"0":"post-1210","1":"product","2":"type-product","3":"status-publish","4":"has-post-thumbnail","6":"artwork-dimension-160-x-200-cm","7":"artwork-style-acryl-on-canvas","8":"artwork-type-abstract","9":"artwork-year-349","10":"product_cat-nezaradene","12":"first","13":"instock","14":"shipping-taxable","15":"product-type-simple"},"acf":[],"yoast_head":"<!-- This site is optimized with the Yoast SEO plugin v27.0 - https:\/\/yoast.com\/product\/yoast-seo-wordpress\/ -->\n<title>NEUR\u00d3NOV\u00c1 SIE\u0164 - Laco Kamenick\u00fd<\/title>\n<meta name=\"robots\" content=\"index, follow, max-snippet:-1, max-image-preview:large, max-video-preview:-1\" \/>\n<link rel=\"canonical\" href=\"https:\/\/kamenicky.art\/zh\/product\/neuronova-siet\/\" \/>\n<meta property=\"og:locale\" content=\"zh_CN\" \/>\n<meta property=\"og:type\" content=\"article\" \/>\n<meta property=\"og:title\" content=\"NEUR\u00d3NOV\u00c1 SIE\u0164 - Laco Kamenick\u00fd\" \/>\n<meta property=\"og:description\" content=\"V\u00a0diele NEUR\u00d3NOV\u00c1 SIE\u0164 farebn\u00e9 \u0165ahy akoby pulzuj\u00fa pohybom \u2014 dynamikou a\u00a0usporiadan\u00edm. Ako ke\u010f pr\u00fad neur\u00f3nov h\u013ead\u00e1 spojenie, ke\u010f sa sie\u0165 rozvetvuje, splieta, pre\u0165ahuje od jedn\u00e9ho bodu k druh\u00e9mu. Farby s\u00fa kontrastn\u00e9,\u00a0 silne expres\u00edvne \u010d\u00edm Kamenick\u00fd poukazuje na impulzy, na energiu, ktor\u00e1 sa \u0161\u00edri. Obraz p\u00f4sob\u00ed ako medit\u00e1cia nad mys\u013eou, myslen\u00edm, vedom\u00edm \u2014 nad t\u00fdm, \u010do [&hellip;]\" \/>\n<meta property=\"og:url\" content=\"https:\/\/kamenicky.art\/zh\/product\/neuronova-siet\/\" \/>\n<meta property=\"og:site_name\" content=\"Laco Kamenick\u00fd\" \/>\n<meta property=\"article:modified_time\" content=\"2026-01-08T19:01:05+00:00\" \/>\n<meta property=\"og:image\" content=\"https:\/\/kamenicky.art\/wp-content\/uploads\/2025\/08\/Nr-216-NEURON-NET.jpg\" \/>\n\t<meta property=\"og:image:width\" content=\"2048\" \/>\n\t<meta property=\"og:image:height\" content=\"1649\" \/>\n\t<meta property=\"og:image:type\" content=\"image\/jpeg\" \/>\n<meta name=\"twitter:card\" content=\"summary_large_image\" \/>\n<meta name=\"twitter:label1\" content=\"\u9884\u8ba1\u9605\u8bfb\u65f6\u95f4\" \/>\n\t<meta name=\"twitter:data1\" content=\"1 \u5206\" \/>\n<script type=\"application\/ld+json\" class=\"yoast-schema-graph\">{\"@context\":\"https:\/\/schema.org\",\"@graph\":[{\"@type\":\"WebPage\",\"@id\":\"https:\/\/kamenicky.art\/produkt\/neuronova-siet\/\",\"url\":\"https:\/\/kamenicky.art\/produkt\/neuronova-siet\/\",\"name\":\"NEUR\u00d3NOV\u00c1 SIE\u0164 - Laco Kamenick\u00fd\",\"isPartOf\":{\"@id\":\"https:\/\/kamenicky.art\/#website\"},\"primaryImageOfPage\":{\"@id\":\"https:\/\/kamenicky.art\/produkt\/neuronova-siet\/#primaryimage\"},\"image\":{\"@id\":\"https:\/\/kamenicky.art\/produkt\/neuronova-siet\/#primaryimage\"},\"thumbnailUrl\":\"https:\/\/kamenicky.art\/wp-content\/uploads\/2025\/08\/Nr-216-NEURON-NET.jpg\",\"datePublished\":\"2025-03-01T15:34:56+00:00\",\"dateModified\":\"2026-01-08T19:01:05+00:00\",\"breadcrumb\":{\"@id\":\"https:\/\/kamenicky.art\/produkt\/neuronova-siet\/#breadcrumb\"},\"inLanguage\":\"zh-Hans\",\"potentialAction\":[{\"@type\":\"ReadAction\",\"target\":[\"https:\/\/kamenicky.art\/produkt\/neuronova-siet\/\"]}]},{\"@type\":\"ImageObject\",\"inLanguage\":\"zh-Hans\",\"@id\":\"https:\/\/kamenicky.art\/produkt\/neuronova-siet\/#primaryimage\",\"url\":\"https:\/\/kamenicky.art\/wp-content\/uploads\/2025\/08\/Nr-216-NEURON-NET.jpg\",\"contentUrl\":\"https:\/\/kamenicky.art\/wp-content\/uploads\/2025\/08\/Nr-216-NEURON-NET.jpg\",\"width\":2048,\"height\":1649},{\"@type\":\"BreadcrumbList\",\"@id\":\"https:\/\/kamenicky.art\/produkt\/neuronova-siet\/#breadcrumb\",\"itemListElement\":[{\"@type\":\"ListItem\",\"position\":1,\"name\":\"Home\",\"item\":\"https:\/\/kamenicky.art\/\"},{\"@type\":\"ListItem\",\"position\":2,\"name\":\"Obchod\",\"item\":\"https:\/\/kamenicky.art\/?page_id=567\"},{\"@type\":\"ListItem\",\"position\":3,\"name\":\"NEUR\u00d3NOV\u00c1 SIE\u0164\"}]},{\"@type\":\"WebSite\",\"@id\":\"https:\/\/kamenicky.art\/#website\",\"url\":\"https:\/\/kamenicky.art\/\",\"name\":\"Laco Kamenick\u00fd\",\"description\":\"\",\"publisher\":{\"@id\":\"https:\/\/kamenicky.art\/#organization\"},\"potentialAction\":[{\"@type\":\"SearchAction\",\"target\":{\"@type\":\"EntryPoint\",\"urlTemplate\":\"https:\/\/kamenicky.art\/?s={search_term_string}\"},\"query-input\":{\"@type\":\"PropertyValueSpecification\",\"valueRequired\":true,\"valueName\":\"search_term_string\"}}],\"inLanguage\":\"zh-Hans\"},{\"@type\":\"Organization\",\"@id\":\"https:\/\/kamenicky.art\/#organization\",\"name\":\"Laco Kamenick\u00fd\",\"url\":\"https:\/\/kamenicky.art\/\",\"logo\":{\"@type\":\"ImageObject\",\"inLanguage\":\"zh-Hans\",\"@id\":\"https:\/\/kamenicky.art\/#\/schema\/logo\/image\/\",\"url\":\"https:\/\/kamenicky.art\/wp-content\/uploads\/2025\/07\/logo_lk.jpg\",\"contentUrl\":\"https:\/\/kamenicky.art\/wp-content\/uploads\/2025\/07\/logo_lk.jpg\",\"width\":900,\"height\":900,\"caption\":\"Laco Kamenick\u00fd\"},\"image\":{\"@id\":\"https:\/\/kamenicky.art\/#\/schema\/logo\/image\/\"}}]}<\/script>\n<!-- \/ Yoast SEO plugin. -->","yoast_head_json":{"title":"NEUR\u00d3NOV\u00c1 SIE\u0164 - Laco Kamenick\u00fd","robots":{"index":"index","follow":"follow","max-snippet":"max-snippet:-1","max-image-preview":"max-image-preview:large","max-video-preview":"max-video-preview:-1"},"canonical":"https:\/\/kamenicky.art\/zh\/product\/neuronova-siet\/","og_locale":"zh_CN","og_type":"article","og_title":"NEUR\u00d3NOV\u00c1 SIE\u0164 - Laco Kamenick\u00fd","og_description":"V\u00a0diele NEUR\u00d3NOV\u00c1 SIE\u0164 farebn\u00e9 \u0165ahy akoby pulzuj\u00fa pohybom \u2014 dynamikou a\u00a0usporiadan\u00edm. Ako ke\u010f pr\u00fad neur\u00f3nov h\u013ead\u00e1 spojenie, ke\u010f sa sie\u0165 rozvetvuje, splieta, pre\u0165ahuje od jedn\u00e9ho bodu k druh\u00e9mu. Farby s\u00fa kontrastn\u00e9,\u00a0 silne expres\u00edvne \u010d\u00edm Kamenick\u00fd poukazuje na impulzy, na energiu, ktor\u00e1 sa \u0161\u00edri. Obraz p\u00f4sob\u00ed ako medit\u00e1cia nad mys\u013eou, myslen\u00edm, vedom\u00edm \u2014 nad t\u00fdm, \u010do [&hellip;]","og_url":"https:\/\/kamenicky.art\/zh\/product\/neuronova-siet\/","og_site_name":"Laco Kamenick\u00fd","article_modified_time":"2026-01-08T19:01:05+00:00","og_image":[{"width":2048,"height":1649,"url":"https:\/\/kamenicky.art\/wp-content\/uploads\/2025\/08\/Nr-216-NEURON-NET.jpg","type":"image\/jpeg"}],"twitter_card":"summary_large_image","twitter_misc":{"\u9884\u8ba1\u9605\u8bfb\u65f6\u95f4":"1 \u5206"},"schema":{"@context":"https:\/\/schema.org","@graph":[{"@type":"WebPage","@id":"https:\/\/kamenicky.art\/produkt\/neuronova-siet\/","url":"https:\/\/kamenicky.art\/produkt\/neuronova-siet\/","name":"NEUR\u00d3NOV\u00c1 SIE\u0164 - Laco Kamenick\u00fd","isPartOf":{"@id":"https:\/\/kamenicky.art\/#website"},"primaryImageOfPage":{"@id":"https:\/\/kamenicky.art\/produkt\/neuronova-siet\/#primaryimage"},"image":{"@id":"https:\/\/kamenicky.art\/produkt\/neuronova-siet\/#primaryimage"},"thumbnailUrl":"https:\/\/kamenicky.art\/wp-content\/uploads\/2025\/08\/Nr-216-NEURON-NET.jpg","datePublished":"2025-03-01T15:34:56+00:00","dateModified":"2026-01-08T19:01:05+00:00","breadcrumb":{"@id":"https:\/\/kamenicky.art\/produkt\/neuronova-siet\/#breadcrumb"},"inLanguage":"zh-Hans","potentialAction":[{"@type":"ReadAction","target":["https:\/\/kamenicky.art\/produkt\/neuronova-siet\/"]}]},{"@type":"ImageObject","inLanguage":"zh-Hans","@id":"https:\/\/kamenicky.art\/produkt\/neuronova-siet\/#primaryimage","url":"https:\/\/kamenicky.art\/wp-content\/uploads\/2025\/08\/Nr-216-NEURON-NET.jpg","contentUrl":"https:\/\/kamenicky.art\/wp-content\/uploads\/2025\/08\/Nr-216-NEURON-NET.jpg","width":2048,"height":1649},{"@type":"BreadcrumbList","@id":"https:\/\/kamenicky.art\/produkt\/neuronova-siet\/#breadcrumb","itemListElement":[{"@type":"ListItem","position":1,"name":"Home","item":"https:\/\/kamenicky.art\/"},{"@type":"ListItem","position":2,"name":"Obchod","item":"https:\/\/kamenicky.art\/?page_id=567"},{"@type":"ListItem","position":3,"name":"NEUR\u00d3NOV\u00c1 SIE\u0164"}]},{"@type":"WebSite","@id":"https:\/\/kamenicky.art\/#website","url":"https:\/\/kamenicky.art\/","name":"Laco Kamenick\u00fd","description":"","publisher":{"@id":"https:\/\/kamenicky.art\/#organization"},"potentialAction":[{"@type":"SearchAction","target":{"@type":"EntryPoint","urlTemplate":"https:\/\/kamenicky.art\/?s={search_term_string}"},"query-input":{"@type":"PropertyValueSpecification","valueRequired":true,"valueName":"search_term_string"}}],"inLanguage":"zh-Hans"},{"@type":"Organization","@id":"https:\/\/kamenicky.art\/#organization","name":"Laco Kamenick\u00fd","url":"https:\/\/kamenicky.art\/","logo":{"@type":"ImageObject","inLanguage":"zh-Hans","@id":"https:\/\/kamenicky.art\/#\/schema\/logo\/image\/","url":"https:\/\/kamenicky.art\/wp-content\/uploads\/2025\/07\/logo_lk.jpg","contentUrl":"https:\/\/kamenicky.art\/wp-content\/uploads\/2025\/07\/logo_lk.jpg","width":900,"height":900,"caption":"Laco Kamenick\u00fd"},"image":{"@id":"https:\/\/kamenicky.art\/#\/schema\/logo\/image\/"}}]}},"_links":{"self":[{"href":"https:\/\/kamenicky.art\/zh\/wp-json\/wp\/v2\/product\/1210","targetHints":{"allow":["GET"]}}],"collection":[{"href":"https:\/\/kamenicky.art\/zh\/wp-json\/wp\/v2\/product"}],"about":[{"href":"https:\/\/kamenicky.art\/zh\/wp-json\/wp\/v2\/types\/product"}],"wp:featuredmedia":[{"embeddable":true,"href":"https:\/\/kamenicky.art\/zh\/wp-json\/wp\/v2\/media\/970"}],"wp:attachment":[{"href":"https:\/\/kamenicky.art\/zh\/wp-json\/wp\/v2\/media?parent=1210"}],"wp:term":[{"taxonomy":"artwork-dimension","embeddable":true,"href":"https:\/\/kamenicky.art\/zh\/wp-json\/wp\/v2\/artwork-dimension?post=1210"},{"taxonomy":"artwork-style","embeddable":true,"href":"https:\/\/kamenicky.art\/zh\/wp-json\/wp\/v2\/artwork-style?post=1210"},{"taxonomy":"artwork-type","embeddable":true,"href":"https:\/\/kamenicky.art\/zh\/wp-json\/wp\/v2\/artwork-type?post=1210"},{"taxonomy":"artwork-year","embeddable":true,"href":"https:\/\/kamenicky.art\/zh\/wp-json\/wp\/v2\/artwork-year?post=1210"},{"taxonomy":"product_brand","embeddable":true,"href":"https:\/\/kamenicky.art\/zh\/wp-json\/wp\/v2\/product_brand?post=1210"},{"taxonomy":"product_cat","embeddable":true,"href":"https:\/\/kamenicky.art\/zh\/wp-json\/wp\/v2\/product_cat?post=1210"},{"taxonomy":"product_tag","embeddable":true,"href":"https:\/\/kamenicky.art\/zh\/wp-json\/wp\/v2\/product_tag?post=1210"}],"curies":[{"name":"wp","href":"https:\/\/api.w.org\/{rel}","templated":true}]}}