{"id":1200,"date":"2024-11-25T16:20:56","date_gmt":"2024-11-25T15:20:56","guid":{"rendered":"https:\/\/kamenicky.art\/?post_type=product&#038;p=1200"},"modified":"2026-01-08T20:02:37","modified_gmt":"2026-01-08T19:02:37","slug":"hmlovina-lk010","status":"publish","type":"product","link":"https:\/\/kamenicky.art\/zh\/product\/hmlovina-lk010\/","title":{"rendered":"\u661f\u4e91 LK010 (\"NEBULA LK010\")"},"content":{"rendered":"<p>\u5728\u300aNebula LK010\u300b\u4e2d\uff0c\u7a7a\u95f4\u5316\u4e3a\u84b8\u6c14\u2014\u2014\u7f13\u6162\u3001\u5bc2\u9759\u5e76\u4e0d\u65ad\u6269\u6563\u3002\u8272\u5f69\u7684\u5c42\u6b21\u5e76\u672a\u878d\u5408\uff0c\u800c\u662f\u5f7c\u6b64\u60ac\u6d6e\uff0c\u4eff\u4f5b\u73b0\u5b9e\u672c\u8eab\u6eb6\u89e3\u4e8e\u900f\u660e\u7684\u5149\u4e4b\u4e2d\u3002\u8fd9\u5e76\u975e\u4f5c\u4e3a\u5e37\u5e55\u7684\u96fe\uff0c\u800c\u662f\u4e00\u79cd\u4ecb\u4e8e\u751f\u6210\u4e0e\u6d88\u901d\u4e4b\u95f4\u7684\u72b6\u6001\u3002\u66fe\u7ecf\u575a\u5b9e\u7684\u4e8b\u7269\u5316\u4e3a\u5c18\u57c3\u3001\u5149\u8f89\u4e0e\u65e0\u5f62\u7684\u80fd\u91cf\u3002\u4e2d\u5fc3\u7684\u5149\u5e76\u975e\u4e00\u70b9\uff0c\u800c\u662f\u4e00\u79cd\u5185\u5728\u7684\u5171\u9e23\uff0c\u4e3a\u65e0\u5f62\u4e4b\u7269\u8d4b\u4e88\u5f62\u4f53\u3002\n\u8fd9\u5e45\u753b\u5e76\u4e0d\u63cf\u7ed8\u4e00\u4e2a\u573a\u666f\uff0c\u800c\u662f\u6355\u6349\u4e86\u4e00\u79cd\u65e0\u6cd5\u628a\u63e1\u7684\u4f53\u9a8c\u2014\u2014\u5c31\u50cf\u4eba\u5728\u5929\u7a7a\u4e2d\u8ff7\u5931\u81ea\u5df1\u3001\u505c\u6b62\u8ffd\u5bfb\u8fb9\u754c\u7684\u90a3\u4e00\u523b\u3002\n\n\u5728\u5929\u4f53\u7269\u7406\u5b66\u4e2d\uff0c\u661f\u4e91\uff08Nebulae\uff09 \u662f\u5b87\u5b99\u8fc7\u53bb\u4e0e\u672a\u6765\u76f8\u9047\u7684\u5730\u65b9\u3002\u8d85\u65b0\u661f\u7684\u9057\u8ff9\u2014\u2014\u7535\u79bb\u6c14\u4f53\u4e0e\u5c18\u57c3\u2014\u2014\u5728\u5f15\u529b\u4f5c\u7528\u4e0b\u91cd\u65b0\u805a\u5408\uff1b\u6df7\u6c8c\u4e4b\u4e2d\u8bde\u751f\u51fa\u65b0\u7684\u4f53\u7cfb\u3002\n\u8fd9\u4e9b\u8fc7\u7a0b\u5728\u8fdc\u8d85\u4eba\u7c7b\u7406\u89e3\u7684\u65f6\u95f4\u5c3a\u5ea6\u4e0a\u5c55\u5f00\uff0c\u4f46\u5728\u753b\u5bb6\u7684\u7b14\u89e6\u4e2d\u5374\u88ab\u5b9a\u683c\u4e8e\u4e00\u77ac\u2014\u2014\u4e00\u95ea\u7684\u76f4\u89c9\u4e4b\u5149\u3002\n\u300aNebula LK010\u300b\u5e76\u975e\u5bf9\u5b87\u5b99\u7684\u76f4\u89c2\u63cf\u7ed8\uff0c\u800c\u662f\u5176\u8bb0\u5fc6\u2014\u2014\u4ee5\u8272\u5f69\u3001\u59ff\u6001\u4e0e\u5bc2\u9759\u8bb0\u5f55\u800c\u6210\u3002<\/p>","protected":false},"excerpt":{"rendered":"<p>V diele HMLOVINA LK010 sa priestor men\u00ed na dym \u2013 pomal\u00fd, tich\u00fd, rozp\u00ednaj\u00faci sa. Farebn\u00e9 vrstvy sa neprelievaj\u00fa, ale sk\u00f4r pl\u00e1vaj\u00fa jedna v druhej, ako by sa realita rozpustila v priesvitnom svetle. Tu u\u017e nejde o hmlu ako o clonu, ale o stav medzi formovan\u00edm a miznut\u00edm. V\u0161etko, \u010do sa zdalo pevn\u00e9, sa st\u00e1va prachom, [&hellip;]<\/p>","protected":false},"featured_media":960,"template":"","meta":{"_acf_changed":false,"_editorskit_title_hidden":false,"_editorskit_reading_time":0,"_editorskit_is_block_options_detached":false,"_editorskit_block_options_position":"{}","_monsterinsights_skip_tracking":false,"_monsterinsights_sitenote_active":false,"_monsterinsights_sitenote_note":"","_monsterinsights_sitenote_category":0},"artwork-dimension":[42],"artwork-style":[8],"artwork-type":[11],"artwork-year":[34],"product_brand":[],"product_cat":[337],"product_tag":[],"class_list":{"0":"post-1200","1":"product","2":"type-product","3":"status-publish","4":"has-post-thumbnail","6":"artwork-dimension-160-x-200-cm","7":"artwork-style-acryl-on-canvas","8":"artwork-type-abstract","9":"artwork-year-34","10":"product_cat-nezaradene","12":"first","13":"instock","14":"shipping-taxable","15":"product-type-simple"},"acf":[],"yoast_head":"<!-- This site is optimized with the Yoast SEO plugin v27.0 - https:\/\/yoast.com\/product\/yoast-seo-wordpress\/ -->\n<title>HMLOVINA LK010 - Laco Kamenick\u00fd<\/title>\n<meta name=\"robots\" content=\"index, follow, max-snippet:-1, max-image-preview:large, max-video-preview:-1\" \/>\n<link rel=\"canonical\" href=\"https:\/\/kamenicky.art\/zh\/product\/hmlovina-lk010\/\" \/>\n<meta property=\"og:locale\" content=\"zh_CN\" \/>\n<meta property=\"og:type\" content=\"article\" \/>\n<meta property=\"og:title\" content=\"HMLOVINA LK010 - Laco Kamenick\u00fd\" \/>\n<meta property=\"og:description\" content=\"V diele HMLOVINA LK010 sa priestor men\u00ed na dym \u2013 pomal\u00fd, tich\u00fd, rozp\u00ednaj\u00faci sa. Farebn\u00e9 vrstvy sa neprelievaj\u00fa, ale sk\u00f4r pl\u00e1vaj\u00fa jedna v druhej, ako by sa realita rozpustila v priesvitnom svetle. Tu u\u017e nejde o hmlu ako o clonu, ale o stav medzi formovan\u00edm a miznut\u00edm. V\u0161etko, \u010do sa zdalo pevn\u00e9, sa st\u00e1va prachom, [&hellip;]\" \/>\n<meta property=\"og:url\" content=\"https:\/\/kamenicky.art\/zh\/product\/hmlovina-lk010\/\" \/>\n<meta property=\"og:site_name\" content=\"Laco Kamenick\u00fd\" \/>\n<meta property=\"article:modified_time\" content=\"2026-01-08T19:02:37+00:00\" \/>\n<meta property=\"og:image\" content=\"https:\/\/kamenicky.art\/wp-content\/uploads\/2025\/08\/Nr-206-NEBULA-LK010.jpg\" \/>\n\t<meta property=\"og:image:width\" content=\"2048\" \/>\n\t<meta property=\"og:image:height\" content=\"1635\" \/>\n\t<meta property=\"og:image:type\" content=\"image\/jpeg\" \/>\n<meta name=\"twitter:card\" content=\"summary_large_image\" \/>\n<meta name=\"twitter:label1\" content=\"\u9884\u8ba1\u9605\u8bfb\u65f6\u95f4\" \/>\n\t<meta name=\"twitter:data1\" content=\"2 \u5206\" \/>\n<script type=\"application\/ld+json\" class=\"yoast-schema-graph\">{\"@context\":\"https:\/\/schema.org\",\"@graph\":[{\"@type\":\"WebPage\",\"@id\":\"https:\/\/kamenicky.art\/produkt\/hmlovina-lk010\/\",\"url\":\"https:\/\/kamenicky.art\/produkt\/hmlovina-lk010\/\",\"name\":\"HMLOVINA LK010 - Laco Kamenick\u00fd\",\"isPartOf\":{\"@id\":\"https:\/\/kamenicky.art\/#website\"},\"primaryImageOfPage\":{\"@id\":\"https:\/\/kamenicky.art\/produkt\/hmlovina-lk010\/#primaryimage\"},\"image\":{\"@id\":\"https:\/\/kamenicky.art\/produkt\/hmlovina-lk010\/#primaryimage\"},\"thumbnailUrl\":\"https:\/\/kamenicky.art\/wp-content\/uploads\/2025\/08\/Nr-206-NEBULA-LK010.jpg\",\"datePublished\":\"2024-11-25T15:20:56+00:00\",\"dateModified\":\"2026-01-08T19:02:37+00:00\",\"breadcrumb\":{\"@id\":\"https:\/\/kamenicky.art\/produkt\/hmlovina-lk010\/#breadcrumb\"},\"inLanguage\":\"zh-Hans\",\"potentialAction\":[{\"@type\":\"ReadAction\",\"target\":[\"https:\/\/kamenicky.art\/produkt\/hmlovina-lk010\/\"]}]},{\"@type\":\"ImageObject\",\"inLanguage\":\"zh-Hans\",\"@id\":\"https:\/\/kamenicky.art\/produkt\/hmlovina-lk010\/#primaryimage\",\"url\":\"https:\/\/kamenicky.art\/wp-content\/uploads\/2025\/08\/Nr-206-NEBULA-LK010.jpg\",\"contentUrl\":\"https:\/\/kamenicky.art\/wp-content\/uploads\/2025\/08\/Nr-206-NEBULA-LK010.jpg\",\"width\":2048,\"height\":1635},{\"@type\":\"BreadcrumbList\",\"@id\":\"https:\/\/kamenicky.art\/produkt\/hmlovina-lk010\/#breadcrumb\",\"itemListElement\":[{\"@type\":\"ListItem\",\"position\":1,\"name\":\"Home\",\"item\":\"https:\/\/kamenicky.art\/\"},{\"@type\":\"ListItem\",\"position\":2,\"name\":\"Obchod\",\"item\":\"https:\/\/kamenicky.art\/?page_id=567\"},{\"@type\":\"ListItem\",\"position\":3,\"name\":\"HMLOVINA LK010\"}]},{\"@type\":\"WebSite\",\"@id\":\"https:\/\/kamenicky.art\/#website\",\"url\":\"https:\/\/kamenicky.art\/\",\"name\":\"Laco Kamenick\u00fd\",\"description\":\"\",\"publisher\":{\"@id\":\"https:\/\/kamenicky.art\/#organization\"},\"potentialAction\":[{\"@type\":\"SearchAction\",\"target\":{\"@type\":\"EntryPoint\",\"urlTemplate\":\"https:\/\/kamenicky.art\/?s={search_term_string}\"},\"query-input\":{\"@type\":\"PropertyValueSpecification\",\"valueRequired\":true,\"valueName\":\"search_term_string\"}}],\"inLanguage\":\"zh-Hans\"},{\"@type\":\"Organization\",\"@id\":\"https:\/\/kamenicky.art\/#organization\",\"name\":\"Laco Kamenick\u00fd\",\"url\":\"https:\/\/kamenicky.art\/\",\"logo\":{\"@type\":\"ImageObject\",\"inLanguage\":\"zh-Hans\",\"@id\":\"https:\/\/kamenicky.art\/#\/schema\/logo\/image\/\",\"url\":\"https:\/\/kamenicky.art\/wp-content\/uploads\/2025\/07\/logo_lk.jpg\",\"contentUrl\":\"https:\/\/kamenicky.art\/wp-content\/uploads\/2025\/07\/logo_lk.jpg\",\"width\":900,\"height\":900,\"caption\":\"Laco Kamenick\u00fd\"},\"image\":{\"@id\":\"https:\/\/kamenicky.art\/#\/schema\/logo\/image\/\"}}]}<\/script>\n<!-- \/ Yoast SEO plugin. -->","yoast_head_json":{"title":"HMLOVINA LK010 - Laco Kamenick\u00fd","robots":{"index":"index","follow":"follow","max-snippet":"max-snippet:-1","max-image-preview":"max-image-preview:large","max-video-preview":"max-video-preview:-1"},"canonical":"https:\/\/kamenicky.art\/zh\/product\/hmlovina-lk010\/","og_locale":"zh_CN","og_type":"article","og_title":"HMLOVINA LK010 - Laco Kamenick\u00fd","og_description":"V diele HMLOVINA LK010 sa priestor men\u00ed na dym \u2013 pomal\u00fd, tich\u00fd, rozp\u00ednaj\u00faci sa. Farebn\u00e9 vrstvy sa neprelievaj\u00fa, ale sk\u00f4r pl\u00e1vaj\u00fa jedna v druhej, ako by sa realita rozpustila v priesvitnom svetle. Tu u\u017e nejde o hmlu ako o clonu, ale o stav medzi formovan\u00edm a miznut\u00edm. V\u0161etko, \u010do sa zdalo pevn\u00e9, sa st\u00e1va prachom, [&hellip;]","og_url":"https:\/\/kamenicky.art\/zh\/product\/hmlovina-lk010\/","og_site_name":"Laco Kamenick\u00fd","article_modified_time":"2026-01-08T19:02:37+00:00","og_image":[{"width":2048,"height":1635,"url":"https:\/\/kamenicky.art\/wp-content\/uploads\/2025\/08\/Nr-206-NEBULA-LK010.jpg","type":"image\/jpeg"}],"twitter_card":"summary_large_image","twitter_misc":{"\u9884\u8ba1\u9605\u8bfb\u65f6\u95f4":"2 \u5206"},"schema":{"@context":"https:\/\/schema.org","@graph":[{"@type":"WebPage","@id":"https:\/\/kamenicky.art\/produkt\/hmlovina-lk010\/","url":"https:\/\/kamenicky.art\/produkt\/hmlovina-lk010\/","name":"HMLOVINA LK010 - Laco Kamenick\u00fd","isPartOf":{"@id":"https:\/\/kamenicky.art\/#website"},"primaryImageOfPage":{"@id":"https:\/\/kamenicky.art\/produkt\/hmlovina-lk010\/#primaryimage"},"image":{"@id":"https:\/\/kamenicky.art\/produkt\/hmlovina-lk010\/#primaryimage"},"thumbnailUrl":"https:\/\/kamenicky.art\/wp-content\/uploads\/2025\/08\/Nr-206-NEBULA-LK010.jpg","datePublished":"2024-11-25T15:20:56+00:00","dateModified":"2026-01-08T19:02:37+00:00","breadcrumb":{"@id":"https:\/\/kamenicky.art\/produkt\/hmlovina-lk010\/#breadcrumb"},"inLanguage":"zh-Hans","potentialAction":[{"@type":"ReadAction","target":["https:\/\/kamenicky.art\/produkt\/hmlovina-lk010\/"]}]},{"@type":"ImageObject","inLanguage":"zh-Hans","@id":"https:\/\/kamenicky.art\/produkt\/hmlovina-lk010\/#primaryimage","url":"https:\/\/kamenicky.art\/wp-content\/uploads\/2025\/08\/Nr-206-NEBULA-LK010.jpg","contentUrl":"https:\/\/kamenicky.art\/wp-content\/uploads\/2025\/08\/Nr-206-NEBULA-LK010.jpg","width":2048,"height":1635},{"@type":"BreadcrumbList","@id":"https:\/\/kamenicky.art\/produkt\/hmlovina-lk010\/#breadcrumb","itemListElement":[{"@type":"ListItem","position":1,"name":"Home","item":"https:\/\/kamenicky.art\/"},{"@type":"ListItem","position":2,"name":"Obchod","item":"https:\/\/kamenicky.art\/?page_id=567"},{"@type":"ListItem","position":3,"name":"HMLOVINA LK010"}]},{"@type":"WebSite","@id":"https:\/\/kamenicky.art\/#website","url":"https:\/\/kamenicky.art\/","name":"Laco Kamenick\u00fd","description":"","publisher":{"@id":"https:\/\/kamenicky.art\/#organization"},"potentialAction":[{"@type":"SearchAction","target":{"@type":"EntryPoint","urlTemplate":"https:\/\/kamenicky.art\/?s={search_term_string}"},"query-input":{"@type":"PropertyValueSpecification","valueRequired":true,"valueName":"search_term_string"}}],"inLanguage":"zh-Hans"},{"@type":"Organization","@id":"https:\/\/kamenicky.art\/#organization","name":"Laco Kamenick\u00fd","url":"https:\/\/kamenicky.art\/","logo":{"@type":"ImageObject","inLanguage":"zh-Hans","@id":"https:\/\/kamenicky.art\/#\/schema\/logo\/image\/","url":"https:\/\/kamenicky.art\/wp-content\/uploads\/2025\/07\/logo_lk.jpg","contentUrl":"https:\/\/kamenicky.art\/wp-content\/uploads\/2025\/07\/logo_lk.jpg","width":900,"height":900,"caption":"Laco Kamenick\u00fd"},"image":{"@id":"https:\/\/kamenicky.art\/#\/schema\/logo\/image\/"}}]}},"_links":{"self":[{"href":"https:\/\/kamenicky.art\/zh\/wp-json\/wp\/v2\/product\/1200","targetHints":{"allow":["GET"]}}],"collection":[{"href":"https:\/\/kamenicky.art\/zh\/wp-json\/wp\/v2\/product"}],"about":[{"href":"https:\/\/kamenicky.art\/zh\/wp-json\/wp\/v2\/types\/product"}],"wp:featuredmedia":[{"embeddable":true,"href":"https:\/\/kamenicky.art\/zh\/wp-json\/wp\/v2\/media\/960"}],"wp:attachment":[{"href":"https:\/\/kamenicky.art\/zh\/wp-json\/wp\/v2\/media?parent=1200"}],"wp:term":[{"taxonomy":"artwork-dimension","embeddable":true,"href":"https:\/\/kamenicky.art\/zh\/wp-json\/wp\/v2\/artwork-dimension?post=1200"},{"taxonomy":"artwork-style","embeddable":true,"href":"https:\/\/kamenicky.art\/zh\/wp-json\/wp\/v2\/artwork-style?post=1200"},{"taxonomy":"artwork-type","embeddable":true,"href":"https:\/\/kamenicky.art\/zh\/wp-json\/wp\/v2\/artwork-type?post=1200"},{"taxonomy":"artwork-year","embeddable":true,"href":"https:\/\/kamenicky.art\/zh\/wp-json\/wp\/v2\/artwork-year?post=1200"},{"taxonomy":"product_brand","embeddable":true,"href":"https:\/\/kamenicky.art\/zh\/wp-json\/wp\/v2\/product_brand?post=1200"},{"taxonomy":"product_cat","embeddable":true,"href":"https:\/\/kamenicky.art\/zh\/wp-json\/wp\/v2\/product_cat?post=1200"},{"taxonomy":"product_tag","embeddable":true,"href":"https:\/\/kamenicky.art\/zh\/wp-json\/wp\/v2\/product_tag?post=1200"}],"curies":[{"name":"wp","href":"https:\/\/api.w.org\/{rel}","templated":true}]}}