{"id":1127,"date":"2022-04-03T10:27:57","date_gmt":"2022-04-03T08:27:57","guid":{"rendered":"https:\/\/kamenicky.art\/?post_type=product&#038;p=1127"},"modified":"2026-01-08T20:45:35","modified_gmt":"2026-01-08T19:45:35","slug":"zatisie-s-dzbanom-poharom-a-citronmi","status":"publish","type":"product","link":"https:\/\/kamenicky.art\/zh\/product\/zatisie-s-dzbanom-poharom-a-citronmi\/","title":{"rendered":"\u5e26\u7f50\u5b50\u3001\u73bb\u7483\u676f\u548c\u67e0\u6aac\u7684\u9759\u7269 (\"STILL LIFE WITH JAR, GLASS AND LEMONS\")"},"content":{"rendered":"","protected":false},"excerpt":{"rendered":"","protected":false},"featured_media":893,"template":"","meta":{"_acf_changed":false,"_editorskit_title_hidden":false,"_editorskit_reading_time":0,"_editorskit_is_block_options_detached":false,"_editorskit_block_options_position":"{}","_monsterinsights_skip_tracking":false,"_monsterinsights_sitenote_active":false,"_monsterinsights_sitenote_note":"","_monsterinsights_sitenote_category":0},"artwork-dimension":[343],"artwork-style":[8],"artwork-type":[12],"artwork-year":[26],"product_brand":[],"product_cat":[337],"product_tag":[],"class_list":{"0":"post-1127","1":"product","2":"type-product","3":"status-publish","4":"has-post-thumbnail","6":"artwork-dimension-70-x-50-cm","7":"artwork-style-acryl-on-canvas","8":"artwork-type-still-life","9":"artwork-year-26","10":"product_cat-nezaradene","12":"first","13":"instock","14":"shipping-taxable","15":"product-type-simple"},"acf":[],"yoast_head":"<!-- This site is optimized with the Yoast SEO plugin v27.0 - https:\/\/yoast.com\/product\/yoast-seo-wordpress\/ -->\n<title>Z\u00c1TI\u0160IE S D\u017dB\u00c1NOM, POH\u00c1ROM A CITR\u00d3NMI - Laco Kamenick\u00fd<\/title>\n<meta name=\"robots\" content=\"index, follow, max-snippet:-1, max-image-preview:large, max-video-preview:-1\" \/>\n<link rel=\"canonical\" href=\"https:\/\/kamenicky.art\/zh\/product\/zatisie-s-dzbanom-poharom-a-citronmi\/\" \/>\n<meta property=\"og:locale\" content=\"zh_CN\" \/>\n<meta property=\"og:type\" content=\"article\" \/>\n<meta property=\"og:title\" content=\"Z\u00c1TI\u0160IE S D\u017dB\u00c1NOM, POH\u00c1ROM A CITR\u00d3NMI - Laco Kamenick\u00fd\" \/>\n<meta property=\"og:url\" content=\"https:\/\/kamenicky.art\/zh\/product\/zatisie-s-dzbanom-poharom-a-citronmi\/\" \/>\n<meta property=\"og:site_name\" content=\"Laco Kamenick\u00fd\" \/>\n<meta property=\"article:modified_time\" content=\"2026-01-08T19:45:35+00:00\" \/>\n<meta property=\"og:image\" content=\"https:\/\/kamenicky.art\/wp-content\/uploads\/2025\/08\/Nr-112-ZATISIE-S-DZBANOM-POHAROM-A-CITRONMI.jpg\" \/>\n\t<meta property=\"og:image:width\" content=\"1459\" \/>\n\t<meta property=\"og:image:height\" content=\"2048\" \/>\n\t<meta property=\"og:image:type\" content=\"image\/jpeg\" \/>\n<meta name=\"twitter:card\" content=\"summary_large_image\" \/>\n<meta name=\"twitter:label1\" content=\"\u9884\u8ba1\u9605\u8bfb\u65f6\u95f4\" \/>\n\t<meta name=\"twitter:data1\" content=\"1 \u5206\" \/>\n<script type=\"application\/ld+json\" class=\"yoast-schema-graph\">{\"@context\":\"https:\/\/schema.org\",\"@graph\":[{\"@type\":\"WebPage\",\"@id\":\"https:\/\/kamenicky.art\/produkt\/zatisie-s-dzbanom-poharom-a-citronmi\/\",\"url\":\"https:\/\/kamenicky.art\/produkt\/zatisie-s-dzbanom-poharom-a-citronmi\/\",\"name\":\"Z\u00c1TI\u0160IE S D\u017dB\u00c1NOM, POH\u00c1ROM A CITR\u00d3NMI - Laco Kamenick\u00fd\",\"isPartOf\":{\"@id\":\"https:\/\/kamenicky.art\/#website\"},\"primaryImageOfPage\":{\"@id\":\"https:\/\/kamenicky.art\/produkt\/zatisie-s-dzbanom-poharom-a-citronmi\/#primaryimage\"},\"image\":{\"@id\":\"https:\/\/kamenicky.art\/produkt\/zatisie-s-dzbanom-poharom-a-citronmi\/#primaryimage\"},\"thumbnailUrl\":\"https:\/\/kamenicky.art\/wp-content\/uploads\/2025\/08\/Nr-112-ZATISIE-S-DZBANOM-POHAROM-A-CITRONMI.jpg\",\"datePublished\":\"2022-04-03T08:27:57+00:00\",\"dateModified\":\"2026-01-08T19:45:35+00:00\",\"breadcrumb\":{\"@id\":\"https:\/\/kamenicky.art\/produkt\/zatisie-s-dzbanom-poharom-a-citronmi\/#breadcrumb\"},\"inLanguage\":\"zh-Hans\",\"potentialAction\":[{\"@type\":\"ReadAction\",\"target\":[\"https:\/\/kamenicky.art\/produkt\/zatisie-s-dzbanom-poharom-a-citronmi\/\"]}]},{\"@type\":\"ImageObject\",\"inLanguage\":\"zh-Hans\",\"@id\":\"https:\/\/kamenicky.art\/produkt\/zatisie-s-dzbanom-poharom-a-citronmi\/#primaryimage\",\"url\":\"https:\/\/kamenicky.art\/wp-content\/uploads\/2025\/08\/Nr-112-ZATISIE-S-DZBANOM-POHAROM-A-CITRONMI.jpg\",\"contentUrl\":\"https:\/\/kamenicky.art\/wp-content\/uploads\/2025\/08\/Nr-112-ZATISIE-S-DZBANOM-POHAROM-A-CITRONMI.jpg\",\"width\":1459,\"height\":2048},{\"@type\":\"BreadcrumbList\",\"@id\":\"https:\/\/kamenicky.art\/produkt\/zatisie-s-dzbanom-poharom-a-citronmi\/#breadcrumb\",\"itemListElement\":[{\"@type\":\"ListItem\",\"position\":1,\"name\":\"Home\",\"item\":\"https:\/\/kamenicky.art\/\"},{\"@type\":\"ListItem\",\"position\":2,\"name\":\"Obchod\",\"item\":\"https:\/\/kamenicky.art\/?page_id=567\"},{\"@type\":\"ListItem\",\"position\":3,\"name\":\"Z\u00c1TI\u0160IE S D\u017dB\u00c1NOM, POH\u00c1ROM A CITR\u00d3NMI\"}]},{\"@type\":\"WebSite\",\"@id\":\"https:\/\/kamenicky.art\/#website\",\"url\":\"https:\/\/kamenicky.art\/\",\"name\":\"Laco Kamenick\u00fd\",\"description\":\"\",\"publisher\":{\"@id\":\"https:\/\/kamenicky.art\/#organization\"},\"potentialAction\":[{\"@type\":\"SearchAction\",\"target\":{\"@type\":\"EntryPoint\",\"urlTemplate\":\"https:\/\/kamenicky.art\/?s={search_term_string}\"},\"query-input\":{\"@type\":\"PropertyValueSpecification\",\"valueRequired\":true,\"valueName\":\"search_term_string\"}}],\"inLanguage\":\"zh-Hans\"},{\"@type\":\"Organization\",\"@id\":\"https:\/\/kamenicky.art\/#organization\",\"name\":\"Laco Kamenick\u00fd\",\"url\":\"https:\/\/kamenicky.art\/\",\"logo\":{\"@type\":\"ImageObject\",\"inLanguage\":\"zh-Hans\",\"@id\":\"https:\/\/kamenicky.art\/#\/schema\/logo\/image\/\",\"url\":\"https:\/\/kamenicky.art\/wp-content\/uploads\/2025\/07\/logo_lk.jpg\",\"contentUrl\":\"https:\/\/kamenicky.art\/wp-content\/uploads\/2025\/07\/logo_lk.jpg\",\"width\":900,\"height\":900,\"caption\":\"Laco Kamenick\u00fd\"},\"image\":{\"@id\":\"https:\/\/kamenicky.art\/#\/schema\/logo\/image\/\"}}]}<\/script>\n<!-- \/ Yoast SEO plugin. -->","yoast_head_json":{"title":"Z\u00c1TI\u0160IE S D\u017dB\u00c1NOM, POH\u00c1ROM A CITR\u00d3NMI - Laco Kamenick\u00fd","robots":{"index":"index","follow":"follow","max-snippet":"max-snippet:-1","max-image-preview":"max-image-preview:large","max-video-preview":"max-video-preview:-1"},"canonical":"https:\/\/kamenicky.art\/zh\/product\/zatisie-s-dzbanom-poharom-a-citronmi\/","og_locale":"zh_CN","og_type":"article","og_title":"Z\u00c1TI\u0160IE S D\u017dB\u00c1NOM, POH\u00c1ROM A CITR\u00d3NMI - Laco Kamenick\u00fd","og_url":"https:\/\/kamenicky.art\/zh\/product\/zatisie-s-dzbanom-poharom-a-citronmi\/","og_site_name":"Laco Kamenick\u00fd","article_modified_time":"2026-01-08T19:45:35+00:00","og_image":[{"width":1459,"height":2048,"url":"https:\/\/kamenicky.art\/wp-content\/uploads\/2025\/08\/Nr-112-ZATISIE-S-DZBANOM-POHAROM-A-CITRONMI.jpg","type":"image\/jpeg"}],"twitter_card":"summary_large_image","twitter_misc":{"\u9884\u8ba1\u9605\u8bfb\u65f6\u95f4":"1 \u5206"},"schema":{"@context":"https:\/\/schema.org","@graph":[{"@type":"WebPage","@id":"https:\/\/kamenicky.art\/produkt\/zatisie-s-dzbanom-poharom-a-citronmi\/","url":"https:\/\/kamenicky.art\/produkt\/zatisie-s-dzbanom-poharom-a-citronmi\/","name":"Z\u00c1TI\u0160IE S D\u017dB\u00c1NOM, POH\u00c1ROM A CITR\u00d3NMI - Laco Kamenick\u00fd","isPartOf":{"@id":"https:\/\/kamenicky.art\/#website"},"primaryImageOfPage":{"@id":"https:\/\/kamenicky.art\/produkt\/zatisie-s-dzbanom-poharom-a-citronmi\/#primaryimage"},"image":{"@id":"https:\/\/kamenicky.art\/produkt\/zatisie-s-dzbanom-poharom-a-citronmi\/#primaryimage"},"thumbnailUrl":"https:\/\/kamenicky.art\/wp-content\/uploads\/2025\/08\/Nr-112-ZATISIE-S-DZBANOM-POHAROM-A-CITRONMI.jpg","datePublished":"2022-04-03T08:27:57+00:00","dateModified":"2026-01-08T19:45:35+00:00","breadcrumb":{"@id":"https:\/\/kamenicky.art\/produkt\/zatisie-s-dzbanom-poharom-a-citronmi\/#breadcrumb"},"inLanguage":"zh-Hans","potentialAction":[{"@type":"ReadAction","target":["https:\/\/kamenicky.art\/produkt\/zatisie-s-dzbanom-poharom-a-citronmi\/"]}]},{"@type":"ImageObject","inLanguage":"zh-Hans","@id":"https:\/\/kamenicky.art\/produkt\/zatisie-s-dzbanom-poharom-a-citronmi\/#primaryimage","url":"https:\/\/kamenicky.art\/wp-content\/uploads\/2025\/08\/Nr-112-ZATISIE-S-DZBANOM-POHAROM-A-CITRONMI.jpg","contentUrl":"https:\/\/kamenicky.art\/wp-content\/uploads\/2025\/08\/Nr-112-ZATISIE-S-DZBANOM-POHAROM-A-CITRONMI.jpg","width":1459,"height":2048},{"@type":"BreadcrumbList","@id":"https:\/\/kamenicky.art\/produkt\/zatisie-s-dzbanom-poharom-a-citronmi\/#breadcrumb","itemListElement":[{"@type":"ListItem","position":1,"name":"Home","item":"https:\/\/kamenicky.art\/"},{"@type":"ListItem","position":2,"name":"Obchod","item":"https:\/\/kamenicky.art\/?page_id=567"},{"@type":"ListItem","position":3,"name":"Z\u00c1TI\u0160IE S D\u017dB\u00c1NOM, POH\u00c1ROM A CITR\u00d3NMI"}]},{"@type":"WebSite","@id":"https:\/\/kamenicky.art\/#website","url":"https:\/\/kamenicky.art\/","name":"Laco Kamenick\u00fd","description":"","publisher":{"@id":"https:\/\/kamenicky.art\/#organization"},"potentialAction":[{"@type":"SearchAction","target":{"@type":"EntryPoint","urlTemplate":"https:\/\/kamenicky.art\/?s={search_term_string}"},"query-input":{"@type":"PropertyValueSpecification","valueRequired":true,"valueName":"search_term_string"}}],"inLanguage":"zh-Hans"},{"@type":"Organization","@id":"https:\/\/kamenicky.art\/#organization","name":"Laco Kamenick\u00fd","url":"https:\/\/kamenicky.art\/","logo":{"@type":"ImageObject","inLanguage":"zh-Hans","@id":"https:\/\/kamenicky.art\/#\/schema\/logo\/image\/","url":"https:\/\/kamenicky.art\/wp-content\/uploads\/2025\/07\/logo_lk.jpg","contentUrl":"https:\/\/kamenicky.art\/wp-content\/uploads\/2025\/07\/logo_lk.jpg","width":900,"height":900,"caption":"Laco Kamenick\u00fd"},"image":{"@id":"https:\/\/kamenicky.art\/#\/schema\/logo\/image\/"}}]}},"_links":{"self":[{"href":"https:\/\/kamenicky.art\/zh\/wp-json\/wp\/v2\/product\/1127","targetHints":{"allow":["GET"]}}],"collection":[{"href":"https:\/\/kamenicky.art\/zh\/wp-json\/wp\/v2\/product"}],"about":[{"href":"https:\/\/kamenicky.art\/zh\/wp-json\/wp\/v2\/types\/product"}],"wp:featuredmedia":[{"embeddable":true,"href":"https:\/\/kamenicky.art\/zh\/wp-json\/wp\/v2\/media\/893"}],"wp:attachment":[{"href":"https:\/\/kamenicky.art\/zh\/wp-json\/wp\/v2\/media?parent=1127"}],"wp:term":[{"taxonomy":"artwork-dimension","embeddable":true,"href":"https:\/\/kamenicky.art\/zh\/wp-json\/wp\/v2\/artwork-dimension?post=1127"},{"taxonomy":"artwork-style","embeddable":true,"href":"https:\/\/kamenicky.art\/zh\/wp-json\/wp\/v2\/artwork-style?post=1127"},{"taxonomy":"artwork-type","embeddable":true,"href":"https:\/\/kamenicky.art\/zh\/wp-json\/wp\/v2\/artwork-type?post=1127"},{"taxonomy":"artwork-year","embeddable":true,"href":"https:\/\/kamenicky.art\/zh\/wp-json\/wp\/v2\/artwork-year?post=1127"},{"taxonomy":"product_brand","embeddable":true,"href":"https:\/\/kamenicky.art\/zh\/wp-json\/wp\/v2\/product_brand?post=1127"},{"taxonomy":"product_cat","embeddable":true,"href":"https:\/\/kamenicky.art\/zh\/wp-json\/wp\/v2\/product_cat?post=1127"},{"taxonomy":"product_tag","embeddable":true,"href":"https:\/\/kamenicky.art\/zh\/wp-json\/wp\/v2\/product_tag?post=1127"}],"curies":[{"name":"wp","href":"https:\/\/api.w.org\/{rel}","templated":true}]}}