{"id":1639,"date":"2024-10-21T18:55:32","date_gmt":"2024-10-21T16:55:32","guid":{"rendered":"https:\/\/kamenicky.art\/?post_type=product&#038;p=1639"},"modified":"2026-01-08T20:05:11","modified_gmt":"2026-01-08T19:05:11","slug":"odraz-slnka-na-jazere-s-leknami","status":"publish","type":"product","link":"https:\/\/kamenicky.art\/en\/product\/odraz-slnka-na-jazere-s-leknami\/","title":{"rendered":"ODRAZ SLNKA NA JAZERE S LEKNAMI"},"content":{"rendered":"<p>Though its title evokes a natural scene, Sun Reflection in Lily Pond transcends realistic interpretation. The work can be read as Kamenick\u00fd\u2019s reflection on Monet\u2019s Water Lilies \u2014 as if his painting were immersed within Monet\u2019s chromatic universe. In the upper right corner, a flicker of Monet\u2019s bluish ponds appears, but Kamenick\u00fd transforms it into his own image of light and motion. Raw brushstrokes and layered paint create a sense of reflection where reality and painterly vision merge. Dynamic gestures and subtle tonal transitions evoke light filtering through water\u2019s depth \u2014 without the need for literal description. By abandoning descriptiveness, Kamenick\u00fd gives precedence to association over depiction. The theme of reflection becomes metaphorical \u2014 a reflection of inner light, a quiet dialogue between what is revealed and what remains unseen.<\/p>","protected":false},"excerpt":{"rendered":"<p>V\u00a0diele ODRAZ SLNKA NA JAZERE S\u00a0LEKNAMI n\u00e1zov evokuje pr\u00edrodn\u00fa sc\u00e9nu, no Kamenick\u00fd v diele prekra\u010duje hranice realistickej interpret\u00e1cie. Dielo mo\u017eno vn\u00edma\u0165 ako Kamenick\u00e9ho reflexiu na Monetove Lekn\u00e1 \u2013 akoby svoju ma\u013ebu ponoril do ich farebn\u00e9ho sveta. V pravom hornom rohu sa mihne ozvena modrast\u00fdch t\u00f3nov Monetov\u00fdch jazierok, no autor ich premie\u0148a na vlastn\u00fd obraz svetla [&hellip;]<\/p>","protected":false},"featured_media":250,"template":"","meta":{"_acf_changed":false,"_editorskit_title_hidden":false,"_editorskit_reading_time":0,"_editorskit_is_block_options_detached":false,"_editorskit_block_options_position":"{}","_monsterinsights_skip_tracking":false,"_monsterinsights_sitenote_active":false,"_monsterinsights_sitenote_note":"","_monsterinsights_sitenote_category":0},"artwork-dimension":[43],"artwork-style":[8],"artwork-type":[11],"artwork-year":[34],"product_brand":[],"product_cat":[337],"product_tag":[],"class_list":{"0":"post-1639","1":"product","2":"type-product","3":"status-publish","4":"has-post-thumbnail","6":"artwork-dimension-170-x-200-cm","7":"artwork-style-acryl-on-canvas","8":"artwork-type-abstract","9":"artwork-year-34","10":"product_cat-nezaradene","12":"first","13":"instock","14":"shipping-taxable","15":"product-type-simple"},"acf":[],"yoast_head":"<!-- This site is optimized with the Yoast SEO plugin v27.0 - https:\/\/yoast.com\/product\/yoast-seo-wordpress\/ -->\n<title>ODRAZ SLNKA NA JAZERE S LEKNAMI - Laco Kamenick\u00fd<\/title>\n<meta name=\"robots\" content=\"index, follow, max-snippet:-1, max-image-preview:large, max-video-preview:-1\" \/>\n<link rel=\"canonical\" href=\"https:\/\/kamenicky.art\/en\/product\/odraz-slnka-na-jazere-s-leknami\/\" \/>\n<meta property=\"og:locale\" content=\"en_US\" \/>\n<meta property=\"og:type\" content=\"article\" \/>\n<meta property=\"og:title\" content=\"ODRAZ SLNKA NA JAZERE S LEKNAMI - Laco Kamenick\u00fd\" \/>\n<meta property=\"og:description\" content=\"V\u00a0diele ODRAZ SLNKA NA JAZERE S\u00a0LEKNAMI n\u00e1zov evokuje pr\u00edrodn\u00fa sc\u00e9nu, no Kamenick\u00fd v diele prekra\u010duje hranice realistickej interpret\u00e1cie. Dielo mo\u017eno vn\u00edma\u0165 ako Kamenick\u00e9ho reflexiu na Monetove Lekn\u00e1 \u2013 akoby svoju ma\u013ebu ponoril do ich farebn\u00e9ho sveta. V pravom hornom rohu sa mihne ozvena modrast\u00fdch t\u00f3nov Monetov\u00fdch jazierok, no autor ich premie\u0148a na vlastn\u00fd obraz svetla [&hellip;]\" \/>\n<meta property=\"og:url\" content=\"https:\/\/kamenicky.art\/en\/product\/odraz-slnka-na-jazere-s-leknami\/\" \/>\n<meta property=\"og:site_name\" content=\"Laco Kamenick\u00fd\" \/>\n<meta property=\"article:modified_time\" content=\"2026-01-08T19:05:11+00:00\" \/>\n<meta property=\"og:image\" content=\"https:\/\/kamenicky.art\/wp-content\/uploads\/2025\/02\/Edit-510.jpg\" \/>\n\t<meta property=\"og:image:width\" content=\"2048\" \/>\n\t<meta property=\"og:image:height\" content=\"1743\" \/>\n\t<meta property=\"og:image:type\" content=\"image\/jpeg\" \/>\n<meta name=\"twitter:card\" content=\"summary_large_image\" \/>\n<meta name=\"twitter:label1\" content=\"Est. reading time\" \/>\n\t<meta name=\"twitter:data1\" content=\"1 minute\" \/>\n<script type=\"application\/ld+json\" class=\"yoast-schema-graph\">{\"@context\":\"https:\/\/schema.org\",\"@graph\":[{\"@type\":\"WebPage\",\"@id\":\"https:\/\/kamenicky.art\/produkt\/odraz-slnka-na-jazere-s-leknami\/\",\"url\":\"https:\/\/kamenicky.art\/produkt\/odraz-slnka-na-jazere-s-leknami\/\",\"name\":\"ODRAZ SLNKA NA JAZERE S LEKNAMI - Laco Kamenick\u00fd\",\"isPartOf\":{\"@id\":\"https:\/\/kamenicky.art\/#website\"},\"primaryImageOfPage\":{\"@id\":\"https:\/\/kamenicky.art\/produkt\/odraz-slnka-na-jazere-s-leknami\/#primaryimage\"},\"image\":{\"@id\":\"https:\/\/kamenicky.art\/produkt\/odraz-slnka-na-jazere-s-leknami\/#primaryimage\"},\"thumbnailUrl\":\"https:\/\/kamenicky.art\/wp-content\/uploads\/2025\/02\/Edit-510.jpg\",\"datePublished\":\"2024-10-21T16:55:32+00:00\",\"dateModified\":\"2026-01-08T19:05:11+00:00\",\"breadcrumb\":{\"@id\":\"https:\/\/kamenicky.art\/produkt\/odraz-slnka-na-jazere-s-leknami\/#breadcrumb\"},\"inLanguage\":\"en-US\",\"potentialAction\":[{\"@type\":\"ReadAction\",\"target\":[\"https:\/\/kamenicky.art\/produkt\/odraz-slnka-na-jazere-s-leknami\/\"]}]},{\"@type\":\"ImageObject\",\"inLanguage\":\"en-US\",\"@id\":\"https:\/\/kamenicky.art\/produkt\/odraz-slnka-na-jazere-s-leknami\/#primaryimage\",\"url\":\"https:\/\/kamenicky.art\/wp-content\/uploads\/2025\/02\/Edit-510.jpg\",\"contentUrl\":\"https:\/\/kamenicky.art\/wp-content\/uploads\/2025\/02\/Edit-510.jpg\",\"width\":2048,\"height\":1743},{\"@type\":\"BreadcrumbList\",\"@id\":\"https:\/\/kamenicky.art\/produkt\/odraz-slnka-na-jazere-s-leknami\/#breadcrumb\",\"itemListElement\":[{\"@type\":\"ListItem\",\"position\":1,\"name\":\"Home\",\"item\":\"https:\/\/kamenicky.art\/\"},{\"@type\":\"ListItem\",\"position\":2,\"name\":\"Obchod\",\"item\":\"https:\/\/kamenicky.art\/?page_id=567\"},{\"@type\":\"ListItem\",\"position\":3,\"name\":\"ODRAZ SLNKA NA JAZERE S LEKNAMI\"}]},{\"@type\":\"WebSite\",\"@id\":\"https:\/\/kamenicky.art\/#website\",\"url\":\"https:\/\/kamenicky.art\/\",\"name\":\"Laco Kamenick\u00fd\",\"description\":\"\",\"publisher\":{\"@id\":\"https:\/\/kamenicky.art\/#organization\"},\"potentialAction\":[{\"@type\":\"SearchAction\",\"target\":{\"@type\":\"EntryPoint\",\"urlTemplate\":\"https:\/\/kamenicky.art\/?s={search_term_string}\"},\"query-input\":{\"@type\":\"PropertyValueSpecification\",\"valueRequired\":true,\"valueName\":\"search_term_string\"}}],\"inLanguage\":\"en-US\"},{\"@type\":\"Organization\",\"@id\":\"https:\/\/kamenicky.art\/#organization\",\"name\":\"Laco Kamenick\u00fd\",\"url\":\"https:\/\/kamenicky.art\/\",\"logo\":{\"@type\":\"ImageObject\",\"inLanguage\":\"en-US\",\"@id\":\"https:\/\/kamenicky.art\/#\/schema\/logo\/image\/\",\"url\":\"https:\/\/kamenicky.art\/wp-content\/uploads\/2025\/07\/logo_lk.jpg\",\"contentUrl\":\"https:\/\/kamenicky.art\/wp-content\/uploads\/2025\/07\/logo_lk.jpg\",\"width\":900,\"height\":900,\"caption\":\"Laco Kamenick\u00fd\"},\"image\":{\"@id\":\"https:\/\/kamenicky.art\/#\/schema\/logo\/image\/\"}}]}<\/script>\n<!-- \/ Yoast SEO plugin. -->","yoast_head_json":{"title":"ODRAZ SLNKA NA JAZERE S LEKNAMI - Laco Kamenick\u00fd","robots":{"index":"index","follow":"follow","max-snippet":"max-snippet:-1","max-image-preview":"max-image-preview:large","max-video-preview":"max-video-preview:-1"},"canonical":"https:\/\/kamenicky.art\/en\/product\/odraz-slnka-na-jazere-s-leknami\/","og_locale":"en_US","og_type":"article","og_title":"ODRAZ SLNKA NA JAZERE S LEKNAMI - Laco Kamenick\u00fd","og_description":"V\u00a0diele ODRAZ SLNKA NA JAZERE S\u00a0LEKNAMI n\u00e1zov evokuje pr\u00edrodn\u00fa sc\u00e9nu, no Kamenick\u00fd v diele prekra\u010duje hranice realistickej interpret\u00e1cie. Dielo mo\u017eno vn\u00edma\u0165 ako Kamenick\u00e9ho reflexiu na Monetove Lekn\u00e1 \u2013 akoby svoju ma\u013ebu ponoril do ich farebn\u00e9ho sveta. V pravom hornom rohu sa mihne ozvena modrast\u00fdch t\u00f3nov Monetov\u00fdch jazierok, no autor ich premie\u0148a na vlastn\u00fd obraz svetla [&hellip;]","og_url":"https:\/\/kamenicky.art\/en\/product\/odraz-slnka-na-jazere-s-leknami\/","og_site_name":"Laco Kamenick\u00fd","article_modified_time":"2026-01-08T19:05:11+00:00","og_image":[{"width":2048,"height":1743,"url":"https:\/\/kamenicky.art\/wp-content\/uploads\/2025\/02\/Edit-510.jpg","type":"image\/jpeg"}],"twitter_card":"summary_large_image","twitter_misc":{"Est. reading time":"1 minute"},"schema":{"@context":"https:\/\/schema.org","@graph":[{"@type":"WebPage","@id":"https:\/\/kamenicky.art\/produkt\/odraz-slnka-na-jazere-s-leknami\/","url":"https:\/\/kamenicky.art\/produkt\/odraz-slnka-na-jazere-s-leknami\/","name":"ODRAZ SLNKA NA JAZERE S LEKNAMI - Laco Kamenick\u00fd","isPartOf":{"@id":"https:\/\/kamenicky.art\/#website"},"primaryImageOfPage":{"@id":"https:\/\/kamenicky.art\/produkt\/odraz-slnka-na-jazere-s-leknami\/#primaryimage"},"image":{"@id":"https:\/\/kamenicky.art\/produkt\/odraz-slnka-na-jazere-s-leknami\/#primaryimage"},"thumbnailUrl":"https:\/\/kamenicky.art\/wp-content\/uploads\/2025\/02\/Edit-510.jpg","datePublished":"2024-10-21T16:55:32+00:00","dateModified":"2026-01-08T19:05:11+00:00","breadcrumb":{"@id":"https:\/\/kamenicky.art\/produkt\/odraz-slnka-na-jazere-s-leknami\/#breadcrumb"},"inLanguage":"en-US","potentialAction":[{"@type":"ReadAction","target":["https:\/\/kamenicky.art\/produkt\/odraz-slnka-na-jazere-s-leknami\/"]}]},{"@type":"ImageObject","inLanguage":"en-US","@id":"https:\/\/kamenicky.art\/produkt\/odraz-slnka-na-jazere-s-leknami\/#primaryimage","url":"https:\/\/kamenicky.art\/wp-content\/uploads\/2025\/02\/Edit-510.jpg","contentUrl":"https:\/\/kamenicky.art\/wp-content\/uploads\/2025\/02\/Edit-510.jpg","width":2048,"height":1743},{"@type":"BreadcrumbList","@id":"https:\/\/kamenicky.art\/produkt\/odraz-slnka-na-jazere-s-leknami\/#breadcrumb","itemListElement":[{"@type":"ListItem","position":1,"name":"Home","item":"https:\/\/kamenicky.art\/"},{"@type":"ListItem","position":2,"name":"Obchod","item":"https:\/\/kamenicky.art\/?page_id=567"},{"@type":"ListItem","position":3,"name":"ODRAZ SLNKA NA JAZERE S LEKNAMI"}]},{"@type":"WebSite","@id":"https:\/\/kamenicky.art\/#website","url":"https:\/\/kamenicky.art\/","name":"Laco Kamenick\u00fd","description":"","publisher":{"@id":"https:\/\/kamenicky.art\/#organization"},"potentialAction":[{"@type":"SearchAction","target":{"@type":"EntryPoint","urlTemplate":"https:\/\/kamenicky.art\/?s={search_term_string}"},"query-input":{"@type":"PropertyValueSpecification","valueRequired":true,"valueName":"search_term_string"}}],"inLanguage":"en-US"},{"@type":"Organization","@id":"https:\/\/kamenicky.art\/#organization","name":"Laco Kamenick\u00fd","url":"https:\/\/kamenicky.art\/","logo":{"@type":"ImageObject","inLanguage":"en-US","@id":"https:\/\/kamenicky.art\/#\/schema\/logo\/image\/","url":"https:\/\/kamenicky.art\/wp-content\/uploads\/2025\/07\/logo_lk.jpg","contentUrl":"https:\/\/kamenicky.art\/wp-content\/uploads\/2025\/07\/logo_lk.jpg","width":900,"height":900,"caption":"Laco Kamenick\u00fd"},"image":{"@id":"https:\/\/kamenicky.art\/#\/schema\/logo\/image\/"}}]}},"_links":{"self":[{"href":"https:\/\/kamenicky.art\/en\/wp-json\/wp\/v2\/product\/1639","targetHints":{"allow":["GET"]}}],"collection":[{"href":"https:\/\/kamenicky.art\/en\/wp-json\/wp\/v2\/product"}],"about":[{"href":"https:\/\/kamenicky.art\/en\/wp-json\/wp\/v2\/types\/product"}],"wp:featuredmedia":[{"embeddable":true,"href":"https:\/\/kamenicky.art\/en\/wp-json\/wp\/v2\/media\/250"}],"wp:attachment":[{"href":"https:\/\/kamenicky.art\/en\/wp-json\/wp\/v2\/media?parent=1639"}],"wp:term":[{"taxonomy":"artwork-dimension","embeddable":true,"href":"https:\/\/kamenicky.art\/en\/wp-json\/wp\/v2\/artwork-dimension?post=1639"},{"taxonomy":"artwork-style","embeddable":true,"href":"https:\/\/kamenicky.art\/en\/wp-json\/wp\/v2\/artwork-style?post=1639"},{"taxonomy":"artwork-type","embeddable":true,"href":"https:\/\/kamenicky.art\/en\/wp-json\/wp\/v2\/artwork-type?post=1639"},{"taxonomy":"artwork-year","embeddable":true,"href":"https:\/\/kamenicky.art\/en\/wp-json\/wp\/v2\/artwork-year?post=1639"},{"taxonomy":"product_brand","embeddable":true,"href":"https:\/\/kamenicky.art\/en\/wp-json\/wp\/v2\/product_brand?post=1639"},{"taxonomy":"product_cat","embeddable":true,"href":"https:\/\/kamenicky.art\/en\/wp-json\/wp\/v2\/product_cat?post=1639"},{"taxonomy":"product_tag","embeddable":true,"href":"https:\/\/kamenicky.art\/en\/wp-json\/wp\/v2\/product_tag?post=1639"}],"curies":[{"name":"wp","href":"https:\/\/api.w.org\/{rel}","templated":true}]}}