{"id":1619,"date":"2024-02-08T18:44:48","date_gmt":"2024-02-08T17:44:48","guid":{"rendered":"https:\/\/kamenicky.art\/?post_type=product&#038;p=1619"},"modified":"2026-01-08T20:10:41","modified_gmt":"2026-01-08T19:10:41","slug":"kto-koho-zozerie","status":"publish","type":"product","link":"https:\/\/kamenicky.art\/en\/product\/kto-koho-zozerie\/","title":{"rendered":"WHO EATS WHOM?!"},"content":{"rendered":"<p>The work is a surreal metaphor depicting a political struggle, where two anthropomorphized praying mantises symbolize antagonistic forces in confrontation. The expressive color palette, especially the contrast of rich pink and vivid green, enhances the drama of the scene. The detailed structure of the bodies and exoskeleton creates a biomorphic aesthetic that combines natural forms with imaginative deformation. The tension between the characters is emphasized by the dynamic composition and expressive gesticulation, giving the work a strong narrative undertone - the contrast of colors is underlined by the symbolic competition for power, and the simultaneous vulnerability in the duel of strong players.<\/p>","protected":false},"excerpt":{"rendered":"<p>Dielo je surrealistickou metaforou zobrazuj\u00facou politick\u00fd boj, kde dve antropomorfizovan\u00e9 modlivky symbolizuj\u00fa antagonistick\u00e9 sily v konfront\u00e1cii. Expres\u00edvna farebn\u00e1 paleta, najm\u00e4 kontrast s\u00fdtej ru\u017eovej a \u017eivej zelenej, umoc\u0148uje dramatickos\u0165 sc\u00e9ny. Detailn\u00e1 \u0161trukt\u00fara tiel a exoskeletu vytv\u00e1ra biomorfn\u00fa estetiku, ktor\u00e1 sp\u00e1ja pr\u00edrodn\u00e9 formy s imaginat\u00edvnou deform\u00e1ciou. Nap\u00e4tie medzi postavami je zd\u00f4raznen\u00e9 dynamickou kompoz\u00edciou a v\u00fdraznou gestikul\u00e1ciou, \u010d\u00edm [&hellip;]<\/p>","protected":false},"featured_media":301,"template":"","meta":{"_acf_changed":false,"_editorskit_title_hidden":false,"_editorskit_reading_time":0,"_editorskit_is_block_options_detached":false,"_editorskit_block_options_position":"{}","_monsterinsights_skip_tracking":false,"_monsterinsights_sitenote_active":false,"_monsterinsights_sitenote_note":"","_monsterinsights_sitenote_category":0},"artwork-dimension":[33],"artwork-style":[8],"artwork-type":[13],"artwork-year":[34],"product_brand":[],"product_cat":[337],"product_tag":[],"class_list":{"0":"post-1619","1":"product","2":"type-product","3":"status-publish","4":"has-post-thumbnail","6":"artwork-dimension-140-x-200-cm","7":"artwork-style-acryl-on-canvas","8":"artwork-type-object","9":"artwork-year-34","10":"product_cat-nezaradene","12":"first","13":"instock","14":"shipping-taxable","15":"product-type-simple"},"acf":[],"yoast_head":"<!-- This site is optimized with the Yoast SEO plugin v27.0 - https:\/\/yoast.com\/product\/yoast-seo-wordpress\/ -->\n<title>KTO KOHO ZO\u017dERIE?! - Laco Kamenick\u00fd<\/title>\n<meta name=\"robots\" content=\"index, follow, max-snippet:-1, max-image-preview:large, max-video-preview:-1\" \/>\n<link rel=\"canonical\" href=\"https:\/\/kamenicky.art\/en\/product\/kto-koho-zozerie\/\" \/>\n<meta property=\"og:locale\" content=\"en_US\" \/>\n<meta property=\"og:type\" content=\"article\" \/>\n<meta property=\"og:title\" content=\"KTO KOHO ZO\u017dERIE?! - Laco Kamenick\u00fd\" \/>\n<meta property=\"og:description\" content=\"Dielo je surrealistickou metaforou zobrazuj\u00facou politick\u00fd boj, kde dve antropomorfizovan\u00e9 modlivky symbolizuj\u00fa antagonistick\u00e9 sily v konfront\u00e1cii. Expres\u00edvna farebn\u00e1 paleta, najm\u00e4 kontrast s\u00fdtej ru\u017eovej a \u017eivej zelenej, umoc\u0148uje dramatickos\u0165 sc\u00e9ny. Detailn\u00e1 \u0161trukt\u00fara tiel a exoskeletu vytv\u00e1ra biomorfn\u00fa estetiku, ktor\u00e1 sp\u00e1ja pr\u00edrodn\u00e9 formy s imaginat\u00edvnou deform\u00e1ciou. Nap\u00e4tie medzi postavami je zd\u00f4raznen\u00e9 dynamickou kompoz\u00edciou a v\u00fdraznou gestikul\u00e1ciou, \u010d\u00edm [&hellip;]\" \/>\n<meta property=\"og:url\" content=\"https:\/\/kamenicky.art\/en\/product\/kto-koho-zozerie\/\" \/>\n<meta property=\"og:site_name\" content=\"Laco Kamenick\u00fd\" \/>\n<meta property=\"article:modified_time\" content=\"2026-01-08T19:10:41+00:00\" \/>\n<meta property=\"og:image\" content=\"https:\/\/kamenicky.art\/wp-content\/uploads\/2025\/02\/Edit-561.jpg\" \/>\n\t<meta property=\"og:image:width\" content=\"2048\" \/>\n\t<meta property=\"og:image:height\" content=\"1461\" \/>\n\t<meta property=\"og:image:type\" content=\"image\/jpeg\" \/>\n<meta name=\"twitter:card\" content=\"summary_large_image\" \/>\n<meta name=\"twitter:label1\" content=\"Est. reading time\" \/>\n\t<meta name=\"twitter:data1\" content=\"1 minute\" \/>\n<script type=\"application\/ld+json\" class=\"yoast-schema-graph\">{\"@context\":\"https:\/\/schema.org\",\"@graph\":[{\"@type\":\"WebPage\",\"@id\":\"https:\/\/kamenicky.art\/produkt\/kto-koho-zozerie\/\",\"url\":\"https:\/\/kamenicky.art\/produkt\/kto-koho-zozerie\/\",\"name\":\"KTO KOHO ZO\u017dERIE?! - Laco Kamenick\u00fd\",\"isPartOf\":{\"@id\":\"https:\/\/kamenicky.art\/#website\"},\"primaryImageOfPage\":{\"@id\":\"https:\/\/kamenicky.art\/produkt\/kto-koho-zozerie\/#primaryimage\"},\"image\":{\"@id\":\"https:\/\/kamenicky.art\/produkt\/kto-koho-zozerie\/#primaryimage\"},\"thumbnailUrl\":\"https:\/\/kamenicky.art\/wp-content\/uploads\/2025\/02\/Edit-561.jpg\",\"datePublished\":\"2024-02-08T17:44:48+00:00\",\"dateModified\":\"2026-01-08T19:10:41+00:00\",\"breadcrumb\":{\"@id\":\"https:\/\/kamenicky.art\/produkt\/kto-koho-zozerie\/#breadcrumb\"},\"inLanguage\":\"en-US\",\"potentialAction\":[{\"@type\":\"ReadAction\",\"target\":[\"https:\/\/kamenicky.art\/produkt\/kto-koho-zozerie\/\"]}]},{\"@type\":\"ImageObject\",\"inLanguage\":\"en-US\",\"@id\":\"https:\/\/kamenicky.art\/produkt\/kto-koho-zozerie\/#primaryimage\",\"url\":\"https:\/\/kamenicky.art\/wp-content\/uploads\/2025\/02\/Edit-561.jpg\",\"contentUrl\":\"https:\/\/kamenicky.art\/wp-content\/uploads\/2025\/02\/Edit-561.jpg\",\"width\":2048,\"height\":1461},{\"@type\":\"BreadcrumbList\",\"@id\":\"https:\/\/kamenicky.art\/produkt\/kto-koho-zozerie\/#breadcrumb\",\"itemListElement\":[{\"@type\":\"ListItem\",\"position\":1,\"name\":\"Home\",\"item\":\"https:\/\/kamenicky.art\/\"},{\"@type\":\"ListItem\",\"position\":2,\"name\":\"Obchod\",\"item\":\"https:\/\/kamenicky.art\/?page_id=567\"},{\"@type\":\"ListItem\",\"position\":3,\"name\":\"KTO KOHO ZO\u017dERIE?!\"}]},{\"@type\":\"WebSite\",\"@id\":\"https:\/\/kamenicky.art\/#website\",\"url\":\"https:\/\/kamenicky.art\/\",\"name\":\"Laco Kamenick\u00fd\",\"description\":\"\",\"publisher\":{\"@id\":\"https:\/\/kamenicky.art\/#organization\"},\"potentialAction\":[{\"@type\":\"SearchAction\",\"target\":{\"@type\":\"EntryPoint\",\"urlTemplate\":\"https:\/\/kamenicky.art\/?s={search_term_string}\"},\"query-input\":{\"@type\":\"PropertyValueSpecification\",\"valueRequired\":true,\"valueName\":\"search_term_string\"}}],\"inLanguage\":\"en-US\"},{\"@type\":\"Organization\",\"@id\":\"https:\/\/kamenicky.art\/#organization\",\"name\":\"Laco Kamenick\u00fd\",\"url\":\"https:\/\/kamenicky.art\/\",\"logo\":{\"@type\":\"ImageObject\",\"inLanguage\":\"en-US\",\"@id\":\"https:\/\/kamenicky.art\/#\/schema\/logo\/image\/\",\"url\":\"https:\/\/kamenicky.art\/wp-content\/uploads\/2025\/07\/logo_lk.jpg\",\"contentUrl\":\"https:\/\/kamenicky.art\/wp-content\/uploads\/2025\/07\/logo_lk.jpg\",\"width\":900,\"height\":900,\"caption\":\"Laco Kamenick\u00fd\"},\"image\":{\"@id\":\"https:\/\/kamenicky.art\/#\/schema\/logo\/image\/\"}}]}<\/script>\n<!-- \/ Yoast SEO plugin. -->","yoast_head_json":{"title":"KTO KOHO ZO\u017dERIE?! - Laco Kamenick\u00fd","robots":{"index":"index","follow":"follow","max-snippet":"max-snippet:-1","max-image-preview":"max-image-preview:large","max-video-preview":"max-video-preview:-1"},"canonical":"https:\/\/kamenicky.art\/en\/product\/kto-koho-zozerie\/","og_locale":"en_US","og_type":"article","og_title":"KTO KOHO ZO\u017dERIE?! - Laco Kamenick\u00fd","og_description":"Dielo je surrealistickou metaforou zobrazuj\u00facou politick\u00fd boj, kde dve antropomorfizovan\u00e9 modlivky symbolizuj\u00fa antagonistick\u00e9 sily v konfront\u00e1cii. Expres\u00edvna farebn\u00e1 paleta, najm\u00e4 kontrast s\u00fdtej ru\u017eovej a \u017eivej zelenej, umoc\u0148uje dramatickos\u0165 sc\u00e9ny. Detailn\u00e1 \u0161trukt\u00fara tiel a exoskeletu vytv\u00e1ra biomorfn\u00fa estetiku, ktor\u00e1 sp\u00e1ja pr\u00edrodn\u00e9 formy s imaginat\u00edvnou deform\u00e1ciou. Nap\u00e4tie medzi postavami je zd\u00f4raznen\u00e9 dynamickou kompoz\u00edciou a v\u00fdraznou gestikul\u00e1ciou, \u010d\u00edm [&hellip;]","og_url":"https:\/\/kamenicky.art\/en\/product\/kto-koho-zozerie\/","og_site_name":"Laco Kamenick\u00fd","article_modified_time":"2026-01-08T19:10:41+00:00","og_image":[{"width":2048,"height":1461,"url":"https:\/\/kamenicky.art\/wp-content\/uploads\/2025\/02\/Edit-561.jpg","type":"image\/jpeg"}],"twitter_card":"summary_large_image","twitter_misc":{"Est. reading time":"1 minute"},"schema":{"@context":"https:\/\/schema.org","@graph":[{"@type":"WebPage","@id":"https:\/\/kamenicky.art\/produkt\/kto-koho-zozerie\/","url":"https:\/\/kamenicky.art\/produkt\/kto-koho-zozerie\/","name":"KTO KOHO ZO\u017dERIE?! - Laco Kamenick\u00fd","isPartOf":{"@id":"https:\/\/kamenicky.art\/#website"},"primaryImageOfPage":{"@id":"https:\/\/kamenicky.art\/produkt\/kto-koho-zozerie\/#primaryimage"},"image":{"@id":"https:\/\/kamenicky.art\/produkt\/kto-koho-zozerie\/#primaryimage"},"thumbnailUrl":"https:\/\/kamenicky.art\/wp-content\/uploads\/2025\/02\/Edit-561.jpg","datePublished":"2024-02-08T17:44:48+00:00","dateModified":"2026-01-08T19:10:41+00:00","breadcrumb":{"@id":"https:\/\/kamenicky.art\/produkt\/kto-koho-zozerie\/#breadcrumb"},"inLanguage":"en-US","potentialAction":[{"@type":"ReadAction","target":["https:\/\/kamenicky.art\/produkt\/kto-koho-zozerie\/"]}]},{"@type":"ImageObject","inLanguage":"en-US","@id":"https:\/\/kamenicky.art\/produkt\/kto-koho-zozerie\/#primaryimage","url":"https:\/\/kamenicky.art\/wp-content\/uploads\/2025\/02\/Edit-561.jpg","contentUrl":"https:\/\/kamenicky.art\/wp-content\/uploads\/2025\/02\/Edit-561.jpg","width":2048,"height":1461},{"@type":"BreadcrumbList","@id":"https:\/\/kamenicky.art\/produkt\/kto-koho-zozerie\/#breadcrumb","itemListElement":[{"@type":"ListItem","position":1,"name":"Home","item":"https:\/\/kamenicky.art\/"},{"@type":"ListItem","position":2,"name":"Obchod","item":"https:\/\/kamenicky.art\/?page_id=567"},{"@type":"ListItem","position":3,"name":"KTO KOHO ZO\u017dERIE?!"}]},{"@type":"WebSite","@id":"https:\/\/kamenicky.art\/#website","url":"https:\/\/kamenicky.art\/","name":"Laco Kamenick\u00fd","description":"","publisher":{"@id":"https:\/\/kamenicky.art\/#organization"},"potentialAction":[{"@type":"SearchAction","target":{"@type":"EntryPoint","urlTemplate":"https:\/\/kamenicky.art\/?s={search_term_string}"},"query-input":{"@type":"PropertyValueSpecification","valueRequired":true,"valueName":"search_term_string"}}],"inLanguage":"en-US"},{"@type":"Organization","@id":"https:\/\/kamenicky.art\/#organization","name":"Laco Kamenick\u00fd","url":"https:\/\/kamenicky.art\/","logo":{"@type":"ImageObject","inLanguage":"en-US","@id":"https:\/\/kamenicky.art\/#\/schema\/logo\/image\/","url":"https:\/\/kamenicky.art\/wp-content\/uploads\/2025\/07\/logo_lk.jpg","contentUrl":"https:\/\/kamenicky.art\/wp-content\/uploads\/2025\/07\/logo_lk.jpg","width":900,"height":900,"caption":"Laco Kamenick\u00fd"},"image":{"@id":"https:\/\/kamenicky.art\/#\/schema\/logo\/image\/"}}]}},"_links":{"self":[{"href":"https:\/\/kamenicky.art\/en\/wp-json\/wp\/v2\/product\/1619","targetHints":{"allow":["GET"]}}],"collection":[{"href":"https:\/\/kamenicky.art\/en\/wp-json\/wp\/v2\/product"}],"about":[{"href":"https:\/\/kamenicky.art\/en\/wp-json\/wp\/v2\/types\/product"}],"wp:featuredmedia":[{"embeddable":true,"href":"https:\/\/kamenicky.art\/en\/wp-json\/wp\/v2\/media\/301"}],"wp:attachment":[{"href":"https:\/\/kamenicky.art\/en\/wp-json\/wp\/v2\/media?parent=1619"}],"wp:term":[{"taxonomy":"artwork-dimension","embeddable":true,"href":"https:\/\/kamenicky.art\/en\/wp-json\/wp\/v2\/artwork-dimension?post=1619"},{"taxonomy":"artwork-style","embeddable":true,"href":"https:\/\/kamenicky.art\/en\/wp-json\/wp\/v2\/artwork-style?post=1619"},{"taxonomy":"artwork-type","embeddable":true,"href":"https:\/\/kamenicky.art\/en\/wp-json\/wp\/v2\/artwork-type?post=1619"},{"taxonomy":"artwork-year","embeddable":true,"href":"https:\/\/kamenicky.art\/en\/wp-json\/wp\/v2\/artwork-year?post=1619"},{"taxonomy":"product_brand","embeddable":true,"href":"https:\/\/kamenicky.art\/en\/wp-json\/wp\/v2\/product_brand?post=1619"},{"taxonomy":"product_cat","embeddable":true,"href":"https:\/\/kamenicky.art\/en\/wp-json\/wp\/v2\/product_cat?post=1619"},{"taxonomy":"product_tag","embeddable":true,"href":"https:\/\/kamenicky.art\/en\/wp-json\/wp\/v2\/product_tag?post=1619"}],"curies":[{"name":"wp","href":"https:\/\/api.w.org\/{rel}","templated":true}]}}