{"id":1523,"date":"2025-03-07T18:17:40","date_gmt":"2025-03-07T17:17:40","guid":{"rendered":"https:\/\/kamenicky.art\/?post_type=product&#038;p=1523"},"modified":"2026-01-08T20:01:00","modified_gmt":"2026-01-08T19:01:00","slug":"abstract-graffiti-2","status":"publish","type":"product","link":"https:\/\/kamenicky.art\/en\/product\/abstract-graffiti-2\/","title":{"rendered":"ABSTRACT GRAFFITI 2"},"content":{"rendered":"<p>In Abstract Graffiti 2, the artist combines bold contours, gestural strokes, and layers of color to create a composition that pulses with the rhythm of street writing. Each brushstroke acts like a sign; layers alternate, overlap, and reveal one another \u2014 as if the artist were exploring the boundary between spontaneity and intention. Kamenick\u00fd develops a dialogue between the precision of line and the ambiguity of color space. The meandering contours that flow across the canvas create a graphic rhythm \u2014 capturing the energy of motion while anchoring it in structure. Their sharp definition contrasts with the soft transitions of the background, where color dissolves into haze, escaping into the space beyond the canvas.<\/p>\n<p>Abstract Graffiti 2 alludes to the dynamic language of street art \u2014 its gesture, energy, and layered surfaces. Kamenick\u00fd transfers this principle into the studio environment, where the raw immediacy of graffiti gains new visual order and structure.<\/p>","protected":false},"excerpt":{"rendered":"<p>V\u00a0diele ABSTRACT GRAFFITI 2 autor kombin\u00e1ciou v\u00fdrazn\u00fdch kont\u00far, gesta a vrstiev farby vytv\u00e1ra kompoz\u00edciu, ktor\u00e1 pulzuje rytmom pouli\u010dn\u00e9ho p\u00edsma. Ka\u017ed\u00fd \u0165ah \u0161tetca p\u00f4sob\u00ed ako znak; vrstvy sa navz\u00e1jom striedaj\u00fa, prekr\u00fdvaj\u00fa a odha\u013euj\u00fa \u2013 akoby autor sk\u00famal hranice medzi spont\u00e1nnos\u0165ou a z\u00e1merom. Kamenick\u00fd rozv\u00edja dial\u00f3g medzi presnos\u0165ou l\u00ednie a neur\u010ditos\u0165ou farebn\u00e9ho priestoru. Meandrovit\u00e9 kont\u00fary, ktor\u00e9 sa [&hellip;]<\/p>","protected":false},"featured_media":1319,"template":"","meta":{"_acf_changed":false,"_editorskit_title_hidden":false,"_editorskit_reading_time":0,"_editorskit_is_block_options_detached":false,"_editorskit_block_options_position":"{}","_monsterinsights_skip_tracking":false,"_monsterinsights_sitenote_active":false,"_monsterinsights_sitenote_note":"","_monsterinsights_sitenote_category":0},"artwork-dimension":[43],"artwork-style":[355],"artwork-type":[11],"artwork-year":[349],"product_brand":[],"product_cat":[337],"product_tag":[],"class_list":{"0":"post-1523","1":"product","2":"type-product","3":"status-publish","4":"has-post-thumbnail","6":"artwork-dimension-170-x-200-cm","7":"artwork-style-acryl-and-mixed-media-on-canvas","8":"artwork-type-abstract","9":"artwork-year-349","10":"product_cat-nezaradene","12":"first","13":"instock","14":"shipping-taxable","15":"product-type-simple"},"acf":[],"yoast_head":"<!-- This site is optimized with the Yoast SEO plugin v27.0 - https:\/\/yoast.com\/product\/yoast-seo-wordpress\/ -->\n<title>ABSTRACT GRAFFITI 2 - Laco Kamenick\u00fd<\/title>\n<meta name=\"robots\" content=\"index, follow, max-snippet:-1, max-image-preview:large, max-video-preview:-1\" \/>\n<link rel=\"canonical\" href=\"https:\/\/kamenicky.art\/en\/product\/abstract-graffiti-2\/\" \/>\n<meta property=\"og:locale\" content=\"en_US\" \/>\n<meta property=\"og:type\" content=\"article\" \/>\n<meta property=\"og:title\" content=\"ABSTRACT GRAFFITI 2 - Laco Kamenick\u00fd\" \/>\n<meta property=\"og:description\" content=\"V\u00a0diele ABSTRACT GRAFFITI 2 autor kombin\u00e1ciou v\u00fdrazn\u00fdch kont\u00far, gesta a vrstiev farby vytv\u00e1ra kompoz\u00edciu, ktor\u00e1 pulzuje rytmom pouli\u010dn\u00e9ho p\u00edsma. Ka\u017ed\u00fd \u0165ah \u0161tetca p\u00f4sob\u00ed ako znak; vrstvy sa navz\u00e1jom striedaj\u00fa, prekr\u00fdvaj\u00fa a odha\u013euj\u00fa \u2013 akoby autor sk\u00famal hranice medzi spont\u00e1nnos\u0165ou a z\u00e1merom. Kamenick\u00fd rozv\u00edja dial\u00f3g medzi presnos\u0165ou l\u00ednie a neur\u010ditos\u0165ou farebn\u00e9ho priestoru. Meandrovit\u00e9 kont\u00fary, ktor\u00e9 sa [&hellip;]\" \/>\n<meta property=\"og:url\" content=\"https:\/\/kamenicky.art\/en\/product\/abstract-graffiti-2\/\" \/>\n<meta property=\"og:site_name\" content=\"Laco Kamenick\u00fd\" \/>\n<meta property=\"article:modified_time\" content=\"2026-01-08T19:01:00+00:00\" \/>\n<meta property=\"og:image\" content=\"https:\/\/kamenicky.art\/wp-content\/uploads\/2025\/08\/Nr-217-ABSTRACT-GRAFITI-_2_.jpg\" \/>\n\t<meta property=\"og:image:width\" content=\"2048\" \/>\n\t<meta property=\"og:image:height\" content=\"1598\" \/>\n\t<meta property=\"og:image:type\" content=\"image\/jpeg\" \/>\n<meta name=\"twitter:card\" content=\"summary_large_image\" \/>\n<meta name=\"twitter:label1\" content=\"Est. reading time\" \/>\n\t<meta name=\"twitter:data1\" content=\"1 minute\" \/>\n<script type=\"application\/ld+json\" class=\"yoast-schema-graph\">{\"@context\":\"https:\/\/schema.org\",\"@graph\":[{\"@type\":\"WebPage\",\"@id\":\"https:\/\/kamenicky.art\/produkt\/abstract-graffiti-2\/\",\"url\":\"https:\/\/kamenicky.art\/produkt\/abstract-graffiti-2\/\",\"name\":\"ABSTRACT GRAFFITI 2 - Laco Kamenick\u00fd\",\"isPartOf\":{\"@id\":\"https:\/\/kamenicky.art\/#website\"},\"primaryImageOfPage\":{\"@id\":\"https:\/\/kamenicky.art\/produkt\/abstract-graffiti-2\/#primaryimage\"},\"image\":{\"@id\":\"https:\/\/kamenicky.art\/produkt\/abstract-graffiti-2\/#primaryimage\"},\"thumbnailUrl\":\"https:\/\/kamenicky.art\/wp-content\/uploads\/2025\/08\/Nr-217-ABSTRACT-GRAFITI-_2_.jpg\",\"datePublished\":\"2025-03-07T17:17:40+00:00\",\"dateModified\":\"2026-01-08T19:01:00+00:00\",\"breadcrumb\":{\"@id\":\"https:\/\/kamenicky.art\/produkt\/abstract-graffiti-2\/#breadcrumb\"},\"inLanguage\":\"en-US\",\"potentialAction\":[{\"@type\":\"ReadAction\",\"target\":[\"https:\/\/kamenicky.art\/produkt\/abstract-graffiti-2\/\"]}]},{\"@type\":\"ImageObject\",\"inLanguage\":\"en-US\",\"@id\":\"https:\/\/kamenicky.art\/produkt\/abstract-graffiti-2\/#primaryimage\",\"url\":\"https:\/\/kamenicky.art\/wp-content\/uploads\/2025\/08\/Nr-217-ABSTRACT-GRAFITI-_2_.jpg\",\"contentUrl\":\"https:\/\/kamenicky.art\/wp-content\/uploads\/2025\/08\/Nr-217-ABSTRACT-GRAFITI-_2_.jpg\",\"width\":2048,\"height\":1598},{\"@type\":\"BreadcrumbList\",\"@id\":\"https:\/\/kamenicky.art\/produkt\/abstract-graffiti-2\/#breadcrumb\",\"itemListElement\":[{\"@type\":\"ListItem\",\"position\":1,\"name\":\"Home\",\"item\":\"https:\/\/kamenicky.art\/\"},{\"@type\":\"ListItem\",\"position\":2,\"name\":\"Obchod\",\"item\":\"https:\/\/kamenicky.art\/?page_id=567\"},{\"@type\":\"ListItem\",\"position\":3,\"name\":\"ABSTRACT GRAFFITI 2\"}]},{\"@type\":\"WebSite\",\"@id\":\"https:\/\/kamenicky.art\/#website\",\"url\":\"https:\/\/kamenicky.art\/\",\"name\":\"Laco Kamenick\u00fd\",\"description\":\"\",\"publisher\":{\"@id\":\"https:\/\/kamenicky.art\/#organization\"},\"potentialAction\":[{\"@type\":\"SearchAction\",\"target\":{\"@type\":\"EntryPoint\",\"urlTemplate\":\"https:\/\/kamenicky.art\/?s={search_term_string}\"},\"query-input\":{\"@type\":\"PropertyValueSpecification\",\"valueRequired\":true,\"valueName\":\"search_term_string\"}}],\"inLanguage\":\"en-US\"},{\"@type\":\"Organization\",\"@id\":\"https:\/\/kamenicky.art\/#organization\",\"name\":\"Laco Kamenick\u00fd\",\"url\":\"https:\/\/kamenicky.art\/\",\"logo\":{\"@type\":\"ImageObject\",\"inLanguage\":\"en-US\",\"@id\":\"https:\/\/kamenicky.art\/#\/schema\/logo\/image\/\",\"url\":\"https:\/\/kamenicky.art\/wp-content\/uploads\/2025\/07\/logo_lk.jpg\",\"contentUrl\":\"https:\/\/kamenicky.art\/wp-content\/uploads\/2025\/07\/logo_lk.jpg\",\"width\":900,\"height\":900,\"caption\":\"Laco Kamenick\u00fd\"},\"image\":{\"@id\":\"https:\/\/kamenicky.art\/#\/schema\/logo\/image\/\"}}]}<\/script>\n<!-- \/ Yoast SEO plugin. -->","yoast_head_json":{"title":"ABSTRACT GRAFFITI 2 - Laco Kamenick\u00fd","robots":{"index":"index","follow":"follow","max-snippet":"max-snippet:-1","max-image-preview":"max-image-preview:large","max-video-preview":"max-video-preview:-1"},"canonical":"https:\/\/kamenicky.art\/en\/product\/abstract-graffiti-2\/","og_locale":"en_US","og_type":"article","og_title":"ABSTRACT GRAFFITI 2 - Laco Kamenick\u00fd","og_description":"V\u00a0diele ABSTRACT GRAFFITI 2 autor kombin\u00e1ciou v\u00fdrazn\u00fdch kont\u00far, gesta a vrstiev farby vytv\u00e1ra kompoz\u00edciu, ktor\u00e1 pulzuje rytmom pouli\u010dn\u00e9ho p\u00edsma. Ka\u017ed\u00fd \u0165ah \u0161tetca p\u00f4sob\u00ed ako znak; vrstvy sa navz\u00e1jom striedaj\u00fa, prekr\u00fdvaj\u00fa a odha\u013euj\u00fa \u2013 akoby autor sk\u00famal hranice medzi spont\u00e1nnos\u0165ou a z\u00e1merom. Kamenick\u00fd rozv\u00edja dial\u00f3g medzi presnos\u0165ou l\u00ednie a neur\u010ditos\u0165ou farebn\u00e9ho priestoru. Meandrovit\u00e9 kont\u00fary, ktor\u00e9 sa [&hellip;]","og_url":"https:\/\/kamenicky.art\/en\/product\/abstract-graffiti-2\/","og_site_name":"Laco Kamenick\u00fd","article_modified_time":"2026-01-08T19:01:00+00:00","og_image":[{"width":2048,"height":1598,"url":"https:\/\/kamenicky.art\/wp-content\/uploads\/2025\/08\/Nr-217-ABSTRACT-GRAFITI-_2_.jpg","type":"image\/jpeg"}],"twitter_card":"summary_large_image","twitter_misc":{"Est. reading time":"1 minute"},"schema":{"@context":"https:\/\/schema.org","@graph":[{"@type":"WebPage","@id":"https:\/\/kamenicky.art\/produkt\/abstract-graffiti-2\/","url":"https:\/\/kamenicky.art\/produkt\/abstract-graffiti-2\/","name":"ABSTRACT GRAFFITI 2 - Laco Kamenick\u00fd","isPartOf":{"@id":"https:\/\/kamenicky.art\/#website"},"primaryImageOfPage":{"@id":"https:\/\/kamenicky.art\/produkt\/abstract-graffiti-2\/#primaryimage"},"image":{"@id":"https:\/\/kamenicky.art\/produkt\/abstract-graffiti-2\/#primaryimage"},"thumbnailUrl":"https:\/\/kamenicky.art\/wp-content\/uploads\/2025\/08\/Nr-217-ABSTRACT-GRAFITI-_2_.jpg","datePublished":"2025-03-07T17:17:40+00:00","dateModified":"2026-01-08T19:01:00+00:00","breadcrumb":{"@id":"https:\/\/kamenicky.art\/produkt\/abstract-graffiti-2\/#breadcrumb"},"inLanguage":"en-US","potentialAction":[{"@type":"ReadAction","target":["https:\/\/kamenicky.art\/produkt\/abstract-graffiti-2\/"]}]},{"@type":"ImageObject","inLanguage":"en-US","@id":"https:\/\/kamenicky.art\/produkt\/abstract-graffiti-2\/#primaryimage","url":"https:\/\/kamenicky.art\/wp-content\/uploads\/2025\/08\/Nr-217-ABSTRACT-GRAFITI-_2_.jpg","contentUrl":"https:\/\/kamenicky.art\/wp-content\/uploads\/2025\/08\/Nr-217-ABSTRACT-GRAFITI-_2_.jpg","width":2048,"height":1598},{"@type":"BreadcrumbList","@id":"https:\/\/kamenicky.art\/produkt\/abstract-graffiti-2\/#breadcrumb","itemListElement":[{"@type":"ListItem","position":1,"name":"Home","item":"https:\/\/kamenicky.art\/"},{"@type":"ListItem","position":2,"name":"Obchod","item":"https:\/\/kamenicky.art\/?page_id=567"},{"@type":"ListItem","position":3,"name":"ABSTRACT GRAFFITI 2"}]},{"@type":"WebSite","@id":"https:\/\/kamenicky.art\/#website","url":"https:\/\/kamenicky.art\/","name":"Laco Kamenick\u00fd","description":"","publisher":{"@id":"https:\/\/kamenicky.art\/#organization"},"potentialAction":[{"@type":"SearchAction","target":{"@type":"EntryPoint","urlTemplate":"https:\/\/kamenicky.art\/?s={search_term_string}"},"query-input":{"@type":"PropertyValueSpecification","valueRequired":true,"valueName":"search_term_string"}}],"inLanguage":"en-US"},{"@type":"Organization","@id":"https:\/\/kamenicky.art\/#organization","name":"Laco Kamenick\u00fd","url":"https:\/\/kamenicky.art\/","logo":{"@type":"ImageObject","inLanguage":"en-US","@id":"https:\/\/kamenicky.art\/#\/schema\/logo\/image\/","url":"https:\/\/kamenicky.art\/wp-content\/uploads\/2025\/07\/logo_lk.jpg","contentUrl":"https:\/\/kamenicky.art\/wp-content\/uploads\/2025\/07\/logo_lk.jpg","width":900,"height":900,"caption":"Laco Kamenick\u00fd"},"image":{"@id":"https:\/\/kamenicky.art\/#\/schema\/logo\/image\/"}}]}},"_links":{"self":[{"href":"https:\/\/kamenicky.art\/en\/wp-json\/wp\/v2\/product\/1523","targetHints":{"allow":["GET"]}}],"collection":[{"href":"https:\/\/kamenicky.art\/en\/wp-json\/wp\/v2\/product"}],"about":[{"href":"https:\/\/kamenicky.art\/en\/wp-json\/wp\/v2\/types\/product"}],"wp:featuredmedia":[{"embeddable":true,"href":"https:\/\/kamenicky.art\/en\/wp-json\/wp\/v2\/media\/1319"}],"wp:attachment":[{"href":"https:\/\/kamenicky.art\/en\/wp-json\/wp\/v2\/media?parent=1523"}],"wp:term":[{"taxonomy":"artwork-dimension","embeddable":true,"href":"https:\/\/kamenicky.art\/en\/wp-json\/wp\/v2\/artwork-dimension?post=1523"},{"taxonomy":"artwork-style","embeddable":true,"href":"https:\/\/kamenicky.art\/en\/wp-json\/wp\/v2\/artwork-style?post=1523"},{"taxonomy":"artwork-type","embeddable":true,"href":"https:\/\/kamenicky.art\/en\/wp-json\/wp\/v2\/artwork-type?post=1523"},{"taxonomy":"artwork-year","embeddable":true,"href":"https:\/\/kamenicky.art\/en\/wp-json\/wp\/v2\/artwork-year?post=1523"},{"taxonomy":"product_brand","embeddable":true,"href":"https:\/\/kamenicky.art\/en\/wp-json\/wp\/v2\/product_brand?post=1523"},{"taxonomy":"product_cat","embeddable":true,"href":"https:\/\/kamenicky.art\/en\/wp-json\/wp\/v2\/product_cat?post=1523"},{"taxonomy":"product_tag","embeddable":true,"href":"https:\/\/kamenicky.art\/en\/wp-json\/wp\/v2\/product_tag?post=1523"}],"curies":[{"name":"wp","href":"https:\/\/api.w.org\/{rel}","templated":true}]}}