{"id":1228,"date":"2025-05-22T16:54:09","date_gmt":"2025-05-22T14:54:09","guid":{"rendered":"https:\/\/kamenicky.art\/?post_type=product&#038;p=1228"},"modified":"2026-01-08T19:57:27","modified_gmt":"2026-01-08T18:57:27","slug":"za-prekazkami-je-raj","status":"publish","type":"product","link":"https:\/\/kamenicky.art\/en\/product\/za-prekazkami-je-raj\/","title":{"rendered":"BEHIND THE OBSTACLES IS PARADISE"},"content":{"rendered":"<p>Behind the Obstacles Is Paradise presents a paradoxical vision: what seems distant or unreachable lies just beyond the limits of perception. Branches, shadows, layers of matter \u2014 all act as obstacles, symbolizing the struggles and burdens that block direct sight. Kamenick\u00fd paints them not as something to be removed, but as an integral part of the search for light. Within the same composition, subtle traces of light and translucent spaces appear \u2014 as if paradise, a state of peace or transcendence, quietly awaited behind the visible. The light filtering through the layers does not burst forth but seeps gently, suggesting that beyond matter lies something more. Muted tones of gray-turquoise and soft radiance evoke calm rather than intensity \u2014 a quiet call toward illumination. The painting reveals a paradox: light is not born despite obstacles, but through them.<\/p>","protected":false},"excerpt":{"rendered":"<p>Dielo ZA PREK\u00c1\u017dKAMI JE RAJ predstavuje paradoxn\u00fa realitu: to, \u010do sa zd\u00e1 vzdialen\u00e9 alebo nedostupn\u00e9, le\u017e\u00ed priamo za hranicou na\u0161ich limitov. Kon\u00e1re, tiene, vrstvy hmoty \u2013 to v\u0161etko p\u00f4sob\u00ed ako prek\u00e1\u017eky, symbolizuj\u00fa probl\u00e9my, \u0165a\u017ekosti, ktor\u00e9 blokuj\u00fa priamy v\u00fdh\u013ead. Kamenick\u00fd ich ma\u013euje nie ako nie\u010do, \u010do treba odstr\u00e1ni\u0165, ale ako neoddelite\u013en\u00fa s\u00fa\u010das\u0165 h\u013eadania svetla. V tej [&hellip;]<\/p>","protected":false},"featured_media":989,"template":"","meta":{"_acf_changed":false,"_editorskit_title_hidden":false,"_editorskit_reading_time":0,"_editorskit_is_block_options_detached":false,"_editorskit_block_options_position":"{}","_monsterinsights_skip_tracking":false,"_monsterinsights_sitenote_active":false,"_monsterinsights_sitenote_note":"","_monsterinsights_sitenote_category":0},"artwork-dimension":[33],"artwork-style":[8],"artwork-type":[11],"artwork-year":[349],"product_brand":[],"product_cat":[337],"product_tag":[],"class_list":{"0":"post-1228","1":"product","2":"type-product","3":"status-publish","4":"has-post-thumbnail","6":"artwork-dimension-140-x-200-cm","7":"artwork-style-acryl-on-canvas","8":"artwork-type-abstract","9":"artwork-year-349","10":"product_cat-nezaradene","12":"first","13":"instock","14":"shipping-taxable","15":"product-type-simple"},"acf":[],"yoast_head":"<!-- This site is optimized with the Yoast SEO plugin v27.0 - https:\/\/yoast.com\/product\/yoast-seo-wordpress\/ -->\n<title>ZA PREK\u00c1\u017dKAMI JE RAJ - Laco Kamenick\u00fd<\/title>\n<meta name=\"robots\" content=\"index, follow, max-snippet:-1, max-image-preview:large, max-video-preview:-1\" \/>\n<link rel=\"canonical\" href=\"https:\/\/kamenicky.art\/en\/product\/za-prekazkami-je-raj\/\" \/>\n<meta property=\"og:locale\" content=\"en_US\" \/>\n<meta property=\"og:type\" content=\"article\" \/>\n<meta property=\"og:title\" content=\"ZA PREK\u00c1\u017dKAMI JE RAJ - Laco Kamenick\u00fd\" \/>\n<meta property=\"og:description\" content=\"Dielo ZA PREK\u00c1\u017dKAMI JE RAJ predstavuje paradoxn\u00fa realitu: to, \u010do sa zd\u00e1 vzdialen\u00e9 alebo nedostupn\u00e9, le\u017e\u00ed priamo za hranicou na\u0161ich limitov. Kon\u00e1re, tiene, vrstvy hmoty \u2013 to v\u0161etko p\u00f4sob\u00ed ako prek\u00e1\u017eky, symbolizuj\u00fa probl\u00e9my, \u0165a\u017ekosti, ktor\u00e9 blokuj\u00fa priamy v\u00fdh\u013ead. Kamenick\u00fd ich ma\u013euje nie ako nie\u010do, \u010do treba odstr\u00e1ni\u0165, ale ako neoddelite\u013en\u00fa s\u00fa\u010das\u0165 h\u013eadania svetla. V tej [&hellip;]\" \/>\n<meta property=\"og:url\" content=\"https:\/\/kamenicky.art\/en\/product\/za-prekazkami-je-raj\/\" \/>\n<meta property=\"og:site_name\" content=\"Laco Kamenick\u00fd\" \/>\n<meta property=\"article:modified_time\" content=\"2026-01-08T18:57:27+00:00\" \/>\n<meta property=\"og:image\" content=\"https:\/\/kamenicky.art\/wp-content\/uploads\/2025\/08\/Nr-232-BEHIND-THE-OBSTACLES-IS-PARADISE.jpg\" \/>\n\t<meta property=\"og:image:width\" content=\"2048\" \/>\n\t<meta property=\"og:image:height\" content=\"1422\" \/>\n\t<meta property=\"og:image:type\" content=\"image\/jpeg\" \/>\n<meta name=\"twitter:card\" content=\"summary_large_image\" \/>\n<meta name=\"twitter:label1\" content=\"Est. reading time\" \/>\n\t<meta name=\"twitter:data1\" content=\"1 minute\" \/>\n<script type=\"application\/ld+json\" class=\"yoast-schema-graph\">{\"@context\":\"https:\/\/schema.org\",\"@graph\":[{\"@type\":\"WebPage\",\"@id\":\"https:\/\/kamenicky.art\/produkt\/za-prekazkami-je-raj\/\",\"url\":\"https:\/\/kamenicky.art\/produkt\/za-prekazkami-je-raj\/\",\"name\":\"ZA PREK\u00c1\u017dKAMI JE RAJ - Laco Kamenick\u00fd\",\"isPartOf\":{\"@id\":\"https:\/\/kamenicky.art\/#website\"},\"primaryImageOfPage\":{\"@id\":\"https:\/\/kamenicky.art\/produkt\/za-prekazkami-je-raj\/#primaryimage\"},\"image\":{\"@id\":\"https:\/\/kamenicky.art\/produkt\/za-prekazkami-je-raj\/#primaryimage\"},\"thumbnailUrl\":\"https:\/\/kamenicky.art\/wp-content\/uploads\/2025\/08\/Nr-232-BEHIND-THE-OBSTACLES-IS-PARADISE.jpg\",\"datePublished\":\"2025-05-22T14:54:09+00:00\",\"dateModified\":\"2026-01-08T18:57:27+00:00\",\"breadcrumb\":{\"@id\":\"https:\/\/kamenicky.art\/produkt\/za-prekazkami-je-raj\/#breadcrumb\"},\"inLanguage\":\"en-US\",\"potentialAction\":[{\"@type\":\"ReadAction\",\"target\":[\"https:\/\/kamenicky.art\/produkt\/za-prekazkami-je-raj\/\"]}]},{\"@type\":\"ImageObject\",\"inLanguage\":\"en-US\",\"@id\":\"https:\/\/kamenicky.art\/produkt\/za-prekazkami-je-raj\/#primaryimage\",\"url\":\"https:\/\/kamenicky.art\/wp-content\/uploads\/2025\/08\/Nr-232-BEHIND-THE-OBSTACLES-IS-PARADISE.jpg\",\"contentUrl\":\"https:\/\/kamenicky.art\/wp-content\/uploads\/2025\/08\/Nr-232-BEHIND-THE-OBSTACLES-IS-PARADISE.jpg\",\"width\":2048,\"height\":1422},{\"@type\":\"BreadcrumbList\",\"@id\":\"https:\/\/kamenicky.art\/produkt\/za-prekazkami-je-raj\/#breadcrumb\",\"itemListElement\":[{\"@type\":\"ListItem\",\"position\":1,\"name\":\"Home\",\"item\":\"https:\/\/kamenicky.art\/\"},{\"@type\":\"ListItem\",\"position\":2,\"name\":\"Obchod\",\"item\":\"https:\/\/kamenicky.art\/?page_id=567\"},{\"@type\":\"ListItem\",\"position\":3,\"name\":\"ZA PREK\u00c1\u017dKAMI JE RAJ\"}]},{\"@type\":\"WebSite\",\"@id\":\"https:\/\/kamenicky.art\/#website\",\"url\":\"https:\/\/kamenicky.art\/\",\"name\":\"Laco Kamenick\u00fd\",\"description\":\"\",\"publisher\":{\"@id\":\"https:\/\/kamenicky.art\/#organization\"},\"potentialAction\":[{\"@type\":\"SearchAction\",\"target\":{\"@type\":\"EntryPoint\",\"urlTemplate\":\"https:\/\/kamenicky.art\/?s={search_term_string}\"},\"query-input\":{\"@type\":\"PropertyValueSpecification\",\"valueRequired\":true,\"valueName\":\"search_term_string\"}}],\"inLanguage\":\"en-US\"},{\"@type\":\"Organization\",\"@id\":\"https:\/\/kamenicky.art\/#organization\",\"name\":\"Laco Kamenick\u00fd\",\"url\":\"https:\/\/kamenicky.art\/\",\"logo\":{\"@type\":\"ImageObject\",\"inLanguage\":\"en-US\",\"@id\":\"https:\/\/kamenicky.art\/#\/schema\/logo\/image\/\",\"url\":\"https:\/\/kamenicky.art\/wp-content\/uploads\/2025\/07\/logo_lk.jpg\",\"contentUrl\":\"https:\/\/kamenicky.art\/wp-content\/uploads\/2025\/07\/logo_lk.jpg\",\"width\":900,\"height\":900,\"caption\":\"Laco Kamenick\u00fd\"},\"image\":{\"@id\":\"https:\/\/kamenicky.art\/#\/schema\/logo\/image\/\"}}]}<\/script>\n<!-- \/ Yoast SEO plugin. -->","yoast_head_json":{"title":"ZA PREK\u00c1\u017dKAMI JE RAJ - Laco Kamenick\u00fd","robots":{"index":"index","follow":"follow","max-snippet":"max-snippet:-1","max-image-preview":"max-image-preview:large","max-video-preview":"max-video-preview:-1"},"canonical":"https:\/\/kamenicky.art\/en\/product\/za-prekazkami-je-raj\/","og_locale":"en_US","og_type":"article","og_title":"ZA PREK\u00c1\u017dKAMI JE RAJ - Laco Kamenick\u00fd","og_description":"Dielo ZA PREK\u00c1\u017dKAMI JE RAJ predstavuje paradoxn\u00fa realitu: to, \u010do sa zd\u00e1 vzdialen\u00e9 alebo nedostupn\u00e9, le\u017e\u00ed priamo za hranicou na\u0161ich limitov. Kon\u00e1re, tiene, vrstvy hmoty \u2013 to v\u0161etko p\u00f4sob\u00ed ako prek\u00e1\u017eky, symbolizuj\u00fa probl\u00e9my, \u0165a\u017ekosti, ktor\u00e9 blokuj\u00fa priamy v\u00fdh\u013ead. Kamenick\u00fd ich ma\u013euje nie ako nie\u010do, \u010do treba odstr\u00e1ni\u0165, ale ako neoddelite\u013en\u00fa s\u00fa\u010das\u0165 h\u013eadania svetla. V tej [&hellip;]","og_url":"https:\/\/kamenicky.art\/en\/product\/za-prekazkami-je-raj\/","og_site_name":"Laco Kamenick\u00fd","article_modified_time":"2026-01-08T18:57:27+00:00","og_image":[{"width":2048,"height":1422,"url":"https:\/\/kamenicky.art\/wp-content\/uploads\/2025\/08\/Nr-232-BEHIND-THE-OBSTACLES-IS-PARADISE.jpg","type":"image\/jpeg"}],"twitter_card":"summary_large_image","twitter_misc":{"Est. reading time":"1 minute"},"schema":{"@context":"https:\/\/schema.org","@graph":[{"@type":"WebPage","@id":"https:\/\/kamenicky.art\/produkt\/za-prekazkami-je-raj\/","url":"https:\/\/kamenicky.art\/produkt\/za-prekazkami-je-raj\/","name":"ZA PREK\u00c1\u017dKAMI JE RAJ - Laco Kamenick\u00fd","isPartOf":{"@id":"https:\/\/kamenicky.art\/#website"},"primaryImageOfPage":{"@id":"https:\/\/kamenicky.art\/produkt\/za-prekazkami-je-raj\/#primaryimage"},"image":{"@id":"https:\/\/kamenicky.art\/produkt\/za-prekazkami-je-raj\/#primaryimage"},"thumbnailUrl":"https:\/\/kamenicky.art\/wp-content\/uploads\/2025\/08\/Nr-232-BEHIND-THE-OBSTACLES-IS-PARADISE.jpg","datePublished":"2025-05-22T14:54:09+00:00","dateModified":"2026-01-08T18:57:27+00:00","breadcrumb":{"@id":"https:\/\/kamenicky.art\/produkt\/za-prekazkami-je-raj\/#breadcrumb"},"inLanguage":"en-US","potentialAction":[{"@type":"ReadAction","target":["https:\/\/kamenicky.art\/produkt\/za-prekazkami-je-raj\/"]}]},{"@type":"ImageObject","inLanguage":"en-US","@id":"https:\/\/kamenicky.art\/produkt\/za-prekazkami-je-raj\/#primaryimage","url":"https:\/\/kamenicky.art\/wp-content\/uploads\/2025\/08\/Nr-232-BEHIND-THE-OBSTACLES-IS-PARADISE.jpg","contentUrl":"https:\/\/kamenicky.art\/wp-content\/uploads\/2025\/08\/Nr-232-BEHIND-THE-OBSTACLES-IS-PARADISE.jpg","width":2048,"height":1422},{"@type":"BreadcrumbList","@id":"https:\/\/kamenicky.art\/produkt\/za-prekazkami-je-raj\/#breadcrumb","itemListElement":[{"@type":"ListItem","position":1,"name":"Home","item":"https:\/\/kamenicky.art\/"},{"@type":"ListItem","position":2,"name":"Obchod","item":"https:\/\/kamenicky.art\/?page_id=567"},{"@type":"ListItem","position":3,"name":"ZA PREK\u00c1\u017dKAMI JE RAJ"}]},{"@type":"WebSite","@id":"https:\/\/kamenicky.art\/#website","url":"https:\/\/kamenicky.art\/","name":"Laco Kamenick\u00fd","description":"","publisher":{"@id":"https:\/\/kamenicky.art\/#organization"},"potentialAction":[{"@type":"SearchAction","target":{"@type":"EntryPoint","urlTemplate":"https:\/\/kamenicky.art\/?s={search_term_string}"},"query-input":{"@type":"PropertyValueSpecification","valueRequired":true,"valueName":"search_term_string"}}],"inLanguage":"en-US"},{"@type":"Organization","@id":"https:\/\/kamenicky.art\/#organization","name":"Laco Kamenick\u00fd","url":"https:\/\/kamenicky.art\/","logo":{"@type":"ImageObject","inLanguage":"en-US","@id":"https:\/\/kamenicky.art\/#\/schema\/logo\/image\/","url":"https:\/\/kamenicky.art\/wp-content\/uploads\/2025\/07\/logo_lk.jpg","contentUrl":"https:\/\/kamenicky.art\/wp-content\/uploads\/2025\/07\/logo_lk.jpg","width":900,"height":900,"caption":"Laco Kamenick\u00fd"},"image":{"@id":"https:\/\/kamenicky.art\/#\/schema\/logo\/image\/"}}]}},"_links":{"self":[{"href":"https:\/\/kamenicky.art\/en\/wp-json\/wp\/v2\/product\/1228","targetHints":{"allow":["GET"]}}],"collection":[{"href":"https:\/\/kamenicky.art\/en\/wp-json\/wp\/v2\/product"}],"about":[{"href":"https:\/\/kamenicky.art\/en\/wp-json\/wp\/v2\/types\/product"}],"wp:featuredmedia":[{"embeddable":true,"href":"https:\/\/kamenicky.art\/en\/wp-json\/wp\/v2\/media\/989"}],"wp:attachment":[{"href":"https:\/\/kamenicky.art\/en\/wp-json\/wp\/v2\/media?parent=1228"}],"wp:term":[{"taxonomy":"artwork-dimension","embeddable":true,"href":"https:\/\/kamenicky.art\/en\/wp-json\/wp\/v2\/artwork-dimension?post=1228"},{"taxonomy":"artwork-style","embeddable":true,"href":"https:\/\/kamenicky.art\/en\/wp-json\/wp\/v2\/artwork-style?post=1228"},{"taxonomy":"artwork-type","embeddable":true,"href":"https:\/\/kamenicky.art\/en\/wp-json\/wp\/v2\/artwork-type?post=1228"},{"taxonomy":"artwork-year","embeddable":true,"href":"https:\/\/kamenicky.art\/en\/wp-json\/wp\/v2\/artwork-year?post=1228"},{"taxonomy":"product_brand","embeddable":true,"href":"https:\/\/kamenicky.art\/en\/wp-json\/wp\/v2\/product_brand?post=1228"},{"taxonomy":"product_cat","embeddable":true,"href":"https:\/\/kamenicky.art\/en\/wp-json\/wp\/v2\/product_cat?post=1228"},{"taxonomy":"product_tag","embeddable":true,"href":"https:\/\/kamenicky.art\/en\/wp-json\/wp\/v2\/product_tag?post=1228"}],"curies":[{"name":"wp","href":"https:\/\/api.w.org\/{rel}","templated":true}]}}