{"id":1639,"date":"2024-10-21T18:55:32","date_gmt":"2024-10-21T16:55:32","guid":{"rendered":"https:\/\/kamenicky.art\/?post_type=product&#038;p=1639"},"modified":"2026-01-08T20:05:11","modified_gmt":"2026-01-08T19:05:11","slug":"odraz-slnka-na-jazere-s-leknami","status":"publish","type":"product","link":"https:\/\/kamenicky.art\/ar\/product\/odraz-slnka-na-jazere-s-leknami\/","title":{"rendered":"ODRAZ SLNKA NA JAZERE S LEKNAMI"},"content":{"rendered":"<p>\u0639\u0644\u0649 \u0627\u0644\u0631\u063a\u0645 \u0645\u0646 \u0623\u0646 \u0639\u0646\u0648\u0627\u0646\u0647\u0627 \u064a\u0633\u062a\u062d\u0636\u0631 \u0645\u0634\u0647\u062f\u064b\u0627 \u0637\u0628\u064a\u0639\u064a\u064b\u0627\u060c \u0641\u0625\u0646 \u0644\u0648\u062d\u0629 \"Sun Reflection in Lily Pond\" \u062a\u062a\u062c\u0627\u0648\u0632 \u0627\u0644\u062a\u0641\u0633\u064a\u0631 \u0627\u0644\u0648\u0627\u0642\u0639\u064a. \u064a\u0645\u0643\u0646 \u0642\u0631\u0627\u0621\u0629 \u0627\u0644\u0639\u0645\u0644 \u0643\u062a\u0623\u0645\u0644 \u0645\u0646 \u0643\u0627\u0645\u064a\u0646\u064a\u062a\u0633\u0643\u064a \u0641\u064a \u0644\u0648\u062d\u0627\u062a \u0645\u0648\u0646\u064a\u0647 \"\u0632\u0646\u0627\u0628\u0642 \u0627\u0644\u0645\u0627\u0621\" \u2014 \u0643\u0645\u0627 \u0644\u0648 \u0623\u0646 \u0644\u0648\u062d\u062a\u0647 \u0642\u062f \u063a\u064f\u0645\u0650\u0631\u062a \u062f\u0627\u062e\u0644 \u0627\u0644\u0643\u0648\u0646 \u0627\u0644\u0644\u0648\u0646\u064a \u0644\u0645\u0648\u0646\u064a\u0647. \u0641\u064a \u0627\u0644\u0632\u0627\u0648\u064a\u0629 \u0627\u0644\u064a\u0645\u0646\u0649 \u0627\u0644\u0639\u0644\u064a\u0627\u060c \u064a\u0638\u0647\u0631 \u0648\u0645\u064a\u0636 \u0645\u0646 \u0628\u0631\u0643 \u0645\u0648\u0646\u064a\u0647 \u0627\u0644\u0645\u0627\u0626\u0644\u0629 \u0625\u0644\u0649 \u0627\u0644\u0632\u0631\u0642\u0629\u060c \u0644\u0643\u0646 \u0643\u0627\u0645\u064a\u0646\u064a\u062a\u0633\u0643\u064a \u064a\u062d\u0648\u0651\u0644\u0647 \u0625\u0644\u0649 \u0635\u0648\u0631\u062a\u0647 \u0627\u0644\u062e\u0627\u0635\u0629 \u0639\u0646 \u0627\u0644\u0636\u0648\u0621 \u0648\u0627\u0644\u062d\u0631\u0643\u0629.\n\u062a\u062e\u0644\u0642 \u0636\u0631\u0628\u0627\u062a \u0627\u0644\u0641\u0631\u0634\u0627\u0629 \u0627\u0644\u062e\u0627\u0645 \u0648\u0637\u0628\u0642\u0627\u062a \u0627\u0644\u0637\u0644\u0627\u0621 \u0627\u0644\u0645\u062a\u0631\u0627\u0643\u0628\u0629 \u0625\u062d\u0633\u0627\u0633\u064b\u0627 \u0628\u0627\u0644\u0627\u0646\u0639\u0643\u0627\u0633 \u062d\u064a\u062b \u064a\u0645\u062a\u0632\u062c \u0627\u0644\u0648\u0627\u0642\u0639 \u0628\u0627\u0644\u0631\u0624\u064a\u0629 \u0627\u0644\u062a\u0635\u0648\u064a\u0631\u064a\u0629. \u0627\u0644\u0625\u064a\u0645\u0627\u0621\u0627\u062a \u0627\u0644\u062f\u064a\u0646\u0627\u0645\u064a\u0643\u064a\u0629 \u0648\u0627\u0644\u062a\u062d\u0648\u0644\u0627\u062a \u0627\u0644\u0644\u0648\u0646\u064a\u0629 \u0627\u0644\u062f\u0642\u064a\u0642\u0629 \u062a\u0633\u062a\u062d\u0636\u0631 \u0627\u0644\u0636\u0648\u0621 \u0627\u0644\u0645\u062a\u0633\u0644\u0644 \u0639\u0628\u0631 \u0639\u0645\u0642 \u0627\u0644\u0645\u0627\u0621 \u2014 \u062f\u0648\u0646 \u0627\u0644\u062d\u0627\u062c\u0629 \u0625\u0644\u0649 \u0648\u0635\u0641 \u062d\u0631\u0641\u064a.\n\u0645\u0646 \u062e\u0644\u0627\u0644 \u062a\u062e\u0644\u0651\u064a\u0647 \u0639\u0646 \u0627\u0644\u0648\u0635\u0641\u064a\u0629\u060c \u064a\u0645\u0646\u062d \u0643\u0627\u0645\u064a\u0646\u064a\u062a\u0633\u0643\u064a \u0627\u0644\u0623\u0648\u0644\u0648\u064a\u0629 \u0644\u0644\u0627\u0631\u062a\u0628\u0627\u0637 \u0648\u0627\u0644\u062a\u0623\u0645\u0644 \u0628\u062f\u0644\u0627\u064b \u0645\u0646 \u0627\u0644\u062a\u0635\u0648\u064a\u0631 \u0627\u0644\u0645\u0628\u0627\u0634\u0631. \u062a\u0635\u0628\u062d \u0641\u0643\u0631\u0629 \u0627\u0644\u0627\u0646\u0639\u0643\u0627\u0633 \u0631\u0645\u0632\u064a\u0629 \u2014 \u0627\u0646\u0639\u0643\u0627\u0633\u064b\u0627 \u0644\u0644\u0636\u0648\u0621 \u0627\u0644\u062f\u0627\u062e\u0644\u064a\u060c \u0648\u062d\u0648\u0627\u0631\u064b\u0627 \u0635\u0627\u0645\u062a\u064b\u0627 \u0628\u064a\u0646 \u0645\u0627 \u064a\u064f\u0643\u0634\u0641 \u0648\u0645\u0627 \u064a\u0628\u0642\u0649 \u062e\u0641\u064a\u064b\u0627.<\/p>","protected":false},"excerpt":{"rendered":"<p>V\u00a0diele ODRAZ SLNKA NA JAZERE S\u00a0LEKNAMI n\u00e1zov evokuje pr\u00edrodn\u00fa sc\u00e9nu, no Kamenick\u00fd v diele prekra\u010duje hranice realistickej interpret\u00e1cie. Dielo mo\u017eno vn\u00edma\u0165 ako Kamenick\u00e9ho reflexiu na Monetove Lekn\u00e1 \u2013 akoby svoju ma\u013ebu ponoril do ich farebn\u00e9ho sveta. V pravom hornom rohu sa mihne ozvena modrast\u00fdch t\u00f3nov Monetov\u00fdch jazierok, no autor ich premie\u0148a na vlastn\u00fd obraz svetla [&hellip;]<\/p>","protected":false},"featured_media":250,"template":"","meta":{"_acf_changed":false,"_editorskit_title_hidden":false,"_editorskit_reading_time":0,"_editorskit_is_block_options_detached":false,"_editorskit_block_options_position":"{}","_monsterinsights_skip_tracking":false,"_monsterinsights_sitenote_active":false,"_monsterinsights_sitenote_note":"","_monsterinsights_sitenote_category":0},"artwork-dimension":[43],"artwork-style":[8],"artwork-type":[11],"artwork-year":[34],"product_brand":[],"product_cat":[337],"product_tag":[],"class_list":{"0":"post-1639","1":"product","2":"type-product","3":"status-publish","4":"has-post-thumbnail","6":"artwork-dimension-170-x-200-cm","7":"artwork-style-acryl-on-canvas","8":"artwork-type-abstract","9":"artwork-year-34","10":"product_cat-nezaradene","12":"first","13":"instock","14":"shipping-taxable","15":"product-type-simple"},"acf":[],"yoast_head":"<!-- This site is optimized with the Yoast SEO plugin v27.0 - https:\/\/yoast.com\/product\/yoast-seo-wordpress\/ -->\n<title>ODRAZ SLNKA NA JAZERE S LEKNAMI - Laco Kamenick\u00fd<\/title>\n<meta name=\"robots\" content=\"index, follow, max-snippet:-1, max-image-preview:large, max-video-preview:-1\" \/>\n<link rel=\"canonical\" href=\"https:\/\/kamenicky.art\/ar\/product\/odraz-slnka-na-jazere-s-leknami\/\" \/>\n<meta property=\"og:locale\" content=\"ar_AR\" \/>\n<meta property=\"og:type\" content=\"article\" \/>\n<meta property=\"og:title\" content=\"ODRAZ SLNKA NA JAZERE S LEKNAMI - Laco Kamenick\u00fd\" \/>\n<meta property=\"og:description\" content=\"V\u00a0diele ODRAZ SLNKA NA JAZERE S\u00a0LEKNAMI n\u00e1zov evokuje pr\u00edrodn\u00fa sc\u00e9nu, no Kamenick\u00fd v diele prekra\u010duje hranice realistickej interpret\u00e1cie. Dielo mo\u017eno vn\u00edma\u0165 ako Kamenick\u00e9ho reflexiu na Monetove Lekn\u00e1 \u2013 akoby svoju ma\u013ebu ponoril do ich farebn\u00e9ho sveta. V pravom hornom rohu sa mihne ozvena modrast\u00fdch t\u00f3nov Monetov\u00fdch jazierok, no autor ich premie\u0148a na vlastn\u00fd obraz svetla [&hellip;]\" \/>\n<meta property=\"og:url\" content=\"https:\/\/kamenicky.art\/ar\/product\/odraz-slnka-na-jazere-s-leknami\/\" \/>\n<meta property=\"og:site_name\" content=\"Laco Kamenick\u00fd\" \/>\n<meta property=\"article:modified_time\" content=\"2026-01-08T19:05:11+00:00\" \/>\n<meta property=\"og:image\" content=\"https:\/\/kamenicky.art\/wp-content\/uploads\/2025\/02\/Edit-510.jpg\" \/>\n\t<meta property=\"og:image:width\" content=\"2048\" \/>\n\t<meta property=\"og:image:height\" content=\"1743\" \/>\n\t<meta property=\"og:image:type\" content=\"image\/jpeg\" \/>\n<meta name=\"twitter:card\" content=\"summary_large_image\" \/>\n<meta name=\"twitter:label1\" content=\"\u0648\u0642\u062a \u0627\u0644\u0642\u0631\u0627\u0621\u0629 \u0627\u0644\u0645\u064f\u0642\u062f\u0651\u0631\" \/>\n\t<meta name=\"twitter:data1\" content=\"\u062f\u0642\u064a\u0642\u0629 \u0648\u0627\u062d\u062f\u0629\" \/>\n<script type=\"application\/ld+json\" class=\"yoast-schema-graph\">{\"@context\":\"https:\/\/schema.org\",\"@graph\":[{\"@type\":\"WebPage\",\"@id\":\"https:\/\/kamenicky.art\/produkt\/odraz-slnka-na-jazere-s-leknami\/\",\"url\":\"https:\/\/kamenicky.art\/produkt\/odraz-slnka-na-jazere-s-leknami\/\",\"name\":\"ODRAZ SLNKA NA JAZERE S LEKNAMI - Laco Kamenick\u00fd\",\"isPartOf\":{\"@id\":\"https:\/\/kamenicky.art\/#website\"},\"primaryImageOfPage\":{\"@id\":\"https:\/\/kamenicky.art\/produkt\/odraz-slnka-na-jazere-s-leknami\/#primaryimage\"},\"image\":{\"@id\":\"https:\/\/kamenicky.art\/produkt\/odraz-slnka-na-jazere-s-leknami\/#primaryimage\"},\"thumbnailUrl\":\"https:\/\/kamenicky.art\/wp-content\/uploads\/2025\/02\/Edit-510.jpg\",\"datePublished\":\"2024-10-21T16:55:32+00:00\",\"dateModified\":\"2026-01-08T19:05:11+00:00\",\"breadcrumb\":{\"@id\":\"https:\/\/kamenicky.art\/produkt\/odraz-slnka-na-jazere-s-leknami\/#breadcrumb\"},\"inLanguage\":\"ar\",\"potentialAction\":[{\"@type\":\"ReadAction\",\"target\":[\"https:\/\/kamenicky.art\/produkt\/odraz-slnka-na-jazere-s-leknami\/\"]}]},{\"@type\":\"ImageObject\",\"inLanguage\":\"ar\",\"@id\":\"https:\/\/kamenicky.art\/produkt\/odraz-slnka-na-jazere-s-leknami\/#primaryimage\",\"url\":\"https:\/\/kamenicky.art\/wp-content\/uploads\/2025\/02\/Edit-510.jpg\",\"contentUrl\":\"https:\/\/kamenicky.art\/wp-content\/uploads\/2025\/02\/Edit-510.jpg\",\"width\":2048,\"height\":1743},{\"@type\":\"BreadcrumbList\",\"@id\":\"https:\/\/kamenicky.art\/produkt\/odraz-slnka-na-jazere-s-leknami\/#breadcrumb\",\"itemListElement\":[{\"@type\":\"ListItem\",\"position\":1,\"name\":\"Home\",\"item\":\"https:\/\/kamenicky.art\/\"},{\"@type\":\"ListItem\",\"position\":2,\"name\":\"Obchod\",\"item\":\"https:\/\/kamenicky.art\/?page_id=567\"},{\"@type\":\"ListItem\",\"position\":3,\"name\":\"ODRAZ SLNKA NA JAZERE S LEKNAMI\"}]},{\"@type\":\"WebSite\",\"@id\":\"https:\/\/kamenicky.art\/#website\",\"url\":\"https:\/\/kamenicky.art\/\",\"name\":\"Laco Kamenick\u00fd\",\"description\":\"\",\"publisher\":{\"@id\":\"https:\/\/kamenicky.art\/#organization\"},\"potentialAction\":[{\"@type\":\"SearchAction\",\"target\":{\"@type\":\"EntryPoint\",\"urlTemplate\":\"https:\/\/kamenicky.art\/?s={search_term_string}\"},\"query-input\":{\"@type\":\"PropertyValueSpecification\",\"valueRequired\":true,\"valueName\":\"search_term_string\"}}],\"inLanguage\":\"ar\"},{\"@type\":\"Organization\",\"@id\":\"https:\/\/kamenicky.art\/#organization\",\"name\":\"Laco Kamenick\u00fd\",\"url\":\"https:\/\/kamenicky.art\/\",\"logo\":{\"@type\":\"ImageObject\",\"inLanguage\":\"ar\",\"@id\":\"https:\/\/kamenicky.art\/#\/schema\/logo\/image\/\",\"url\":\"https:\/\/kamenicky.art\/wp-content\/uploads\/2025\/07\/logo_lk.jpg\",\"contentUrl\":\"https:\/\/kamenicky.art\/wp-content\/uploads\/2025\/07\/logo_lk.jpg\",\"width\":900,\"height\":900,\"caption\":\"Laco Kamenick\u00fd\"},\"image\":{\"@id\":\"https:\/\/kamenicky.art\/#\/schema\/logo\/image\/\"}}]}<\/script>\n<!-- \/ Yoast SEO plugin. -->","yoast_head_json":{"title":"ODRAZ SLNKA NA JAZERE S LEKNAMI - Laco Kamenick\u00fd","robots":{"index":"index","follow":"follow","max-snippet":"max-snippet:-1","max-image-preview":"max-image-preview:large","max-video-preview":"max-video-preview:-1"},"canonical":"https:\/\/kamenicky.art\/ar\/product\/odraz-slnka-na-jazere-s-leknami\/","og_locale":"ar_AR","og_type":"article","og_title":"ODRAZ SLNKA NA JAZERE S LEKNAMI - Laco Kamenick\u00fd","og_description":"V\u00a0diele ODRAZ SLNKA NA JAZERE S\u00a0LEKNAMI n\u00e1zov evokuje pr\u00edrodn\u00fa sc\u00e9nu, no Kamenick\u00fd v diele prekra\u010duje hranice realistickej interpret\u00e1cie. Dielo mo\u017eno vn\u00edma\u0165 ako Kamenick\u00e9ho reflexiu na Monetove Lekn\u00e1 \u2013 akoby svoju ma\u013ebu ponoril do ich farebn\u00e9ho sveta. V pravom hornom rohu sa mihne ozvena modrast\u00fdch t\u00f3nov Monetov\u00fdch jazierok, no autor ich premie\u0148a na vlastn\u00fd obraz svetla [&hellip;]","og_url":"https:\/\/kamenicky.art\/ar\/product\/odraz-slnka-na-jazere-s-leknami\/","og_site_name":"Laco Kamenick\u00fd","article_modified_time":"2026-01-08T19:05:11+00:00","og_image":[{"width":2048,"height":1743,"url":"https:\/\/kamenicky.art\/wp-content\/uploads\/2025\/02\/Edit-510.jpg","type":"image\/jpeg"}],"twitter_card":"summary_large_image","twitter_misc":{"\u0648\u0642\u062a \u0627\u0644\u0642\u0631\u0627\u0621\u0629 \u0627\u0644\u0645\u064f\u0642\u062f\u0651\u0631":"\u062f\u0642\u064a\u0642\u0629 \u0648\u0627\u062d\u062f\u0629"},"schema":{"@context":"https:\/\/schema.org","@graph":[{"@type":"WebPage","@id":"https:\/\/kamenicky.art\/produkt\/odraz-slnka-na-jazere-s-leknami\/","url":"https:\/\/kamenicky.art\/produkt\/odraz-slnka-na-jazere-s-leknami\/","name":"ODRAZ SLNKA NA JAZERE S LEKNAMI - Laco Kamenick\u00fd","isPartOf":{"@id":"https:\/\/kamenicky.art\/#website"},"primaryImageOfPage":{"@id":"https:\/\/kamenicky.art\/produkt\/odraz-slnka-na-jazere-s-leknami\/#primaryimage"},"image":{"@id":"https:\/\/kamenicky.art\/produkt\/odraz-slnka-na-jazere-s-leknami\/#primaryimage"},"thumbnailUrl":"https:\/\/kamenicky.art\/wp-content\/uploads\/2025\/02\/Edit-510.jpg","datePublished":"2024-10-21T16:55:32+00:00","dateModified":"2026-01-08T19:05:11+00:00","breadcrumb":{"@id":"https:\/\/kamenicky.art\/produkt\/odraz-slnka-na-jazere-s-leknami\/#breadcrumb"},"inLanguage":"ar","potentialAction":[{"@type":"ReadAction","target":["https:\/\/kamenicky.art\/produkt\/odraz-slnka-na-jazere-s-leknami\/"]}]},{"@type":"ImageObject","inLanguage":"ar","@id":"https:\/\/kamenicky.art\/produkt\/odraz-slnka-na-jazere-s-leknami\/#primaryimage","url":"https:\/\/kamenicky.art\/wp-content\/uploads\/2025\/02\/Edit-510.jpg","contentUrl":"https:\/\/kamenicky.art\/wp-content\/uploads\/2025\/02\/Edit-510.jpg","width":2048,"height":1743},{"@type":"BreadcrumbList","@id":"https:\/\/kamenicky.art\/produkt\/odraz-slnka-na-jazere-s-leknami\/#breadcrumb","itemListElement":[{"@type":"ListItem","position":1,"name":"Home","item":"https:\/\/kamenicky.art\/"},{"@type":"ListItem","position":2,"name":"Obchod","item":"https:\/\/kamenicky.art\/?page_id=567"},{"@type":"ListItem","position":3,"name":"ODRAZ SLNKA NA JAZERE S LEKNAMI"}]},{"@type":"WebSite","@id":"https:\/\/kamenicky.art\/#website","url":"https:\/\/kamenicky.art\/","name":"Laco Kamenick\u00fd","description":"","publisher":{"@id":"https:\/\/kamenicky.art\/#organization"},"potentialAction":[{"@type":"SearchAction","target":{"@type":"EntryPoint","urlTemplate":"https:\/\/kamenicky.art\/?s={search_term_string}"},"query-input":{"@type":"PropertyValueSpecification","valueRequired":true,"valueName":"search_term_string"}}],"inLanguage":"ar"},{"@type":"Organization","@id":"https:\/\/kamenicky.art\/#organization","name":"Laco Kamenick\u00fd","url":"https:\/\/kamenicky.art\/","logo":{"@type":"ImageObject","inLanguage":"ar","@id":"https:\/\/kamenicky.art\/#\/schema\/logo\/image\/","url":"https:\/\/kamenicky.art\/wp-content\/uploads\/2025\/07\/logo_lk.jpg","contentUrl":"https:\/\/kamenicky.art\/wp-content\/uploads\/2025\/07\/logo_lk.jpg","width":900,"height":900,"caption":"Laco Kamenick\u00fd"},"image":{"@id":"https:\/\/kamenicky.art\/#\/schema\/logo\/image\/"}}]}},"_links":{"self":[{"href":"https:\/\/kamenicky.art\/ar\/wp-json\/wp\/v2\/product\/1639","targetHints":{"allow":["GET"]}}],"collection":[{"href":"https:\/\/kamenicky.art\/ar\/wp-json\/wp\/v2\/product"}],"about":[{"href":"https:\/\/kamenicky.art\/ar\/wp-json\/wp\/v2\/types\/product"}],"wp:featuredmedia":[{"embeddable":true,"href":"https:\/\/kamenicky.art\/ar\/wp-json\/wp\/v2\/media\/250"}],"wp:attachment":[{"href":"https:\/\/kamenicky.art\/ar\/wp-json\/wp\/v2\/media?parent=1639"}],"wp:term":[{"taxonomy":"artwork-dimension","embeddable":true,"href":"https:\/\/kamenicky.art\/ar\/wp-json\/wp\/v2\/artwork-dimension?post=1639"},{"taxonomy":"artwork-style","embeddable":true,"href":"https:\/\/kamenicky.art\/ar\/wp-json\/wp\/v2\/artwork-style?post=1639"},{"taxonomy":"artwork-type","embeddable":true,"href":"https:\/\/kamenicky.art\/ar\/wp-json\/wp\/v2\/artwork-type?post=1639"},{"taxonomy":"artwork-year","embeddable":true,"href":"https:\/\/kamenicky.art\/ar\/wp-json\/wp\/v2\/artwork-year?post=1639"},{"taxonomy":"product_brand","embeddable":true,"href":"https:\/\/kamenicky.art\/ar\/wp-json\/wp\/v2\/product_brand?post=1639"},{"taxonomy":"product_cat","embeddable":true,"href":"https:\/\/kamenicky.art\/ar\/wp-json\/wp\/v2\/product_cat?post=1639"},{"taxonomy":"product_tag","embeddable":true,"href":"https:\/\/kamenicky.art\/ar\/wp-json\/wp\/v2\/product_tag?post=1639"}],"curies":[{"name":"wp","href":"https:\/\/api.w.org\/{rel}","templated":true}]}}