{"id":1523,"date":"2025-03-07T18:17:40","date_gmt":"2025-03-07T17:17:40","guid":{"rendered":"https:\/\/kamenicky.art\/?post_type=product&#038;p=1523"},"modified":"2026-01-08T20:01:00","modified_gmt":"2026-01-08T19:01:00","slug":"abstract-graffiti-2","status":"publish","type":"product","link":"https:\/\/kamenicky.art\/ar\/product\/abstract-graffiti-2\/","title":{"rendered":"\u0627\u0644\u063a\u0631\u0627\u0641\u064a\u062a\u064a \u0627\u0644\u062a\u062c\u0631\u064a\u062f\u064a 2 (\"ABSTRACT GRAFFITI 2\")"},"content":{"rendered":"<p>\u0641\u064a \u0644\u0648\u062d\u0629 \"\u0627\u0644\u062c\u0631\u0627\u0641\u064a\u062a\u064a \u0627\u0644\u062a\u062c\u0631\u064a\u062f\u064a 2\"\u060c \u064a\u062c\u0645\u0639 \u0627\u0644\u0641\u0646\u0627\u0646 \u0628\u064a\u0646 \u0627\u0644\u062e\u0637\u0648\u0637 \u0627\u0644\u062c\u0631\u064a\u0626\u0629\u060c \u0648\u0627\u0644\u0644\u0645\u0633\u0627\u062a \u0627\u0644\u0625\u064a\u0645\u0627\u0626\u064a\u0629\u060c \u0648\u0637\u0628\u0642\u0627\u062a \u0627\u0644\u0623\u0644\u0648\u0627\u0646 \u0644\u064a\u064f\u0646\u0634\u0626 \u062a\u0631\u0643\u064a\u0628\u0629 \u062a\u0646\u0628\u0636 \u0628\u0625\u064a\u0642\u0627\u0639 \u0627\u0644\u0643\u062a\u0627\u0628\u0629 \u0639\u0644\u0649 \u0627\u0644\u062c\u062f\u0631\u0627\u0646 \u0641\u064a \u0627\u0644\u0634\u0627\u0631\u0639. \u0643\u0644 \u0636\u0631\u0628\u0629 \u0641\u0631\u0634\u0627\u0629 \u062a\u0639\u0645\u0644 \u0643\u0639\u0644\u0627\u0645\u0629\u061b \u0627\u0644\u0637\u0628\u0642\u0627\u062a \u062a\u062a\u0646\u0627\u0648\u0628\u060c \u0648\u062a\u062a\u062f\u0627\u062e\u0644\u060c \u0648\u062a\u0643\u0634\u0641 \u0639\u0646 \u0628\u0639\u0636\u0647\u0627 \u0627\u0644\u0628\u0639\u0636 \u2014 \u0643\u0645\u0627 \u0644\u0648 \u0623\u0646 \u0627\u0644\u0641\u0646\u0627\u0646 \u064a\u0633\u062a\u0643\u0634\u0641 \u0627\u0644\u062d\u062f\u0648\u062f \u0628\u064a\u0646 \u0627\u0644\u0639\u0641\u0648\u064a\u0629 \u0648\u0627\u0644\u0646\u064a\u0629 \u0627\u0644\u0645\u0633\u0628\u0642\u0629.\n\u064a\u064f\u0637\u0648\u0651\u0631 \u0643\u0627\u0645\u064a\u0646\u064a\u062a\u0633\u0643\u064a \u062d\u0648\u0627\u0631\u064b\u0627 \u0628\u064a\u0646 \u062f\u0642\u0629 \u0627\u0644\u062e\u0637 \u0648\u063a\u0645\u0648\u0636 \u0641\u0636\u0627\u0621 \u0627\u0644\u0644\u0648\u0646. \u0627\u0644\u062e\u0637\u0648\u0637 \u0627\u0644\u0645\u062a\u0645\u0648\u062c\u0629 \u0627\u0644\u062a\u064a \u062a\u062a\u062f\u0641\u0642 \u0639\u0628\u0631 \u0627\u0644\u0642\u0645\u0627\u0634 \u062a\u062e\u0644\u0642 \u0625\u064a\u0642\u0627\u0639\u064b\u0627 \u0628\u0635\u0631\u064a\u064b\u0627 \u2014 \u062a\u0644\u062a\u0642\u0637 \u0637\u0627\u0642\u0629 \u0627\u0644\u062d\u0631\u0643\u0629 \u0628\u064a\u0646\u0645\u0627 \u062a\u064f\u062b\u0628\u0651\u062a\u0647\u0627 \u0641\u064a \u0627\u0644\u0628\u0646\u064a\u0629. \u062a\u0628\u0627\u064a\u0646\u064f \u062a\u0639\u0631\u064a\u0641\u0647\u0627 \u0627\u0644\u062d\u0627\u062f \u0645\u0639 \u0627\u0644\u0627\u0646\u062a\u0642\u0627\u0644\u0627\u062a \u0627\u0644\u0646\u0627\u0639\u0645\u0629 \u0641\u064a \u0627\u0644\u062e\u0644\u0641\u064a\u0629\u060c \u062d\u064a\u062b \u064a\u0630\u0648\u0628 \u0627\u0644\u0644\u0648\u0646 \u0641\u064a \u0627\u0644\u0636\u0628\u0627\u0628\u060c \u0648\u064a\u0646\u0641\u0644\u062a \u0625\u0644\u0649 \u0627\u0644\u0641\u0636\u0627\u0621 \u062e\u0627\u0631\u062c \u0627\u0644\u0642\u0645\u0627\u0634.<\/p>\n<p>\u062a\u0634\u064a\u0631 \"\u0627\u0644\u062c\u0631\u0627\u0641\u064a\u062a\u064a \u0627\u0644\u062a\u062c\u0631\u064a\u062f\u064a 2\" \u0625\u0644\u0649 \u0627\u0644\u0644\u063a\u0629 \u0627\u0644\u062f\u064a\u0646\u0627\u0645\u064a\u0643\u064a\u0629 \u0644\u0641\u0646 \u0627\u0644\u0634\u0627\u0631\u0639 \u2014 \u0628\u0625\u064a\u0645\u0627\u0621\u0627\u062a\u0647\u060c \u0648\u0637\u0627\u0642\u062a\u0647\u060c \u0648\u0637\u0628\u0642\u0627\u062a\u0647 \u0627\u0644\u0645\u062a\u0639\u062f\u062f\u0629. \u064a\u0646\u0642\u0644 \u0643\u0627\u0645\u064a\u0646\u064a\u062a\u0633\u0643\u064a \u0647\u0630\u0627 \u0627\u0644\u0645\u0628\u062f\u0623 \u0625\u0644\u0649 \u0628\u064a\u0626\u0629 \u0627\u0644\u0627\u0633\u062a\u0648\u062f\u064a\u0648\u060c \u062d\u064a\u062b \u062a\u0643\u062a\u0633\u0628 \u0641\u0648\u0631\u064a\u0629 \u0627\u0644\u062c\u0631\u0627\u0641\u064a\u062a\u064a \u0627\u0644\u062e\u0627\u0645 \u0646\u0638\u0627\u0645\u064b\u0627 \u0628\u0635\u0631\u064a\u064b\u0627 \u0648\u0628\u0646\u064a\u0629 \u062c\u062f\u064a\u062f\u0629.<\/p>","protected":false},"excerpt":{"rendered":"<p>V\u00a0diele ABSTRACT GRAFFITI 2 autor kombin\u00e1ciou v\u00fdrazn\u00fdch kont\u00far, gesta a vrstiev farby vytv\u00e1ra kompoz\u00edciu, ktor\u00e1 pulzuje rytmom pouli\u010dn\u00e9ho p\u00edsma. Ka\u017ed\u00fd \u0165ah \u0161tetca p\u00f4sob\u00ed ako znak; vrstvy sa navz\u00e1jom striedaj\u00fa, prekr\u00fdvaj\u00fa a odha\u013euj\u00fa \u2013 akoby autor sk\u00famal hranice medzi spont\u00e1nnos\u0165ou a z\u00e1merom. Kamenick\u00fd rozv\u00edja dial\u00f3g medzi presnos\u0165ou l\u00ednie a neur\u010ditos\u0165ou farebn\u00e9ho priestoru. Meandrovit\u00e9 kont\u00fary, ktor\u00e9 sa [&hellip;]<\/p>","protected":false},"featured_media":1319,"template":"","meta":{"_acf_changed":false,"_editorskit_title_hidden":false,"_editorskit_reading_time":0,"_editorskit_is_block_options_detached":false,"_editorskit_block_options_position":"{}","_monsterinsights_skip_tracking":false,"_monsterinsights_sitenote_active":false,"_monsterinsights_sitenote_note":"","_monsterinsights_sitenote_category":0},"artwork-dimension":[43],"artwork-style":[355],"artwork-type":[11],"artwork-year":[349],"product_brand":[],"product_cat":[337],"product_tag":[],"class_list":{"0":"post-1523","1":"product","2":"type-product","3":"status-publish","4":"has-post-thumbnail","6":"artwork-dimension-170-x-200-cm","7":"artwork-style-acryl-and-mixed-media-on-canvas","8":"artwork-type-abstract","9":"artwork-year-349","10":"product_cat-nezaradene","12":"first","13":"instock","14":"shipping-taxable","15":"product-type-simple"},"acf":[],"yoast_head":"<!-- This site is optimized with the Yoast SEO plugin v27.0 - https:\/\/yoast.com\/product\/yoast-seo-wordpress\/ -->\n<title>ABSTRACT GRAFFITI 2 - Laco Kamenick\u00fd<\/title>\n<meta name=\"robots\" content=\"index, follow, max-snippet:-1, max-image-preview:large, max-video-preview:-1\" \/>\n<link rel=\"canonical\" href=\"https:\/\/kamenicky.art\/ar\/product\/abstract-graffiti-2\/\" \/>\n<meta property=\"og:locale\" content=\"ar_AR\" \/>\n<meta property=\"og:type\" content=\"article\" \/>\n<meta property=\"og:title\" content=\"ABSTRACT GRAFFITI 2 - Laco Kamenick\u00fd\" \/>\n<meta property=\"og:description\" content=\"V\u00a0diele ABSTRACT GRAFFITI 2 autor kombin\u00e1ciou v\u00fdrazn\u00fdch kont\u00far, gesta a vrstiev farby vytv\u00e1ra kompoz\u00edciu, ktor\u00e1 pulzuje rytmom pouli\u010dn\u00e9ho p\u00edsma. Ka\u017ed\u00fd \u0165ah \u0161tetca p\u00f4sob\u00ed ako znak; vrstvy sa navz\u00e1jom striedaj\u00fa, prekr\u00fdvaj\u00fa a odha\u013euj\u00fa \u2013 akoby autor sk\u00famal hranice medzi spont\u00e1nnos\u0165ou a z\u00e1merom. Kamenick\u00fd rozv\u00edja dial\u00f3g medzi presnos\u0165ou l\u00ednie a neur\u010ditos\u0165ou farebn\u00e9ho priestoru. Meandrovit\u00e9 kont\u00fary, ktor\u00e9 sa [&hellip;]\" \/>\n<meta property=\"og:url\" content=\"https:\/\/kamenicky.art\/ar\/product\/abstract-graffiti-2\/\" \/>\n<meta property=\"og:site_name\" content=\"Laco Kamenick\u00fd\" \/>\n<meta property=\"article:modified_time\" content=\"2026-01-08T19:01:00+00:00\" \/>\n<meta property=\"og:image\" content=\"https:\/\/kamenicky.art\/wp-content\/uploads\/2025\/08\/Nr-217-ABSTRACT-GRAFITI-_2_.jpg\" \/>\n\t<meta property=\"og:image:width\" content=\"2048\" \/>\n\t<meta property=\"og:image:height\" content=\"1598\" \/>\n\t<meta property=\"og:image:type\" content=\"image\/jpeg\" \/>\n<meta name=\"twitter:card\" content=\"summary_large_image\" \/>\n<meta name=\"twitter:label1\" content=\"\u0648\u0642\u062a \u0627\u0644\u0642\u0631\u0627\u0621\u0629 \u0627\u0644\u0645\u064f\u0642\u062f\u0651\u0631\" \/>\n\t<meta name=\"twitter:data1\" content=\"\u062f\u0642\u064a\u0642\u0629 \u0648\u0627\u062d\u062f\u0629\" \/>\n<script type=\"application\/ld+json\" class=\"yoast-schema-graph\">{\"@context\":\"https:\/\/schema.org\",\"@graph\":[{\"@type\":\"WebPage\",\"@id\":\"https:\/\/kamenicky.art\/produkt\/abstract-graffiti-2\/\",\"url\":\"https:\/\/kamenicky.art\/produkt\/abstract-graffiti-2\/\",\"name\":\"ABSTRACT GRAFFITI 2 - Laco Kamenick\u00fd\",\"isPartOf\":{\"@id\":\"https:\/\/kamenicky.art\/#website\"},\"primaryImageOfPage\":{\"@id\":\"https:\/\/kamenicky.art\/produkt\/abstract-graffiti-2\/#primaryimage\"},\"image\":{\"@id\":\"https:\/\/kamenicky.art\/produkt\/abstract-graffiti-2\/#primaryimage\"},\"thumbnailUrl\":\"https:\/\/kamenicky.art\/wp-content\/uploads\/2025\/08\/Nr-217-ABSTRACT-GRAFITI-_2_.jpg\",\"datePublished\":\"2025-03-07T17:17:40+00:00\",\"dateModified\":\"2026-01-08T19:01:00+00:00\",\"breadcrumb\":{\"@id\":\"https:\/\/kamenicky.art\/produkt\/abstract-graffiti-2\/#breadcrumb\"},\"inLanguage\":\"ar\",\"potentialAction\":[{\"@type\":\"ReadAction\",\"target\":[\"https:\/\/kamenicky.art\/produkt\/abstract-graffiti-2\/\"]}]},{\"@type\":\"ImageObject\",\"inLanguage\":\"ar\",\"@id\":\"https:\/\/kamenicky.art\/produkt\/abstract-graffiti-2\/#primaryimage\",\"url\":\"https:\/\/kamenicky.art\/wp-content\/uploads\/2025\/08\/Nr-217-ABSTRACT-GRAFITI-_2_.jpg\",\"contentUrl\":\"https:\/\/kamenicky.art\/wp-content\/uploads\/2025\/08\/Nr-217-ABSTRACT-GRAFITI-_2_.jpg\",\"width\":2048,\"height\":1598},{\"@type\":\"BreadcrumbList\",\"@id\":\"https:\/\/kamenicky.art\/produkt\/abstract-graffiti-2\/#breadcrumb\",\"itemListElement\":[{\"@type\":\"ListItem\",\"position\":1,\"name\":\"Home\",\"item\":\"https:\/\/kamenicky.art\/\"},{\"@type\":\"ListItem\",\"position\":2,\"name\":\"Obchod\",\"item\":\"https:\/\/kamenicky.art\/?page_id=567\"},{\"@type\":\"ListItem\",\"position\":3,\"name\":\"ABSTRACT GRAFFITI 2\"}]},{\"@type\":\"WebSite\",\"@id\":\"https:\/\/kamenicky.art\/#website\",\"url\":\"https:\/\/kamenicky.art\/\",\"name\":\"Laco Kamenick\u00fd\",\"description\":\"\",\"publisher\":{\"@id\":\"https:\/\/kamenicky.art\/#organization\"},\"potentialAction\":[{\"@type\":\"SearchAction\",\"target\":{\"@type\":\"EntryPoint\",\"urlTemplate\":\"https:\/\/kamenicky.art\/?s={search_term_string}\"},\"query-input\":{\"@type\":\"PropertyValueSpecification\",\"valueRequired\":true,\"valueName\":\"search_term_string\"}}],\"inLanguage\":\"ar\"},{\"@type\":\"Organization\",\"@id\":\"https:\/\/kamenicky.art\/#organization\",\"name\":\"Laco Kamenick\u00fd\",\"url\":\"https:\/\/kamenicky.art\/\",\"logo\":{\"@type\":\"ImageObject\",\"inLanguage\":\"ar\",\"@id\":\"https:\/\/kamenicky.art\/#\/schema\/logo\/image\/\",\"url\":\"https:\/\/kamenicky.art\/wp-content\/uploads\/2025\/07\/logo_lk.jpg\",\"contentUrl\":\"https:\/\/kamenicky.art\/wp-content\/uploads\/2025\/07\/logo_lk.jpg\",\"width\":900,\"height\":900,\"caption\":\"Laco Kamenick\u00fd\"},\"image\":{\"@id\":\"https:\/\/kamenicky.art\/#\/schema\/logo\/image\/\"}}]}<\/script>\n<!-- \/ Yoast SEO plugin. -->","yoast_head_json":{"title":"ABSTRACT GRAFFITI 2 - Laco Kamenick\u00fd","robots":{"index":"index","follow":"follow","max-snippet":"max-snippet:-1","max-image-preview":"max-image-preview:large","max-video-preview":"max-video-preview:-1"},"canonical":"https:\/\/kamenicky.art\/ar\/product\/abstract-graffiti-2\/","og_locale":"ar_AR","og_type":"article","og_title":"ABSTRACT GRAFFITI 2 - Laco Kamenick\u00fd","og_description":"V\u00a0diele ABSTRACT GRAFFITI 2 autor kombin\u00e1ciou v\u00fdrazn\u00fdch kont\u00far, gesta a vrstiev farby vytv\u00e1ra kompoz\u00edciu, ktor\u00e1 pulzuje rytmom pouli\u010dn\u00e9ho p\u00edsma. Ka\u017ed\u00fd \u0165ah \u0161tetca p\u00f4sob\u00ed ako znak; vrstvy sa navz\u00e1jom striedaj\u00fa, prekr\u00fdvaj\u00fa a odha\u013euj\u00fa \u2013 akoby autor sk\u00famal hranice medzi spont\u00e1nnos\u0165ou a z\u00e1merom. Kamenick\u00fd rozv\u00edja dial\u00f3g medzi presnos\u0165ou l\u00ednie a neur\u010ditos\u0165ou farebn\u00e9ho priestoru. Meandrovit\u00e9 kont\u00fary, ktor\u00e9 sa [&hellip;]","og_url":"https:\/\/kamenicky.art\/ar\/product\/abstract-graffiti-2\/","og_site_name":"Laco Kamenick\u00fd","article_modified_time":"2026-01-08T19:01:00+00:00","og_image":[{"width":2048,"height":1598,"url":"https:\/\/kamenicky.art\/wp-content\/uploads\/2025\/08\/Nr-217-ABSTRACT-GRAFITI-_2_.jpg","type":"image\/jpeg"}],"twitter_card":"summary_large_image","twitter_misc":{"\u0648\u0642\u062a \u0627\u0644\u0642\u0631\u0627\u0621\u0629 \u0627\u0644\u0645\u064f\u0642\u062f\u0651\u0631":"\u062f\u0642\u064a\u0642\u0629 \u0648\u0627\u062d\u062f\u0629"},"schema":{"@context":"https:\/\/schema.org","@graph":[{"@type":"WebPage","@id":"https:\/\/kamenicky.art\/produkt\/abstract-graffiti-2\/","url":"https:\/\/kamenicky.art\/produkt\/abstract-graffiti-2\/","name":"ABSTRACT GRAFFITI 2 - Laco Kamenick\u00fd","isPartOf":{"@id":"https:\/\/kamenicky.art\/#website"},"primaryImageOfPage":{"@id":"https:\/\/kamenicky.art\/produkt\/abstract-graffiti-2\/#primaryimage"},"image":{"@id":"https:\/\/kamenicky.art\/produkt\/abstract-graffiti-2\/#primaryimage"},"thumbnailUrl":"https:\/\/kamenicky.art\/wp-content\/uploads\/2025\/08\/Nr-217-ABSTRACT-GRAFITI-_2_.jpg","datePublished":"2025-03-07T17:17:40+00:00","dateModified":"2026-01-08T19:01:00+00:00","breadcrumb":{"@id":"https:\/\/kamenicky.art\/produkt\/abstract-graffiti-2\/#breadcrumb"},"inLanguage":"ar","potentialAction":[{"@type":"ReadAction","target":["https:\/\/kamenicky.art\/produkt\/abstract-graffiti-2\/"]}]},{"@type":"ImageObject","inLanguage":"ar","@id":"https:\/\/kamenicky.art\/produkt\/abstract-graffiti-2\/#primaryimage","url":"https:\/\/kamenicky.art\/wp-content\/uploads\/2025\/08\/Nr-217-ABSTRACT-GRAFITI-_2_.jpg","contentUrl":"https:\/\/kamenicky.art\/wp-content\/uploads\/2025\/08\/Nr-217-ABSTRACT-GRAFITI-_2_.jpg","width":2048,"height":1598},{"@type":"BreadcrumbList","@id":"https:\/\/kamenicky.art\/produkt\/abstract-graffiti-2\/#breadcrumb","itemListElement":[{"@type":"ListItem","position":1,"name":"Home","item":"https:\/\/kamenicky.art\/"},{"@type":"ListItem","position":2,"name":"Obchod","item":"https:\/\/kamenicky.art\/?page_id=567"},{"@type":"ListItem","position":3,"name":"ABSTRACT GRAFFITI 2"}]},{"@type":"WebSite","@id":"https:\/\/kamenicky.art\/#website","url":"https:\/\/kamenicky.art\/","name":"Laco Kamenick\u00fd","description":"","publisher":{"@id":"https:\/\/kamenicky.art\/#organization"},"potentialAction":[{"@type":"SearchAction","target":{"@type":"EntryPoint","urlTemplate":"https:\/\/kamenicky.art\/?s={search_term_string}"},"query-input":{"@type":"PropertyValueSpecification","valueRequired":true,"valueName":"search_term_string"}}],"inLanguage":"ar"},{"@type":"Organization","@id":"https:\/\/kamenicky.art\/#organization","name":"Laco Kamenick\u00fd","url":"https:\/\/kamenicky.art\/","logo":{"@type":"ImageObject","inLanguage":"ar","@id":"https:\/\/kamenicky.art\/#\/schema\/logo\/image\/","url":"https:\/\/kamenicky.art\/wp-content\/uploads\/2025\/07\/logo_lk.jpg","contentUrl":"https:\/\/kamenicky.art\/wp-content\/uploads\/2025\/07\/logo_lk.jpg","width":900,"height":900,"caption":"Laco Kamenick\u00fd"},"image":{"@id":"https:\/\/kamenicky.art\/#\/schema\/logo\/image\/"}}]}},"_links":{"self":[{"href":"https:\/\/kamenicky.art\/ar\/wp-json\/wp\/v2\/product\/1523","targetHints":{"allow":["GET"]}}],"collection":[{"href":"https:\/\/kamenicky.art\/ar\/wp-json\/wp\/v2\/product"}],"about":[{"href":"https:\/\/kamenicky.art\/ar\/wp-json\/wp\/v2\/types\/product"}],"wp:featuredmedia":[{"embeddable":true,"href":"https:\/\/kamenicky.art\/ar\/wp-json\/wp\/v2\/media\/1319"}],"wp:attachment":[{"href":"https:\/\/kamenicky.art\/ar\/wp-json\/wp\/v2\/media?parent=1523"}],"wp:term":[{"taxonomy":"artwork-dimension","embeddable":true,"href":"https:\/\/kamenicky.art\/ar\/wp-json\/wp\/v2\/artwork-dimension?post=1523"},{"taxonomy":"artwork-style","embeddable":true,"href":"https:\/\/kamenicky.art\/ar\/wp-json\/wp\/v2\/artwork-style?post=1523"},{"taxonomy":"artwork-type","embeddable":true,"href":"https:\/\/kamenicky.art\/ar\/wp-json\/wp\/v2\/artwork-type?post=1523"},{"taxonomy":"artwork-year","embeddable":true,"href":"https:\/\/kamenicky.art\/ar\/wp-json\/wp\/v2\/artwork-year?post=1523"},{"taxonomy":"product_brand","embeddable":true,"href":"https:\/\/kamenicky.art\/ar\/wp-json\/wp\/v2\/product_brand?post=1523"},{"taxonomy":"product_cat","embeddable":true,"href":"https:\/\/kamenicky.art\/ar\/wp-json\/wp\/v2\/product_cat?post=1523"},{"taxonomy":"product_tag","embeddable":true,"href":"https:\/\/kamenicky.art\/ar\/wp-json\/wp\/v2\/product_tag?post=1523"}],"curies":[{"name":"wp","href":"https:\/\/api.w.org\/{rel}","templated":true}]}}