{"id":1200,"date":"2024-11-25T16:20:56","date_gmt":"2024-11-25T15:20:56","guid":{"rendered":"https:\/\/kamenicky.art\/?post_type=product&#038;p=1200"},"modified":"2026-01-08T20:02:37","modified_gmt":"2026-01-08T19:02:37","slug":"hmlovina-lk010","status":"publish","type":"product","link":"https:\/\/kamenicky.art\/ar\/product\/hmlovina-lk010\/","title":{"rendered":"\u0627\u0644\u0633\u062f\u064a\u0645 LK010 (\"NEBULA LK010\")"},"content":{"rendered":"<p>\u0641\u064a \u0644\u0648\u062d\u0629 \"Nebula LK010\"\u060c \u064a\u062a\u062d\u0648\u0651\u0644 \u0627\u0644\u0641\u0636\u0627\u0621 \u0625\u0644\u0649 \u0628\u062e\u0627\u0631 \u2014 \u0628\u0637\u064a\u0621\u060c \u0635\u0627\u0645\u062a\u060c \u0648\u0645\u062a\u0651\u0633\u0639. \u0644\u0627 \u062a\u0645\u062a\u0632\u062c \u0637\u0628\u0642\u0627\u062a \u0627\u0644\u0644\u0648\u0646 \u0628\u0644 \u062a\u0637\u0641\u0648 \u062f\u0627\u062e\u0644 \u0628\u0639\u0636\u0647\u0627 \u0627\u0644\u0628\u0639\u0636\u060c \u0643\u0645\u0627 \u0644\u0648 \u0623\u0646 \u0627\u0644\u0648\u0627\u0642\u0639 \u0646\u0641\u0633\u0647 \u0642\u062f \u0630\u0627\u0628 \u0641\u064a \u0636\u0648\u0621 \u0634\u0641\u0627\u0641. \u0644\u064a\u0633\u062a \u0627\u0644\u0636\u0628\u0627\u0628\u064a\u0629 \u0647\u0646\u0627 \u062d\u062c\u0627\u0628\u064b\u0627\u060c \u0628\u0644 \u062d\u0627\u0644\u0629 \u0628\u064a\u0646 \u0627\u0644\u062a\u0643\u0648\u064a\u0646 \u0648\u0627\u0644\u0627\u062e\u062a\u0641\u0627\u0621. \u0645\u0627 \u0643\u0627\u0646 \u0635\u0644\u0628\u064b\u0627 \u064a\u0648\u0645\u064b\u0627 \u064a\u0635\u0628\u062d \u063a\u0628\u0627\u0631\u064b\u0627 \u0648\u062a\u0648\u0647\u0651\u062c\u064b\u0627 \u0648\u0637\u0627\u0642\u0629 \u063a\u064a\u0631 \u0645\u0644\u0645\u0648\u0633\u0629. \u0627\u0644\u0636\u0648\u0621 \u0627\u0644\u0645\u0631\u0643\u0632\u064a \u0644\u064a\u0633 \u0646\u0642\u0637\u0629\u060c \u0628\u0644 \u0635\u062f\u0649 \u062f\u0627\u062e\u0644\u064a \u064a\u0645\u0646\u062d \u0627\u0644\u0634\u0643\u0644 \u062d\u062a\u0649 \u0644\u0645\u0627 \u0644\u0627 \u0634\u0643\u0644 \u0644\u0647. \u0644\u0627 \u062a\u0635\u0648\u0651\u0631 \u0627\u0644\u0644\u0648\u062d\u0629 \u0645\u0634\u0647\u062f\u064b\u0627\u060c \u0628\u0644 \u062a\u062c\u0631\u0628\u0629 \u0627\u0644\u0644\u0627\u0645\u0644\u0645\u0648\u0633 \u2014 \u0643\u0627\u0644\u062d\u0638\u0629 \u0627\u0644\u062a\u064a \u064a\u0636\u064a\u0639 \u0641\u064a\u0647\u0627 \u0627\u0644\u0645\u0631\u0621 \u0641\u064a \u0627\u0644\u0633\u0645\u0627\u0621 \u0648\u064a\u062a\u0648\u0642\u0641 \u0639\u0646 \u0627\u0644\u0628\u062d\u062b \u0639\u0646 \u0623\u0637\u0631\u0627\u0641\u0647\u0627.\n\n\u0641\u064a \u0639\u0644\u0645 \u0627\u0644\u0641\u0644\u0643\u060c \u0627\u0644\u0633\u062f\u0645 (Nebulae) \u0647\u064a \u0623\u0645\u0627\u0643\u0646 \u064a\u0644\u062a\u0642\u064a \u0641\u064a\u0647\u0627 \u0645\u0627\u0636\u064a \u0627\u0644\u0643\u0648\u0646 \u0628\u0645\u0633\u062a\u0642\u0628\u0644\u0647. \u0628\u0642\u0627\u064a\u0627 \u0627\u0644\u0645\u0633\u062a\u0639\u0631\u0627\u062a \u0627\u0644\u0639\u0638\u0645\u0649 \u2014 \u0627\u0644\u063a\u0627\u0632\u0627\u062a \u0627\u0644\u0645\u062a\u0623\u064a\u0646\u0629 \u0648\u0627\u0644\u063a\u0628\u0627\u0631 \u2014 \u062a\u062a\u0643\u0627\u062b\u0641 \u0645\u0646 \u062c\u062f\u064a\u062f \u062a\u062d\u062a \u062a\u0623\u062b\u064a\u0631 \u0627\u0644\u062c\u0627\u0630\u0628\u064a\u0629\u061b \u0648\u0645\u0646 \u0627\u0644\u0641\u0648\u0636\u0649 \u062a\u0648\u0644\u062f \u0623\u0646\u0638\u0645\u0629 \u062c\u062f\u064a\u062f\u0629. \u062a\u062a\u0643\u0634\u0641 \u0647\u0630\u0647 \u0627\u0644\u0639\u0645\u0644\u064a\u0627\u062a \u0639\u0628\u0631 \u0641\u062a\u0631\u0627\u062a \u0632\u0645\u0646\u064a\u0629 \u062a\u062a\u062c\u0627\u0648\u0632 \u0625\u062f\u0631\u0627\u0643 \u0627\u0644\u0625\u0646\u0633\u0627\u0646\u060c \u0648\u0645\u0639 \u0630\u0644\u0643 \u062a\u064f\u0644\u062a\u0642\u0637 \u0641\u064a \u0625\u064a\u0645\u0627\u0621\u0629 \u0627\u0644\u0631\u0633\u0627\u0645 \u0641\u064a \u0644\u062d\u0638\u0629 \u0648\u0627\u062d\u062f\u0629 \u2014 \u0641\u064a \u0648\u0645\u0636\u0629 \u062d\u062f\u0633.\n\u0644\u064a\u0633\u062a \"Nebula LK010\" \u062a\u0645\u062b\u064a\u0644\u0627\u064b \u062d\u0631\u0641\u064a\u064b\u0627 \u0644\u0644\u0643\u0648\u0646\u060c \u0628\u0644 \u0630\u0627\u0643\u0631\u0629 \u0639\u0646\u0647\u060c \u0645\u0633\u062c\u0644\u0629 \u0628\u0627\u0644\u0644\u0648\u0646 \u0648\u0627\u0644\u0625\u064a\u0645\u0627\u0621\u0629 \u0648\u0627\u0644\u0635\u0645\u062a.<\/p>","protected":false},"excerpt":{"rendered":"<p>V diele HMLOVINA LK010 sa priestor men\u00ed na dym \u2013 pomal\u00fd, tich\u00fd, rozp\u00ednaj\u00faci sa. Farebn\u00e9 vrstvy sa neprelievaj\u00fa, ale sk\u00f4r pl\u00e1vaj\u00fa jedna v druhej, ako by sa realita rozpustila v priesvitnom svetle. Tu u\u017e nejde o hmlu ako o clonu, ale o stav medzi formovan\u00edm a miznut\u00edm. V\u0161etko, \u010do sa zdalo pevn\u00e9, sa st\u00e1va prachom, [&hellip;]<\/p>","protected":false},"featured_media":960,"template":"","meta":{"_acf_changed":false,"_editorskit_title_hidden":false,"_editorskit_reading_time":0,"_editorskit_is_block_options_detached":false,"_editorskit_block_options_position":"{}","_monsterinsights_skip_tracking":false,"_monsterinsights_sitenote_active":false,"_monsterinsights_sitenote_note":"","_monsterinsights_sitenote_category":0},"artwork-dimension":[42],"artwork-style":[8],"artwork-type":[11],"artwork-year":[34],"product_brand":[],"product_cat":[337],"product_tag":[],"class_list":{"0":"post-1200","1":"product","2":"type-product","3":"status-publish","4":"has-post-thumbnail","6":"artwork-dimension-160-x-200-cm","7":"artwork-style-acryl-on-canvas","8":"artwork-type-abstract","9":"artwork-year-34","10":"product_cat-nezaradene","12":"first","13":"instock","14":"shipping-taxable","15":"product-type-simple"},"acf":[],"yoast_head":"<!-- This site is optimized with the Yoast SEO plugin v27.0 - https:\/\/yoast.com\/product\/yoast-seo-wordpress\/ -->\n<title>HMLOVINA LK010 - Laco Kamenick\u00fd<\/title>\n<meta name=\"robots\" content=\"index, follow, max-snippet:-1, max-image-preview:large, max-video-preview:-1\" \/>\n<link rel=\"canonical\" href=\"https:\/\/kamenicky.art\/ar\/product\/hmlovina-lk010\/\" \/>\n<meta property=\"og:locale\" content=\"ar_AR\" \/>\n<meta property=\"og:type\" content=\"article\" \/>\n<meta property=\"og:title\" content=\"HMLOVINA LK010 - Laco Kamenick\u00fd\" \/>\n<meta property=\"og:description\" content=\"V diele HMLOVINA LK010 sa priestor men\u00ed na dym \u2013 pomal\u00fd, tich\u00fd, rozp\u00ednaj\u00faci sa. Farebn\u00e9 vrstvy sa neprelievaj\u00fa, ale sk\u00f4r pl\u00e1vaj\u00fa jedna v druhej, ako by sa realita rozpustila v priesvitnom svetle. Tu u\u017e nejde o hmlu ako o clonu, ale o stav medzi formovan\u00edm a miznut\u00edm. V\u0161etko, \u010do sa zdalo pevn\u00e9, sa st\u00e1va prachom, [&hellip;]\" \/>\n<meta property=\"og:url\" content=\"https:\/\/kamenicky.art\/ar\/product\/hmlovina-lk010\/\" \/>\n<meta property=\"og:site_name\" content=\"Laco Kamenick\u00fd\" \/>\n<meta property=\"article:modified_time\" content=\"2026-01-08T19:02:37+00:00\" \/>\n<meta property=\"og:image\" content=\"https:\/\/kamenicky.art\/wp-content\/uploads\/2025\/08\/Nr-206-NEBULA-LK010.jpg\" \/>\n\t<meta property=\"og:image:width\" content=\"2048\" \/>\n\t<meta property=\"og:image:height\" content=\"1635\" \/>\n\t<meta property=\"og:image:type\" content=\"image\/jpeg\" \/>\n<meta name=\"twitter:card\" content=\"summary_large_image\" \/>\n<meta name=\"twitter:label1\" content=\"\u0648\u0642\u062a \u0627\u0644\u0642\u0631\u0627\u0621\u0629 \u0627\u0644\u0645\u064f\u0642\u062f\u0651\u0631\" \/>\n\t<meta name=\"twitter:data1\" content=\"\u062f\u0642\u064a\u0642\u062a\u0627\u0646\" \/>\n<script type=\"application\/ld+json\" class=\"yoast-schema-graph\">{\"@context\":\"https:\/\/schema.org\",\"@graph\":[{\"@type\":\"WebPage\",\"@id\":\"https:\/\/kamenicky.art\/produkt\/hmlovina-lk010\/\",\"url\":\"https:\/\/kamenicky.art\/produkt\/hmlovina-lk010\/\",\"name\":\"HMLOVINA LK010 - Laco Kamenick\u00fd\",\"isPartOf\":{\"@id\":\"https:\/\/kamenicky.art\/#website\"},\"primaryImageOfPage\":{\"@id\":\"https:\/\/kamenicky.art\/produkt\/hmlovina-lk010\/#primaryimage\"},\"image\":{\"@id\":\"https:\/\/kamenicky.art\/produkt\/hmlovina-lk010\/#primaryimage\"},\"thumbnailUrl\":\"https:\/\/kamenicky.art\/wp-content\/uploads\/2025\/08\/Nr-206-NEBULA-LK010.jpg\",\"datePublished\":\"2024-11-25T15:20:56+00:00\",\"dateModified\":\"2026-01-08T19:02:37+00:00\",\"breadcrumb\":{\"@id\":\"https:\/\/kamenicky.art\/produkt\/hmlovina-lk010\/#breadcrumb\"},\"inLanguage\":\"ar\",\"potentialAction\":[{\"@type\":\"ReadAction\",\"target\":[\"https:\/\/kamenicky.art\/produkt\/hmlovina-lk010\/\"]}]},{\"@type\":\"ImageObject\",\"inLanguage\":\"ar\",\"@id\":\"https:\/\/kamenicky.art\/produkt\/hmlovina-lk010\/#primaryimage\",\"url\":\"https:\/\/kamenicky.art\/wp-content\/uploads\/2025\/08\/Nr-206-NEBULA-LK010.jpg\",\"contentUrl\":\"https:\/\/kamenicky.art\/wp-content\/uploads\/2025\/08\/Nr-206-NEBULA-LK010.jpg\",\"width\":2048,\"height\":1635},{\"@type\":\"BreadcrumbList\",\"@id\":\"https:\/\/kamenicky.art\/produkt\/hmlovina-lk010\/#breadcrumb\",\"itemListElement\":[{\"@type\":\"ListItem\",\"position\":1,\"name\":\"Home\",\"item\":\"https:\/\/kamenicky.art\/\"},{\"@type\":\"ListItem\",\"position\":2,\"name\":\"Obchod\",\"item\":\"https:\/\/kamenicky.art\/?page_id=567\"},{\"@type\":\"ListItem\",\"position\":3,\"name\":\"HMLOVINA LK010\"}]},{\"@type\":\"WebSite\",\"@id\":\"https:\/\/kamenicky.art\/#website\",\"url\":\"https:\/\/kamenicky.art\/\",\"name\":\"Laco Kamenick\u00fd\",\"description\":\"\",\"publisher\":{\"@id\":\"https:\/\/kamenicky.art\/#organization\"},\"potentialAction\":[{\"@type\":\"SearchAction\",\"target\":{\"@type\":\"EntryPoint\",\"urlTemplate\":\"https:\/\/kamenicky.art\/?s={search_term_string}\"},\"query-input\":{\"@type\":\"PropertyValueSpecification\",\"valueRequired\":true,\"valueName\":\"search_term_string\"}}],\"inLanguage\":\"ar\"},{\"@type\":\"Organization\",\"@id\":\"https:\/\/kamenicky.art\/#organization\",\"name\":\"Laco Kamenick\u00fd\",\"url\":\"https:\/\/kamenicky.art\/\",\"logo\":{\"@type\":\"ImageObject\",\"inLanguage\":\"ar\",\"@id\":\"https:\/\/kamenicky.art\/#\/schema\/logo\/image\/\",\"url\":\"https:\/\/kamenicky.art\/wp-content\/uploads\/2025\/07\/logo_lk.jpg\",\"contentUrl\":\"https:\/\/kamenicky.art\/wp-content\/uploads\/2025\/07\/logo_lk.jpg\",\"width\":900,\"height\":900,\"caption\":\"Laco Kamenick\u00fd\"},\"image\":{\"@id\":\"https:\/\/kamenicky.art\/#\/schema\/logo\/image\/\"}}]}<\/script>\n<!-- \/ Yoast SEO plugin. -->","yoast_head_json":{"title":"HMLOVINA LK010 - Laco Kamenick\u00fd","robots":{"index":"index","follow":"follow","max-snippet":"max-snippet:-1","max-image-preview":"max-image-preview:large","max-video-preview":"max-video-preview:-1"},"canonical":"https:\/\/kamenicky.art\/ar\/product\/hmlovina-lk010\/","og_locale":"ar_AR","og_type":"article","og_title":"HMLOVINA LK010 - Laco Kamenick\u00fd","og_description":"V diele HMLOVINA LK010 sa priestor men\u00ed na dym \u2013 pomal\u00fd, tich\u00fd, rozp\u00ednaj\u00faci sa. Farebn\u00e9 vrstvy sa neprelievaj\u00fa, ale sk\u00f4r pl\u00e1vaj\u00fa jedna v druhej, ako by sa realita rozpustila v priesvitnom svetle. Tu u\u017e nejde o hmlu ako o clonu, ale o stav medzi formovan\u00edm a miznut\u00edm. V\u0161etko, \u010do sa zdalo pevn\u00e9, sa st\u00e1va prachom, [&hellip;]","og_url":"https:\/\/kamenicky.art\/ar\/product\/hmlovina-lk010\/","og_site_name":"Laco Kamenick\u00fd","article_modified_time":"2026-01-08T19:02:37+00:00","og_image":[{"width":2048,"height":1635,"url":"https:\/\/kamenicky.art\/wp-content\/uploads\/2025\/08\/Nr-206-NEBULA-LK010.jpg","type":"image\/jpeg"}],"twitter_card":"summary_large_image","twitter_misc":{"\u0648\u0642\u062a \u0627\u0644\u0642\u0631\u0627\u0621\u0629 \u0627\u0644\u0645\u064f\u0642\u062f\u0651\u0631":"\u062f\u0642\u064a\u0642\u062a\u0627\u0646"},"schema":{"@context":"https:\/\/schema.org","@graph":[{"@type":"WebPage","@id":"https:\/\/kamenicky.art\/produkt\/hmlovina-lk010\/","url":"https:\/\/kamenicky.art\/produkt\/hmlovina-lk010\/","name":"HMLOVINA LK010 - Laco Kamenick\u00fd","isPartOf":{"@id":"https:\/\/kamenicky.art\/#website"},"primaryImageOfPage":{"@id":"https:\/\/kamenicky.art\/produkt\/hmlovina-lk010\/#primaryimage"},"image":{"@id":"https:\/\/kamenicky.art\/produkt\/hmlovina-lk010\/#primaryimage"},"thumbnailUrl":"https:\/\/kamenicky.art\/wp-content\/uploads\/2025\/08\/Nr-206-NEBULA-LK010.jpg","datePublished":"2024-11-25T15:20:56+00:00","dateModified":"2026-01-08T19:02:37+00:00","breadcrumb":{"@id":"https:\/\/kamenicky.art\/produkt\/hmlovina-lk010\/#breadcrumb"},"inLanguage":"ar","potentialAction":[{"@type":"ReadAction","target":["https:\/\/kamenicky.art\/produkt\/hmlovina-lk010\/"]}]},{"@type":"ImageObject","inLanguage":"ar","@id":"https:\/\/kamenicky.art\/produkt\/hmlovina-lk010\/#primaryimage","url":"https:\/\/kamenicky.art\/wp-content\/uploads\/2025\/08\/Nr-206-NEBULA-LK010.jpg","contentUrl":"https:\/\/kamenicky.art\/wp-content\/uploads\/2025\/08\/Nr-206-NEBULA-LK010.jpg","width":2048,"height":1635},{"@type":"BreadcrumbList","@id":"https:\/\/kamenicky.art\/produkt\/hmlovina-lk010\/#breadcrumb","itemListElement":[{"@type":"ListItem","position":1,"name":"Home","item":"https:\/\/kamenicky.art\/"},{"@type":"ListItem","position":2,"name":"Obchod","item":"https:\/\/kamenicky.art\/?page_id=567"},{"@type":"ListItem","position":3,"name":"HMLOVINA LK010"}]},{"@type":"WebSite","@id":"https:\/\/kamenicky.art\/#website","url":"https:\/\/kamenicky.art\/","name":"Laco Kamenick\u00fd","description":"","publisher":{"@id":"https:\/\/kamenicky.art\/#organization"},"potentialAction":[{"@type":"SearchAction","target":{"@type":"EntryPoint","urlTemplate":"https:\/\/kamenicky.art\/?s={search_term_string}"},"query-input":{"@type":"PropertyValueSpecification","valueRequired":true,"valueName":"search_term_string"}}],"inLanguage":"ar"},{"@type":"Organization","@id":"https:\/\/kamenicky.art\/#organization","name":"Laco Kamenick\u00fd","url":"https:\/\/kamenicky.art\/","logo":{"@type":"ImageObject","inLanguage":"ar","@id":"https:\/\/kamenicky.art\/#\/schema\/logo\/image\/","url":"https:\/\/kamenicky.art\/wp-content\/uploads\/2025\/07\/logo_lk.jpg","contentUrl":"https:\/\/kamenicky.art\/wp-content\/uploads\/2025\/07\/logo_lk.jpg","width":900,"height":900,"caption":"Laco Kamenick\u00fd"},"image":{"@id":"https:\/\/kamenicky.art\/#\/schema\/logo\/image\/"}}]}},"_links":{"self":[{"href":"https:\/\/kamenicky.art\/ar\/wp-json\/wp\/v2\/product\/1200","targetHints":{"allow":["GET"]}}],"collection":[{"href":"https:\/\/kamenicky.art\/ar\/wp-json\/wp\/v2\/product"}],"about":[{"href":"https:\/\/kamenicky.art\/ar\/wp-json\/wp\/v2\/types\/product"}],"wp:featuredmedia":[{"embeddable":true,"href":"https:\/\/kamenicky.art\/ar\/wp-json\/wp\/v2\/media\/960"}],"wp:attachment":[{"href":"https:\/\/kamenicky.art\/ar\/wp-json\/wp\/v2\/media?parent=1200"}],"wp:term":[{"taxonomy":"artwork-dimension","embeddable":true,"href":"https:\/\/kamenicky.art\/ar\/wp-json\/wp\/v2\/artwork-dimension?post=1200"},{"taxonomy":"artwork-style","embeddable":true,"href":"https:\/\/kamenicky.art\/ar\/wp-json\/wp\/v2\/artwork-style?post=1200"},{"taxonomy":"artwork-type","embeddable":true,"href":"https:\/\/kamenicky.art\/ar\/wp-json\/wp\/v2\/artwork-type?post=1200"},{"taxonomy":"artwork-year","embeddable":true,"href":"https:\/\/kamenicky.art\/ar\/wp-json\/wp\/v2\/artwork-year?post=1200"},{"taxonomy":"product_brand","embeddable":true,"href":"https:\/\/kamenicky.art\/ar\/wp-json\/wp\/v2\/product_brand?post=1200"},{"taxonomy":"product_cat","embeddable":true,"href":"https:\/\/kamenicky.art\/ar\/wp-json\/wp\/v2\/product_cat?post=1200"},{"taxonomy":"product_tag","embeddable":true,"href":"https:\/\/kamenicky.art\/ar\/wp-json\/wp\/v2\/product_tag?post=1200"}],"curies":[{"name":"wp","href":"https:\/\/api.w.org\/{rel}","templated":true}]}}